{"id":1214,"date":"2022-11-19T08:47:47","date_gmt":"2022-11-19T08:47:47","guid":{"rendered":"http:\/\/bomberosalcala.org\/?page_id=1214"},"modified":"2023-05-23T06:19:56","modified_gmt":"2023-05-23T06:19:56","slug":"equipos-5-electrobomba","status":"publish","type":"page","link":"https:\/\/bomberosalcala.org\/index.php\/equipos-5-electrobomba\/","title":{"rendered":"EQUIPOS 5. ELECTROBOMBA"},"content":{"rendered":"<h3>OBJETIVO<\/h3>\n<p>Conocer el manejo m\u00e1s eficaz para la electrobomba sumergible MAST PUMPEN ubicadas en M6 y M7.<\/p>\n<p>NECESARIO PARA LA MANIOBRA:<\/p>\n<ul>\n<li>1 Electrobomba Mast Atp (230V)<\/li>\n<li>1 Mangote azul electrobomba (impulsi\u00f3n)<\/li>\n<li>1 manguera de 70 mm<\/li>\n<li>1 adaptador storz 100\/70B<\/li>\n<\/ul>\n<style>\/*! elementor - v3.8.0 - 30-10-2022 *\/<br \/>\n.elementor-widget-image{text-align:center}.elementor-widget-image a{display:inline-block}.elementor-widget-image a img[src$=\".svg\"]{width:48px}.elementor-widget-image img{vertical-align:middle;display:inline-block}<\/style>\n<p>\t\t\t\t\t\t\t\t\t\t\t\t<img decoding=\"async\" width=\"1536\" height=\"1536\" src=\"https:\/\/bomberosalcala.org\/wp-content\/uploads\/2022\/11\/WhatsApp-Image-2022-11-19-at-09.58.00-1536x1536.jpeg\" alt=\"\" loading=\"lazy\" srcset=\"https:\/\/bomberosalcala.org\/wp-content\/uploads\/2022\/11\/WhatsApp-Image-2022-11-19-at-09.58.00-1536x1536.jpeg 1536w, https:\/\/bomberosalcala.org\/wp-content\/uploads\/2022\/11\/WhatsApp-Image-2022-11-19-at-09.58.00-300x300.jpeg 300w, https:\/\/bomberosalcala.org\/wp-content\/uploads\/2022\/11\/WhatsApp-Image-2022-11-19-at-09.58.00-1024x1024.jpeg 1024w, https:\/\/bomberosalcala.org\/wp-content\/uploads\/2022\/11\/WhatsApp-Image-2022-11-19-at-09.58.00-150x150.jpeg 150w, https:\/\/bomberosalcala.org\/wp-content\/uploads\/2022\/11\/WhatsApp-Image-2022-11-19-at-09.58.00-768x768.jpeg 768w, https:\/\/bomberosalcala.org\/wp-content\/uploads\/2022\/11\/WhatsApp-Image-2022-11-19-at-09.58.00.jpeg 2048w\" sizes=\"auto, (max-width: 1536px) 100vw, 1536px\"><\/p>\n<style>\/*! elementor - v3.8.0 - 30-10-2022 *\/<br \/>\n.elementor-heading-title{padding:0;margin:0;line-height:1}.elementor-widget-heading .elementor-heading-title[class*=elementor-size-]>a{color:inherit;font-size:inherit;line-height:inherit}.elementor-widget-heading .elementor-heading-title.elementor-size-small{font-size:15px}.elementor-widget-heading .elementor-heading-title.elementor-size-medium{font-size:19px}.elementor-widget-heading .elementor-heading-title.elementor-size-large{font-size:29px}.elementor-widget-heading .elementor-heading-title.elementor-size-xl{font-size:39px}.elementor-widget-heading .elementor-heading-title.elementor-size-xxl{font-size:59px}<\/style>\n<h2> ESPECIFICACIONES ELECTROBOMBA<\/h2>\n<p>Motor: 230 VPotencia: 1,8 kWRevoluciones: 2900 rpmPeso total (con cable): 27 kgMedidas: 440 x 260 x 410Tama\u00f1o part\u00edculas: 65 mmCable el\u00e9ctrico: 3G1,5 (20 m)<br \/>\n<img decoding=\"async\" width=\"350\" height=\"263\" src=\"https:\/\/bomberosalcala.org\/wp-content\/uploads\/2022\/11\/bomba-inmersion.jpg\" alt=\"\" loading=\"lazy\" srcset=\"https:\/\/bomberosalcala.org\/wp-content\/uploads\/2022\/11\/bomba-inmersion.jpg 350w, https:\/\/bomberosalcala.org\/wp-content\/uploads\/2022\/11\/bomba-inmersion-300x225.jpg 300w\" sizes=\"auto, (max-width: 350px) 100vw, 350px\"><br \/>\n<img decoding=\"async\" width=\"935\" height=\"90\" src=\"https:\/\/bomberosalcala.org\/wp-content\/uploads\/2022\/11\/aa.jpg\" alt=\"\" loading=\"lazy\" srcset=\"https:\/\/bomberosalcala.org\/wp-content\/uploads\/2022\/11\/aa.jpg 935w, https:\/\/bomberosalcala.org\/wp-content\/uploads\/2022\/11\/aa-300x29.jpg 300w, https:\/\/bomberosalcala.org\/wp-content\/uploads\/2022\/11\/aa-768x74.jpg 768w\" sizes=\"auto, (max-width: 935px) 100vw, 935px\"><\/p>\n<h3>1. USO CORRECTO DE LA ELECTROBOMBA SEG\u00daN FABRICANTE.<\/h3>\n<p><strong>1.1&nbsp;<\/strong>El fabricante nos indica que en el primer tramo de impulsi\u00f3n deberemos conectar el mangote para as\u00ed evitar posibles pliegues.&nbsp;<\/p>\n<p>Una vez conectado el mangote, ya podremos conectar a continuaci\u00f3n mangueras de 70 mm usando el adaptador storz\/barcelona.<\/p>\n<div style=\"width: 640px;\" class=\"wp-video\"><video class=\"wp-video-shortcode\" id=\"video-1214-1\" width=\"640\" height=\"360\" preload=\"metadata\" controls=\"controls\"><source type=\"video\/mp4\" src=\"https:\/\/bomberosalcala.org\/wp-content\/uploads\/2022\/12\/whatsapp-video-2022-12-03-at-104230_013QdNwp.mp4?_=1\" \/><a href=\"https:\/\/bomberosalcala.org\/wp-content\/uploads\/2022\/12\/whatsapp-video-2022-12-03-at-104230_013QdNwp.mp4\">https:\/\/bomberosalcala.org\/wp-content\/uploads\/2022\/12\/whatsapp-video-2022-12-03-at-104230_013QdNwp.mp4<\/a><\/video><\/div>\n<h3>2. MANEJO M\u00c1S SIMPLE Y EFICAZ PARA LA ELECTROBOMBA.<br \/>\n(A PARTE DE LAS INDICACIONES DE FABRICANTE SE HA COMPROBADO QUE ESTE ES EL USO M\u00c1S OPERATIVO)<\/h3>\n<p><strong>&nbsp;<\/strong><\/p>\n<p><strong>1.1<\/strong> A pesar de venir acompa\u00f1ada por mangotes, esta bomba no los necesita ya que con ellos no es capaz de superar ninguna altura geom\u00e9trica de aspiraci\u00f3n.<\/p>\n<p><strong>&nbsp;<\/strong><\/p>\n<p><strong>1.2<\/strong> El fabricante nos especifica que los mangotes deben ir en la toma de impulsi\u00f3n pero aqu\u00ed comprobamos tambi\u00e9n su efectividad con una simple manguera de 70 mm acopl\u00e1ndola gracias a una reducci\u00f3n storz\/barcelona.<\/p>\n<p><img decoding=\"async\" width=\"660\" height=\"1024\" src=\"https:\/\/bomberosalcala.org\/wp-content\/uploads\/2022\/11\/WhatsApp-Image-2022-11-19-at-10.47.28-660x1024.jpeg\" alt=\"\" loading=\"lazy\" srcset=\"https:\/\/bomberosalcala.org\/wp-content\/uploads\/2022\/11\/WhatsApp-Image-2022-11-19-at-10.47.28-660x1024.jpeg 660w, https:\/\/bomberosalcala.org\/wp-content\/uploads\/2022\/11\/WhatsApp-Image-2022-11-19-at-10.47.28-193x300.jpeg 193w, https:\/\/bomberosalcala.org\/wp-content\/uploads\/2022\/11\/WhatsApp-Image-2022-11-19-at-10.47.28-768x1192.jpeg 768w, https:\/\/bomberosalcala.org\/wp-content\/uploads\/2022\/11\/WhatsApp-Image-2022-11-19-at-10.47.28-990x1536.jpeg 990w, https:\/\/bomberosalcala.org\/wp-content\/uploads\/2022\/11\/WhatsApp-Image-2022-11-19-at-10.47.28.jpeg 1031w\" sizes=\"auto, (max-width: 660px) 100vw, 660px\"><\/p>\n<p><strong>1.3<\/strong> Atamos una cuerda al extremo de la electrobomba que nos ayudar\u00e1 a situarla donde se quiera.<\/p>\n<div style=\"width: 640px;\" class=\"wp-video\"><video class=\"wp-video-shortcode\" id=\"video-1214-2\" width=\"640\" height=\"360\" preload=\"metadata\" controls=\"controls\"><source type=\"video\/mp4\" src=\"https:\/\/bomberosalcala.org\/wp-content\/uploads\/2022\/11\/WhatsApp-Video-2022-11-19-at-10.45.50.mp4?_=2\" \/><a href=\"https:\/\/bomberosalcala.org\/wp-content\/uploads\/2022\/11\/WhatsApp-Video-2022-11-19-at-10.45.50.mp4\">https:\/\/bomberosalcala.org\/wp-content\/uploads\/2022\/11\/WhatsApp-Video-2022-11-19-at-10.45.50.mp4<\/a><\/video><\/div>\n<p><strong>1.4<\/strong> Una vez ubicada solo queda enchufarla para que empiece a succionar.<\/p>\n<h3>3. DEMOSTRACI\u00d3N DE <b>MANEJO INEFICAZ<\/b> CON MANGOTE EN LA TOMA DE ASPIRACI\u00d3N.<\/h3>\n<div style=\"width: 640px;\" class=\"wp-video\"><video class=\"wp-video-shortcode\" id=\"video-1214-3\" width=\"640\" height=\"360\" preload=\"metadata\" controls=\"controls\"><source type=\"video\/mp4\" src=\"https:\/\/bomberosalcala.org\/wp-content\/uploads\/2022\/11\/WhatsApp-Video-2022-11-19-at-11.08.41-1.mp4?_=3\" \/><a href=\"https:\/\/bomberosalcala.org\/wp-content\/uploads\/2022\/11\/WhatsApp-Video-2022-11-19-at-11.08.41-1.mp4\">https:\/\/bomberosalcala.org\/wp-content\/uploads\/2022\/11\/WhatsApp-Video-2022-11-19-at-11.08.41-1.mp4<\/a><\/video><\/div>\n<p><strong>3.1<\/strong> Colocamos err\u00f3neamente el mangote en la toma de aspiraci\u00f3n confirmando su ineficacia con la electrobomba sin sumergir.<\/p>\n<div style=\"width: 640px;\" class=\"wp-video\"><video class=\"wp-video-shortcode\" id=\"video-1214-4\" width=\"640\" height=\"360\" preload=\"metadata\" controls=\"controls\"><source type=\"video\/mp4\" src=\"https:\/\/bomberosalcala.org\/wp-content\/uploads\/2022\/11\/WhatsApp-Video-2022-11-19-at-11.14.18.mp4?_=4\" \/><a href=\"https:\/\/bomberosalcala.org\/wp-content\/uploads\/2022\/11\/WhatsApp-Video-2022-11-19-at-11.14.18.mp4\">https:\/\/bomberosalcala.org\/wp-content\/uploads\/2022\/11\/WhatsApp-Video-2022-11-19-at-11.14.18.mp4<\/a><\/video><\/div>\n<p><strong>3.2<\/strong> Comprobamos que colocando el mangote a la misma altura que la toma de aspiraci\u00f3n si que llegar\u00eda a succionar.<\/p>\n<p>\u00a1IMPORTANTE! A PESAR DE SU OPERATIVIDAD NO SE DEBE USAR DE ESTE MODO.<\/p>\n<h3>4. CONCLUSI\u00d3N<\/h3>\n<ul>\n<li>Hemos demostrado que a pesar de venir acompa\u00f1ada con mangotes, esta electrobomba no los necesita para su correcto funcionamiento.<\/li>\n<li>Tambi\u00e9n hemos verificado su correcta impulsi\u00f3n con una manguera de 70mm. (Punto 2)<\/li>\n<li>Comprendemos que los mangotes pueden inducir a error (tendencia a pensar que son de aspiraci\u00f3n) por eso recalcamos que no se deben colocar en la toma de aspiraci\u00f3n.<\/li>\n<\/ul>\n<div style=\"width: 640px;\" class=\"wp-video\"><video class=\"wp-video-shortcode\" id=\"video-1214-5\" width=\"640\" height=\"360\" preload=\"metadata\" controls=\"controls\"><source type=\"video\/mp4\" src=\"https:\/\/bomberosalcala.org\/wp-content\/uploads\/2022\/11\/WhatsApp-Video-2022-11-19-at-11.29.39.mp4?_=5\" \/><a href=\"https:\/\/bomberosalcala.org\/wp-content\/uploads\/2022\/11\/WhatsApp-Video-2022-11-19-at-11.29.39.mp4\">https:\/\/bomberosalcala.org\/wp-content\/uploads\/2022\/11\/WhatsApp-Video-2022-11-19-at-11.29.39.mp4<\/a><\/video><\/div>\n<p><strong>4.1<\/strong> USO CORRECTO con el mangote en la toma de impulsi\u00f3n y<strong> NO DE ASPIRACION<\/strong>.<\/p>\n","protected":false},"excerpt":{"rendered":"<p>OBJETIVO Conocer el manejo m\u00e1s eficaz para la electrobomba sumergible MAST PUMPEN ubicadas en M6 y M7. NECESARIO PARA LA MANIOBRA: 1 Electrobomba Mast Atp (230V) 1 Mangote azul electrobomba (impulsi\u00f3n) 1 manguera de 70 mm 1 adaptador storz 100\/70B ESPECIFICACIONES ELECTROBOMBA Motor: 230 VPotencia: 1,8 kWRevoluciones: 2900 rpmPeso total (con cable): 27 kgMedidas: 440 [&hellip;]<\/p>\n","protected":false},"author":1,"featured_media":0,"parent":0,"menu_order":0,"comment_status":"closed","ping_status":"closed","template":"","meta":{"_monsterinsights_skip_tracking":false,"_monsterinsights_sitenote_active":false,"_monsterinsights_sitenote_note":"","_monsterinsights_sitenote_category":0,"footnotes":""},"class_list":["post-1214","page","type-page","status-publish","hentry"],"aioseo_notices":[],"_links":{"self":[{"href":"https:\/\/bomberosalcala.org\/index.php\/wp-json\/wp\/v2\/pages\/1214","targetHints":{"allow":["GET"]}}],"collection":[{"href":"https:\/\/bomberosalcala.org\/index.php\/wp-json\/wp\/v2\/pages"}],"about":[{"href":"https:\/\/bomberosalcala.org\/index.php\/wp-json\/wp\/v2\/types\/page"}],"author":[{"embeddable":true,"href":"https:\/\/bomberosalcala.org\/index.php\/wp-json\/wp\/v2\/users\/1"}],"replies":[{"embeddable":true,"href":"https:\/\/bomberosalcala.org\/index.php\/wp-json\/wp\/v2\/comments?post=1214"}],"version-history":[{"count":81,"href":"https:\/\/bomberosalcala.org\/index.php\/wp-json\/wp\/v2\/pages\/1214\/revisions"}],"predecessor-version":[{"id":2250,"href":"https:\/\/bomberosalcala.org\/index.php\/wp-json\/wp\/v2\/pages\/1214\/revisions\/2250"}],"wp:attachment":[{"href":"https:\/\/bomberosalcala.org\/index.php\/wp-json\/wp\/v2\/media?parent=1214"}],"curies":[{"name":"wp","href":"https:\/\/api.w.org\/{rel}","templated":true}]}}