{"id":1313,"date":"2022-11-20T09:01:38","date_gmt":"2022-11-20T09:01:38","guid":{"rendered":"http:\/\/bomberosalcala.org\/?page_id=1313"},"modified":"2023-05-23T06:18:54","modified_gmt":"2023-05-23T06:18:54","slug":"equipos-16-uso-y-manejo-del-kit-dielectrico-fusibles","status":"publish","type":"page","link":"https:\/\/bomberosalcala.org\/index.php\/equipos-16-uso-y-manejo-del-kit-dielectrico-fusibles\/","title":{"rendered":"EQUIPOS 16. USO Y MANEJO DEL KIT DIEL\u00c9CTRICO (FUSIBLES)"},"content":{"rendered":"<section data-id=\"ce9eeb7\" data-element_type=\"section\">\n<h2>OBJETIVO<\/h2>\n<\/section>\n<section data-id=\"2a8cc74\" data-element_type=\"section\">Aprender conocimientos b\u00e1sicos sobre la retirada efectiva de fusibles.<\/p>\n<\/section>\n<section data-id=\"653a445\" data-element_type=\"section\">NECESARIO PARA LA MANIOBRA:<\/p>\n<ul>\n<li>1 Casco F1 UNE-EN 443<\/li>\n<li>1 Alicate diel\u00e9ctrico 1000V<\/li>\n<li>1 Par guantes de trabajo UNE EN-388<\/li>\n<li>1 Par guantes diel\u00e9ctricos clase 3 (26500V) UNE EN-60903<\/li>\n<li>1 Par de botas UNE EN-15090<\/li>\n<li>1 Guante extractor de fusibles 1000V<\/li>\n<\/ul>\n<\/section>\n<style>\/*! elementor - v3.8.0 - 30-10-2022 *\/<br \/>\n.elementor-widget-image{text-align:center}.elementor-widget-image a{display:inline-block}.elementor-widget-image a img[src$=\".svg\"]{width:48px}.elementor-widget-image img{vertical-align:middle;display:inline-block}<\/style>\n<p>\t\t\t\t\t\t\t\t\t\t\t\t<img decoding=\"async\" width=\"2000\" height=\"900\" src=\"https:\/\/bomberosalcala.org\/wp-content\/uploads\/2022\/11\/WhatsApp-Image-2022-11-19-at-12.29.46.jpeg\" alt=\"\" loading=\"lazy\" srcset=\"https:\/\/bomberosalcala.org\/wp-content\/uploads\/2022\/11\/WhatsApp-Image-2022-11-19-at-12.29.46.jpeg 2000w, https:\/\/bomberosalcala.org\/wp-content\/uploads\/2022\/11\/WhatsApp-Image-2022-11-19-at-12.29.46-300x135.jpeg 300w, https:\/\/bomberosalcala.org\/wp-content\/uploads\/2022\/11\/WhatsApp-Image-2022-11-19-at-12.29.46-1024x461.jpeg 1024w, https:\/\/bomberosalcala.org\/wp-content\/uploads\/2022\/11\/WhatsApp-Image-2022-11-19-at-12.29.46-768x346.jpeg 768w, https:\/\/bomberosalcala.org\/wp-content\/uploads\/2022\/11\/WhatsApp-Image-2022-11-19-at-12.29.46-1536x691.jpeg 1536w\" sizes=\"auto, (max-width: 2000px) 100vw, 2000px\"><\/p>\n<style>\/*! elementor - v3.8.0 - 30-10-2022 *\/<br \/>\n.elementor-heading-title{padding:0;margin:0;line-height:1}.elementor-widget-heading .elementor-heading-title[class*=elementor-size-]>a{color:inherit;font-size:inherit;line-height:inherit}.elementor-widget-heading .elementor-heading-title.elementor-size-small{font-size:15px}.elementor-widget-heading .elementor-heading-title.elementor-size-medium{font-size:19px}.elementor-widget-heading .elementor-heading-title.elementor-size-large{font-size:29px}.elementor-widget-heading .elementor-heading-title.elementor-size-xl{font-size:39px}.elementor-widget-heading .elementor-heading-title.elementor-size-xxl{font-size:59px}<\/style>\n<h3>1. PROTECCI\u00d3N NECESARIA PARA LA MANIPULACI\u00d3N DE FUSIBLES.<\/h3>\n<p><img decoding=\"async\" src=\"https:\/\/bomberosalcala.org\/wp-content\/uploads\/2022\/11\/WhatsApp-Image-2022-11-19-at-12.29.46-2.jpeg\" title=\"WhatsApp Image 2022-11-19 at 12.29.46 (2)\" alt=\"WhatsApp Image 2022-11-19 at 12.29.46 (2)\"><\/p>\n<p><strong>1.1<\/strong> Guantes de trabajo.<\/p>\n<p><img decoding=\"async\" width=\"2000\" height=\"900\" src=\"https:\/\/bomberosalcala.org\/wp-content\/uploads\/2022\/11\/WhatsApp-Image-2022-11-19-at-12.29.47.jpeg\" alt=\"\" loading=\"lazy\" srcset=\"https:\/\/bomberosalcala.org\/wp-content\/uploads\/2022\/11\/WhatsApp-Image-2022-11-19-at-12.29.47.jpeg 2000w, https:\/\/bomberosalcala.org\/wp-content\/uploads\/2022\/11\/WhatsApp-Image-2022-11-19-at-12.29.47-300x135.jpeg 300w, https:\/\/bomberosalcala.org\/wp-content\/uploads\/2022\/11\/WhatsApp-Image-2022-11-19-at-12.29.47-1024x461.jpeg 1024w, https:\/\/bomberosalcala.org\/wp-content\/uploads\/2022\/11\/WhatsApp-Image-2022-11-19-at-12.29.47-768x346.jpeg 768w, https:\/\/bomberosalcala.org\/wp-content\/uploads\/2022\/11\/WhatsApp-Image-2022-11-19-at-12.29.47-1536x691.jpeg 1536w\" sizes=\"auto, (max-width: 2000px) 100vw, 2000px\"><\/p>\n<p><strong>1.2<\/strong> Guantes diel\u00e9ctricos colocados encima de los guantes de trabajo.<\/p>\n<p><img decoding=\"async\" width=\"1024\" height=\"461\" src=\"https:\/\/bomberosalcala.org\/wp-content\/uploads\/2022\/11\/WhatsApp-Image-2022-11-19-at-12.29.47-1-1024x461.jpeg\" alt=\"\" loading=\"lazy\" srcset=\"https:\/\/bomberosalcala.org\/wp-content\/uploads\/2022\/11\/WhatsApp-Image-2022-11-19-at-12.29.47-1-1024x461.jpeg 1024w, https:\/\/bomberosalcala.org\/wp-content\/uploads\/2022\/11\/WhatsApp-Image-2022-11-19-at-12.29.47-1-300x135.jpeg 300w, https:\/\/bomberosalcala.org\/wp-content\/uploads\/2022\/11\/WhatsApp-Image-2022-11-19-at-12.29.47-1-768x346.jpeg 768w, https:\/\/bomberosalcala.org\/wp-content\/uploads\/2022\/11\/WhatsApp-Image-2022-11-19-at-12.29.47-1-1536x691.jpeg 1536w, https:\/\/bomberosalcala.org\/wp-content\/uploads\/2022\/11\/WhatsApp-Image-2022-11-19-at-12.29.47-1.jpeg 2000w\" sizes=\"auto, (max-width: 1024px) 100vw, 1024px\"><\/p>\n<p><strong>1.3<\/strong> Por \u00faltimo, colocaci\u00f3n del guante extractor.<\/p>\n<h3>2. CONOCIMIENTO DEL MATERIAL.<\/h3>\n<p><img decoding=\"async\" width=\"1024\" height=\"1024\" src=\"https:\/\/bomberosalcala.org\/wp-content\/uploads\/2022\/11\/WhatsApp-Image-2022-11-20-at-11.12.11-1024x1024.jpeg\" alt=\"\" loading=\"lazy\" srcset=\"https:\/\/bomberosalcala.org\/wp-content\/uploads\/2022\/11\/WhatsApp-Image-2022-11-20-at-11.12.11-1024x1024.jpeg 1024w, https:\/\/bomberosalcala.org\/wp-content\/uploads\/2022\/11\/WhatsApp-Image-2022-11-20-at-11.12.11-300x300.jpeg 300w, https:\/\/bomberosalcala.org\/wp-content\/uploads\/2022\/11\/WhatsApp-Image-2022-11-20-at-11.12.11-150x150.jpeg 150w, https:\/\/bomberosalcala.org\/wp-content\/uploads\/2022\/11\/WhatsApp-Image-2022-11-20-at-11.12.11-768x768.jpeg 768w, https:\/\/bomberosalcala.org\/wp-content\/uploads\/2022\/11\/WhatsApp-Image-2022-11-20-at-11.12.11-1536x1536.jpeg 1536w, https:\/\/bomberosalcala.org\/wp-content\/uploads\/2022\/11\/WhatsApp-Image-2022-11-20-at-11.12.11.jpeg 2048w\" sizes=\"auto, (max-width: 1024px) 100vw, 1024px\"><\/p>\n<p><strong>2.1<\/strong> Caja de fusibles.<\/p>\n<p><strong>\u00a1IMPORTANTE! <\/strong><\/p>\n<p><em>EN LA MEDIDA DE LO POSIBLE LA MANIPULACI\u00d3N DE FUSIBLES DEBER\u00c1 REALIZARSE SIN CARGA.<\/em><\/p>\n<div style=\"width: 640px;\" class=\"wp-video\"><video class=\"wp-video-shortcode\" id=\"video-1313-1\" width=\"640\" height=\"360\" preload=\"metadata\" controls=\"controls\"><source type=\"video\/mp4\" src=\"https:\/\/bomberosalcala.org\/wp-content\/uploads\/2022\/11\/click-fusible.mp4?_=1\" \/><a href=\"https:\/\/bomberosalcala.org\/wp-content\/uploads\/2022\/11\/click-fusible.mp4\">https:\/\/bomberosalcala.org\/wp-content\/uploads\/2022\/11\/click-fusible.mp4<\/a><\/video><\/div>\n<p><strong>2.2<\/strong> Simulaci\u00f3n del accionamiento interior del extractor que realizaremos desde dentro para el enganche del fusible.<\/p>\n<h3>3. PROCEDIMIENTO DE RETIRADA Y PUESTA DE FUSIBLES.<\/h3>\n<div style=\"width: 640px;\" class=\"wp-video\"><video class=\"wp-video-shortcode\" id=\"video-1313-2\" width=\"640\" height=\"360\" preload=\"metadata\" controls=\"controls\"><source type=\"video\/mp4\" src=\"https:\/\/bomberosalcala.org\/wp-content\/uploads\/2022\/11\/retirada-fusible.mp4?_=2\" \/><a href=\"https:\/\/bomberosalcala.org\/wp-content\/uploads\/2022\/11\/retirada-fusible.mp4\">https:\/\/bomberosalcala.org\/wp-content\/uploads\/2022\/11\/retirada-fusible.mp4<\/a><\/video><\/div>\n<p><strong>3.1<\/strong> Retirada del fusible.<\/p>\n<p><strong>\u00a1IMPORTANTE! <\/strong><\/p>\n<p><em>SI SE QUITA EL NEUTRO LO HARIAMOS EN \u00daLTIMO LUGAR PERO A LA HORA DE RESTABLECER LA CORRIENTE LO COLOCARIAMOS EL PRIMERO.<\/em><\/p>\n<div style=\"width: 640px;\" class=\"wp-video\"><video class=\"wp-video-shortcode\" id=\"video-1313-3\" width=\"640\" height=\"360\" preload=\"metadata\" controls=\"controls\"><source type=\"video\/mp4\" src=\"https:\/\/bomberosalcala.org\/wp-content\/uploads\/2022\/11\/puesta-de-fusible.mp4?_=3\" \/><a href=\"https:\/\/bomberosalcala.org\/wp-content\/uploads\/2022\/11\/puesta-de-fusible.mp4\">https:\/\/bomberosalcala.org\/wp-content\/uploads\/2022\/11\/puesta-de-fusible.mp4<\/a><\/video><\/div>\n<p><strong>3.2<\/strong> Puesta del fusible.<\/p>\n<h3>4. SIMULACI\u00d3N DE RETIRADA DE OBJETOS EXTRA\u00d1OS QUE PODR\u00cdAMOS ENCONTRARNOS EN LA POSICI\u00d3N DE FUSIBLES.<\/h3>\n<p><img decoding=\"async\" width=\"461\" height=\"1024\" src=\"https:\/\/bomberosalcala.org\/wp-content\/uploads\/2022\/11\/WhatsApp-Image-2022-11-19-at-12.29.51-1-461x1024.jpeg\" alt=\"\" loading=\"lazy\" srcset=\"https:\/\/bomberosalcala.org\/wp-content\/uploads\/2022\/11\/WhatsApp-Image-2022-11-19-at-12.29.51-1-461x1024.jpeg 461w, https:\/\/bomberosalcala.org\/wp-content\/uploads\/2022\/11\/WhatsApp-Image-2022-11-19-at-12.29.51-1-135x300.jpeg 135w, https:\/\/bomberosalcala.org\/wp-content\/uploads\/2022\/11\/WhatsApp-Image-2022-11-19-at-12.29.51-1-768x1707.jpeg 768w, https:\/\/bomberosalcala.org\/wp-content\/uploads\/2022\/11\/WhatsApp-Image-2022-11-19-at-12.29.51-1-691x1536.jpeg 691w, https:\/\/bomberosalcala.org\/wp-content\/uploads\/2022\/11\/WhatsApp-Image-2022-11-19-at-12.29.51-1.jpeg 900w\" sizes=\"auto, (max-width: 461px) 100vw, 461px\"><\/p>\n<p><strong>4.1<\/strong> Varilla ferrosa colocada en lugar del fusible.<\/p>\n<div style=\"width: 640px;\" class=\"wp-video\"><video class=\"wp-video-shortcode\" id=\"video-1313-4\" width=\"640\" height=\"360\" preload=\"metadata\" controls=\"controls\"><source type=\"video\/mp4\" src=\"https:\/\/bomberosalcala.org\/wp-content\/uploads\/2022\/11\/retirada-palo.mp4?_=4\" \/><a href=\"https:\/\/bomberosalcala.org\/wp-content\/uploads\/2022\/11\/retirada-palo.mp4\">https:\/\/bomberosalcala.org\/wp-content\/uploads\/2022\/11\/retirada-palo.mp4<\/a><\/video><\/div>\n<p><strong>4.2<\/strong> Extracci\u00f3n de la varilla usando alicates diel\u00e9ctricos.<\/p>\n","protected":false},"excerpt":{"rendered":"<p>OBJETIVO Aprender conocimientos b\u00e1sicos sobre la retirada efectiva de fusibles. NECESARIO PARA LA MANIOBRA: 1 Casco F1 UNE-EN 443 1 Alicate diel\u00e9ctrico 1000V 1 Par guantes de trabajo UNE EN-388 1 Par guantes diel\u00e9ctricos clase 3 (26500V) UNE EN-60903 1 Par de botas UNE EN-15090 1 Guante extractor de fusibles 1000V 1. PROTECCI\u00d3N NECESARIA PARA [&hellip;]<\/p>\n","protected":false},"author":1,"featured_media":0,"parent":0,"menu_order":0,"comment_status":"closed","ping_status":"closed","template":"","meta":{"_monsterinsights_skip_tracking":false,"_monsterinsights_sitenote_active":false,"_monsterinsights_sitenote_note":"","_monsterinsights_sitenote_category":0,"footnotes":""},"class_list":["post-1313","page","type-page","status-publish","hentry"],"aioseo_notices":[],"_links":{"self":[{"href":"https:\/\/bomberosalcala.org\/index.php\/wp-json\/wp\/v2\/pages\/1313","targetHints":{"allow":["GET"]}}],"collection":[{"href":"https:\/\/bomberosalcala.org\/index.php\/wp-json\/wp\/v2\/pages"}],"about":[{"href":"https:\/\/bomberosalcala.org\/index.php\/wp-json\/wp\/v2\/types\/page"}],"author":[{"embeddable":true,"href":"https:\/\/bomberosalcala.org\/index.php\/wp-json\/wp\/v2\/users\/1"}],"replies":[{"embeddable":true,"href":"https:\/\/bomberosalcala.org\/index.php\/wp-json\/wp\/v2\/comments?post=1313"}],"version-history":[{"count":55,"href":"https:\/\/bomberosalcala.org\/index.php\/wp-json\/wp\/v2\/pages\/1313\/revisions"}],"predecessor-version":[{"id":1393,"href":"https:\/\/bomberosalcala.org\/index.php\/wp-json\/wp\/v2\/pages\/1313\/revisions\/1393"}],"wp:attachment":[{"href":"https:\/\/bomberosalcala.org\/index.php\/wp-json\/wp\/v2\/media?parent=1313"}],"curies":[{"name":"wp","href":"https:\/\/api.w.org\/{rel}","templated":true}]}}