{"id":1386,"date":"2022-11-26T10:57:07","date_gmt":"2022-11-26T10:57:07","guid":{"rendered":"http:\/\/bomberosalcala.org\/?page_id=1386"},"modified":"2023-05-23T06:22:47","modified_gmt":"2023-05-23T06:22:47","slug":"trafico-3-rescate-en-accidentes-de-circulacion-maniobras-basicas","status":"publish","type":"page","link":"https:\/\/bomberosalcala.org\/index.php\/trafico-3-rescate-en-accidentes-de-circulacion-maniobras-basicas\/","title":{"rendered":"TR\u00c1FICO 3. RESCATE EN ACCIDENTES DE CIRCULACI\u00d3N. MANIOBRAS B\u00c1SICAS"},"content":{"rendered":"<style>\/*! elementor - v3.8.0 - 30-10-2022 *\/<br \/>\n.elementor-heading-title{padding:0;margin:0;line-height:1}.elementor-widget-heading .elementor-heading-title[class*=elementor-size-]>a{color:inherit;font-size:inherit;line-height:inherit}.elementor-widget-heading .elementor-heading-title.elementor-size-small{font-size:15px}.elementor-widget-heading .elementor-heading-title.elementor-size-medium{font-size:19px}.elementor-widget-heading .elementor-heading-title.elementor-size-large{font-size:29px}.elementor-widget-heading .elementor-heading-title.elementor-size-xl{font-size:39px}.elementor-widget-heading .elementor-heading-title.elementor-size-xxl{font-size:59px}<\/style>\n<h2>0bjetivo<\/h2>\n<p>Uso y manejo del collarin y Ferno Ked conjuntamente en un rescate de acidente de trafico.<\/p>\n<p><strong>0. MATERIALES NECESARIOS.<br \/>\n<\/strong><\/p>\n<ul>\n<li>Ferno Ked.<\/li>\n<li>Collarin.<\/li>\n<li>EPIS completo para accidentes de trafico (botas de seguridad, chaquetilla forestal\/mono de rescate, guantes de latex, mascarilla fp2, casco f2&#8230;.)<\/li>\n<\/ul>\n<style>\/*! elementor - v3.8.0 - 30-10-2022 *\/<br \/>\n.elementor-widget-image{text-align:center}.elementor-widget-image a{display:inline-block}.elementor-widget-image a img[src$=\".svg\"]{width:48px}.elementor-widget-image img{vertical-align:middle;display:inline-block}<\/style>\n<p>\t\t\t\t\t\t\t\t\t\t\t\t<img decoding=\"async\" width=\"224\" height=\"300\" src=\"https:\/\/bomberosalcala.org\/wp-content\/uploads\/2022\/11\/vv-224x300.jpg\" alt=\"\" loading=\"lazy\" srcset=\"https:\/\/bomberosalcala.org\/wp-content\/uploads\/2022\/11\/vv-224x300.jpg 224w, https:\/\/bomberosalcala.org\/wp-content\/uploads\/2022\/11\/vv-765x1024.jpg 765w, https:\/\/bomberosalcala.org\/wp-content\/uploads\/2022\/11\/vv-768x1027.jpg 768w, https:\/\/bomberosalcala.org\/wp-content\/uploads\/2022\/11\/vv-1148x1536.jpg 1148w, https:\/\/bomberosalcala.org\/wp-content\/uploads\/2022\/11\/vv.jpg 1196w\" sizes=\"auto, (max-width: 224px) 100vw, 224px\"><\/p>\n<p><strong>1. Colocaci\u00f3n del collar\u00edn.&nbsp;<\/strong><\/p>\n<div style=\"width: 640px;\" class=\"wp-video\"><video class=\"wp-video-shortcode\" id=\"video-1386-1\" width=\"640\" height=\"360\" preload=\"metadata\" controls=\"controls\"><source type=\"video\/mp4\" src=\"https:\/\/bomberosalcala.org\/wp-content\/uploads\/2022\/11\/collarin.mp4?_=1\" \/><a href=\"https:\/\/bomberosalcala.org\/wp-content\/uploads\/2022\/11\/collarin.mp4\">https:\/\/bomberosalcala.org\/wp-content\/uploads\/2022\/11\/collarin.mp4<\/a><\/video><\/div>\n<p>Quitamos los 4 seguros del collarin para liberarlo y poder adaptarlo a la v\u00edctima.<\/p>\n<div style=\"width: 640px;\" class=\"wp-video\"><video class=\"wp-video-shortcode\" id=\"video-1386-2\" width=\"640\" height=\"360\" preload=\"metadata\" controls=\"controls\"><source type=\"video\/mp4\" src=\"https:\/\/bomberosalcala.org\/wp-content\/uploads\/2022\/11\/collarinnn1.mp4?_=2\" \/><a href=\"https:\/\/bomberosalcala.org\/wp-content\/uploads\/2022\/11\/collarinnn1.mp4\">https:\/\/bomberosalcala.org\/wp-content\/uploads\/2022\/11\/collarinnn1.mp4<\/a><\/video><\/div>\n<p>Medimos la altura del cuello y adaptamos el collar\u00edn a dicha altura.<\/p>\n<div style=\"width: 640px;\" class=\"wp-video\"><video class=\"wp-video-shortcode\" id=\"video-1386-3\" width=\"640\" height=\"360\" preload=\"metadata\" controls=\"controls\"><source type=\"video\/mp4\" src=\"https:\/\/bomberosalcala.org\/wp-content\/uploads\/2022\/11\/pelo.mp4?_=3\" \/><a href=\"https:\/\/bomberosalcala.org\/wp-content\/uploads\/2022\/11\/pelo.mp4\">https:\/\/bomberosalcala.org\/wp-content\/uploads\/2022\/11\/pelo.mp4<\/a><\/video><\/div>\n<p>Pasamos el velcro por su hueco para evitar enredos con el cabello.<\/p>\n<div style=\"width: 640px;\" class=\"wp-video\"><video class=\"wp-video-shortcode\" id=\"video-1386-4\" width=\"640\" height=\"360\" preload=\"metadata\" controls=\"controls\"><source type=\"video\/mp4\" src=\"https:\/\/bomberosalcala.org\/wp-content\/uploads\/2022\/11\/colocacion-1.mp4?_=4\" \/><a href=\"https:\/\/bomberosalcala.org\/wp-content\/uploads\/2022\/11\/colocacion-1.mp4\">https:\/\/bomberosalcala.org\/wp-content\/uploads\/2022\/11\/colocacion-1.mp4<\/a><\/video><\/div>\n<p>Hacemos el control cervical y ponemos el cuello en posici\u00f3n vertical. Pasamos primero el collar\u00edn por la parte trasera del cuello y lo cerramos centrandolo con el estern\u00f3n.<\/p>\n<p><strong>!!!!!!EL COLLAR\u00cdN VA SIEMPRE ANTES QUE EL FERNO KED!!!!!!<\/strong><\/p>\n<p><strong>2. Colocaci\u00f3n del ferno ked<\/strong><\/p>\n<div style=\"width: 640px;\" class=\"wp-video\"><video class=\"wp-video-shortcode\" id=\"video-1386-5\" width=\"640\" height=\"360\" preload=\"metadata\" controls=\"controls\"><source type=\"video\/mp4\" src=\"https:\/\/bomberosalcala.org\/wp-content\/uploads\/2022\/11\/fernbo.mp4?_=5\" \/><a href=\"https:\/\/bomberosalcala.org\/wp-content\/uploads\/2022\/11\/fernbo.mp4\">https:\/\/bomberosalcala.org\/wp-content\/uploads\/2022\/11\/fernbo.mp4<\/a><\/video><\/div>\n<p>Introducimos el ferno ked abierto por un lateral mediantes un movimiento oscilatorio y con cuidado de no enrredar las correas p\u00e9lvicas.<\/p>\n<div style=\"width: 640px;\" class=\"wp-video\"><video class=\"wp-video-shortcode\" id=\"video-1386-6\" width=\"640\" height=\"360\" preload=\"metadata\" controls=\"controls\"><source type=\"video\/mp4\" src=\"https:\/\/bomberosalcala.org\/wp-content\/uploads\/2022\/11\/piernas.mp4?_=6\" \/><a href=\"https:\/\/bomberosalcala.org\/wp-content\/uploads\/2022\/11\/piernas.mp4\">https:\/\/bomberosalcala.org\/wp-content\/uploads\/2022\/11\/piernas.mp4<\/a><\/video><\/div>\n<p>Abrochamos las correas p\u00e9lvicas de forma cruzada. (Las pasamos por debajo de las piernas y las cruzamos en la parte delantera )<\/p>\n<div style=\"width: 640px;\" class=\"wp-video\"><video class=\"wp-video-shortcode\" id=\"video-1386-7\" width=\"640\" height=\"360\" preload=\"metadata\" controls=\"controls\"><source type=\"video\/mp4\" src=\"https:\/\/bomberosalcala.org\/wp-content\/uploads\/2022\/11\/cintas.mp4?_=7\" \/><a href=\"https:\/\/bomberosalcala.org\/wp-content\/uploads\/2022\/11\/cintas.mp4\">https:\/\/bomberosalcala.org\/wp-content\/uploads\/2022\/11\/cintas.mp4<\/a><\/video><\/div>\n<p>Abrochamos las cintas de abajo hacia arriba pero sin ejercer demasiada presi\u00f3n, mas adelante las terminaremos de ajustar. Hay que dejar los brazos por fuera de las correas.<\/p>\n<div style=\"width: 640px;\" class=\"wp-video\"><video class=\"wp-video-shortcode\" id=\"video-1386-8\" width=\"640\" height=\"360\" preload=\"metadata\" controls=\"controls\"><source type=\"video\/mp4\" src=\"https:\/\/bomberosalcala.org\/wp-content\/uploads\/2022\/11\/almohadilla.mp4?_=8\" \/><a href=\"https:\/\/bomberosalcala.org\/wp-content\/uploads\/2022\/11\/almohadilla.mp4\">https:\/\/bomberosalcala.org\/wp-content\/uploads\/2022\/11\/almohadilla.mp4<\/a><\/video><\/div>\n<p>Rellenamos el espacio que hay entre la abeza y el Ferno ked.<\/p>\n<div style=\"width: 640px;\" class=\"wp-video\"><video class=\"wp-video-shortcode\" id=\"video-1386-9\" width=\"640\" height=\"360\" preload=\"metadata\" controls=\"controls\"><source type=\"video\/mp4\" src=\"https:\/\/bomberosalcala.org\/wp-content\/uploads\/2022\/11\/velcro.mp4?_=9\" \/><a href=\"https:\/\/bomberosalcala.org\/wp-content\/uploads\/2022\/11\/velcro.mp4\">https:\/\/bomberosalcala.org\/wp-content\/uploads\/2022\/11\/velcro.mp4<\/a><\/video><\/div>\n<p>Colocar las alas superiores a ambos lados de la cabeza sujet\u00e1ndolas con las cintas de frente y ment\u00f3n.<\/p>\n<div style=\"width: 640px;\" class=\"wp-video\"><video class=\"wp-video-shortcode\" id=\"video-1386-10\" width=\"640\" height=\"360\" preload=\"metadata\" controls=\"controls\"><source type=\"video\/mp4\" src=\"https:\/\/bomberosalcala.org\/wp-content\/uploads\/2022\/11\/final.mp4?_=10\" \/><a href=\"https:\/\/bomberosalcala.org\/wp-content\/uploads\/2022\/11\/final.mp4\">https:\/\/bomberosalcala.org\/wp-content\/uploads\/2022\/11\/final.mp4<\/a><\/video><\/div>\n<p>Realizaremos el ultimo ajuste de las correas pero siempre de manera suave. Colocaremos los brazos de la victima entrelazadas para que nos sea m\u00e1s f\u00e1cil la extracci\u00f3n. Por \u00faltimo cogeremos&nbsp; a la v\u00edctima por las asas del ferno ked y las piernas para finalmente proceder a la extracci\u00f3n.<\/p>\n<p><strong>3. Im\u00e1genes de una posible situaci\u00f3n real.<\/strong><\/p>\n<p><img decoding=\"async\" width=\"1024\" height=\"765\" src=\"https:\/\/bomberosalcala.org\/wp-content\/uploads\/2022\/11\/WhatsApp-Image-2022-11-24-at-16.44.33-1024x765.jpeg\" alt=\"\" loading=\"lazy\" srcset=\"https:\/\/bomberosalcala.org\/wp-content\/uploads\/2022\/11\/WhatsApp-Image-2022-11-24-at-16.44.33-1024x765.jpeg 1024w, https:\/\/bomberosalcala.org\/wp-content\/uploads\/2022\/11\/WhatsApp-Image-2022-11-24-at-16.44.33-300x224.jpeg 300w, https:\/\/bomberosalcala.org\/wp-content\/uploads\/2022\/11\/WhatsApp-Image-2022-11-24-at-16.44.33-768x574.jpeg 768w, https:\/\/bomberosalcala.org\/wp-content\/uploads\/2022\/11\/WhatsApp-Image-2022-11-24-at-16.44.33-1536x1148.jpeg 1536w, https:\/\/bomberosalcala.org\/wp-content\/uploads\/2022\/11\/WhatsApp-Image-2022-11-24-at-16.44.33.jpeg 1600w\" sizes=\"auto, (max-width: 1024px) 100vw, 1024px\"><br \/>\n<img decoding=\"async\" width=\"1024\" height=\"765\" src=\"https:\/\/bomberosalcala.org\/wp-content\/uploads\/2022\/11\/WhatsApp-Image-2022-11-24-at-16.43.56-1-1024x765.jpeg\" alt=\"\" loading=\"lazy\" srcset=\"https:\/\/bomberosalcala.org\/wp-content\/uploads\/2022\/11\/WhatsApp-Image-2022-11-24-at-16.43.56-1-1024x765.jpeg 1024w, https:\/\/bomberosalcala.org\/wp-content\/uploads\/2022\/11\/WhatsApp-Image-2022-11-24-at-16.43.56-1-300x224.jpeg 300w, https:\/\/bomberosalcala.org\/wp-content\/uploads\/2022\/11\/WhatsApp-Image-2022-11-24-at-16.43.56-1-768x574.jpeg 768w, https:\/\/bomberosalcala.org\/wp-content\/uploads\/2022\/11\/WhatsApp-Image-2022-11-24-at-16.43.56-1-1536x1148.jpeg 1536w, https:\/\/bomberosalcala.org\/wp-content\/uploads\/2022\/11\/WhatsApp-Image-2022-11-24-at-16.43.56-1.jpeg 1600w\" sizes=\"auto, (max-width: 1024px) 100vw, 1024px\"><br \/>\n<img decoding=\"async\" width=\"1024\" height=\"765\" src=\"https:\/\/bomberosalcala.org\/wp-content\/uploads\/2022\/11\/WhatsApp-Image-2022-11-24-at-16.43.56-2-1024x765.jpeg\" alt=\"\" loading=\"lazy\" srcset=\"https:\/\/bomberosalcala.org\/wp-content\/uploads\/2022\/11\/WhatsApp-Image-2022-11-24-at-16.43.56-2-1024x765.jpeg 1024w, https:\/\/bomberosalcala.org\/wp-content\/uploads\/2022\/11\/WhatsApp-Image-2022-11-24-at-16.43.56-2-300x224.jpeg 300w, https:\/\/bomberosalcala.org\/wp-content\/uploads\/2022\/11\/WhatsApp-Image-2022-11-24-at-16.43.56-2-768x574.jpeg 768w, https:\/\/bomberosalcala.org\/wp-content\/uploads\/2022\/11\/WhatsApp-Image-2022-11-24-at-16.43.56-2-1536x1148.jpeg 1536w, https:\/\/bomberosalcala.org\/wp-content\/uploads\/2022\/11\/WhatsApp-Image-2022-11-24-at-16.43.56-2.jpeg 1600w\" sizes=\"auto, (max-width: 1024px) 100vw, 1024px\"><br \/>\n<img decoding=\"async\" width=\"1024\" height=\"765\" src=\"https:\/\/bomberosalcala.org\/wp-content\/uploads\/2022\/11\/WhatsApp-Image-2022-11-24-at-16.43.561-1024x765.jpeg\" alt=\"\" loading=\"lazy\" srcset=\"https:\/\/bomberosalcala.org\/wp-content\/uploads\/2022\/11\/WhatsApp-Image-2022-11-24-at-16.43.561-1024x765.jpeg 1024w, https:\/\/bomberosalcala.org\/wp-content\/uploads\/2022\/11\/WhatsApp-Image-2022-11-24-at-16.43.561-300x224.jpeg 300w, https:\/\/bomberosalcala.org\/wp-content\/uploads\/2022\/11\/WhatsApp-Image-2022-11-24-at-16.43.561-768x574.jpeg 768w, https:\/\/bomberosalcala.org\/wp-content\/uploads\/2022\/11\/WhatsApp-Image-2022-11-24-at-16.43.561-1536x1148.jpeg 1536w, https:\/\/bomberosalcala.org\/wp-content\/uploads\/2022\/11\/WhatsApp-Image-2022-11-24-at-16.43.561.jpeg 1600w\" sizes=\"auto, (max-width: 1024px) 100vw, 1024px\"><\/p>\n","protected":false},"excerpt":{"rendered":"<p>0bjetivo Uso y manejo del collarin y Ferno Ked conjuntamente en un rescate de acidente de trafico. 0. MATERIALES NECESARIOS. Ferno Ked. Collarin. EPIS completo para accidentes de trafico (botas de seguridad, chaquetilla forestal\/mono de rescate, guantes de latex, mascarilla fp2, casco f2&#8230;.) 1. Colocaci\u00f3n del collar\u00edn.&nbsp; https:\/\/bomberosalcala.org\/wp-content\/uploads\/2022\/11\/collarin.mp4 Quitamos los 4 seguros del collarin para [&hellip;]<\/p>\n","protected":false},"author":1,"featured_media":0,"parent":0,"menu_order":0,"comment_status":"closed","ping_status":"closed","template":"","meta":{"_monsterinsights_skip_tracking":false,"_monsterinsights_sitenote_active":false,"_monsterinsights_sitenote_note":"","_monsterinsights_sitenote_category":0,"footnotes":""},"class_list":["post-1386","page","type-page","status-publish","hentry"],"aioseo_notices":[],"_links":{"self":[{"href":"https:\/\/bomberosalcala.org\/index.php\/wp-json\/wp\/v2\/pages\/1386","targetHints":{"allow":["GET"]}}],"collection":[{"href":"https:\/\/bomberosalcala.org\/index.php\/wp-json\/wp\/v2\/pages"}],"about":[{"href":"https:\/\/bomberosalcala.org\/index.php\/wp-json\/wp\/v2\/types\/page"}],"author":[{"embeddable":true,"href":"https:\/\/bomberosalcala.org\/index.php\/wp-json\/wp\/v2\/users\/1"}],"replies":[{"embeddable":true,"href":"https:\/\/bomberosalcala.org\/index.php\/wp-json\/wp\/v2\/comments?post=1386"}],"version-history":[{"count":24,"href":"https:\/\/bomberosalcala.org\/index.php\/wp-json\/wp\/v2\/pages\/1386\/revisions"}],"predecessor-version":[{"id":2253,"href":"https:\/\/bomberosalcala.org\/index.php\/wp-json\/wp\/v2\/pages\/1386\/revisions\/2253"}],"wp:attachment":[{"href":"https:\/\/bomberosalcala.org\/index.php\/wp-json\/wp\/v2\/media?parent=1386"}],"curies":[{"name":"wp","href":"https:\/\/api.w.org\/{rel}","templated":true}]}}