{"id":1409,"date":"2022-11-26T19:25:18","date_gmt":"2022-11-26T19:25:18","guid":{"rendered":"http:\/\/bomberosalcala.org\/?page_id=1409"},"modified":"2023-05-23T06:22:59","modified_gmt":"2023-05-23T06:22:59","slug":"trato-herido-1-desa-y-soporte-vital-basico","status":"publish","type":"page","link":"https:\/\/bomberosalcala.org\/index.php\/trato-herido-1-desa-y-soporte-vital-basico\/","title":{"rendered":"TRATO HERIDO 1. DESA Y SOPORTE VITAL B\u00c1SICO"},"content":{"rendered":"<style>\/*! elementor - v3.8.0 - 30-10-2022 *\/<br \/>\n.elementor-heading-title{padding:0;margin:0;line-height:1}.elementor-widget-heading .elementor-heading-title[class*=elementor-size-]>a{color:inherit;font-size:inherit;line-height:inherit}.elementor-widget-heading .elementor-heading-title.elementor-size-small{font-size:15px}.elementor-widget-heading .elementor-heading-title.elementor-size-medium{font-size:19px}.elementor-widget-heading .elementor-heading-title.elementor-size-large{font-size:29px}.elementor-widget-heading .elementor-heading-title.elementor-size-xl{font-size:39px}.elementor-widget-heading .elementor-heading-title.elementor-size-xxl{font-size:59px}<\/style>\n<h2>OBJETIVO<\/h2>\n<p>Repaso del soporte vital b\u00e1sico. OVACE (Obstrucci\u00f3n de v\u00edas a\u00e9reas por cuerpos extra\u00f1os) PCR (Parada cardio respiratoria) con DESA (Desfibrilador semi-autom\u00e1tico) y PLS (Posici\u00f3n lateral de seguridad)<\/p>\n<h2>MATERIAL NECESARIO<\/h2>\n<p>&#8211; DESA de entrenamiento<\/p>\n<p>&#8211; Maniqu\u00ed de entrenamiento PCR<\/p>\n<h2>1\/3 OVACE (Obstrucci\u00f3n V\u00edas A\u00e9reas por Cuerpo Extra\u00f1o)<\/h2>\n<p>ADULTOS:<\/p>\n<p>&#8211; 1.- ANIMAR A TOSER<\/p>\n<p>&#8211; 2.- 5 PALMADAS ENTRE ESC\u00c1PULAS<\/p>\n<p>-3.- 5 COMPRESIONES (MANIOBRA DE HEIMLICH)<\/p>\n<div style=\"width: 640px;\" class=\"wp-video\"><video class=\"wp-video-shortcode\" id=\"video-1409-1\" width=\"640\" height=\"360\" preload=\"metadata\" controls=\"controls\"><source type=\"video\/mp4\" src=\"https:\/\/bomberosalcala.org\/wp-content\/uploads\/2022\/11\/OVACE-ADULTOS_1-Tose-2.mp4https:\/\/bomberosalcala.org\/wp-content\/uploads\/2022\/11\/OVACE-ADULTOS_2-palmadas.mp4https:\/\/bomberosalcala.org\/wp-content\/uploads\/2022\/11\/OVACE-ADULTOS_Heimlicjh.mp4?_=1\" \/><a href=\"https:\/\/bomberosalcala.org\/wp-content\/uploads\/2022\/11\/OVACE-ADULTOS_1-Tose-2.mp4https:\/\/bomberosalcala.org\/wp-content\/uploads\/2022\/11\/OVACE-ADULTOS_2-palmadas.mp4https:\/\/bomberosalcala.org\/wp-content\/uploads\/2022\/11\/OVACE-ADULTOS_Heimlicjh.mp4\">https:\/\/bomberosalcala.org\/wp-content\/uploads\/2022\/11\/OVACE-ADULTOS_1-Tose-2.mp4https:\/\/bomberosalcala.org\/wp-content\/uploads\/2022\/11\/OVACE-ADULTOS_2-palmadas.mp4https:\/\/bomberosalcala.org\/wp-content\/uploads\/2022\/11\/OVACE-ADULTOS_Heimlicjh.mp4<\/a><\/video><\/div>\n<h2>2\/3 PCR (Parada Cardio Respiratoria)<\/h2>\n<style>\/*! elementor - v3.8.0 - 30-10-2022 *\/<br \/>\n.elementor-widget-image{text-align:center}.elementor-widget-image a{display:inline-block}.elementor-widget-image a img[src$=\".svg\"]{width:48px}.elementor-widget-image img{vertical-align:middle;display:inline-block}<\/style>\n<p>\t\t\t\t\t\t\t\t\t\t\t\t<img decoding=\"async\" width=\"768\" height=\"904\" src=\"https:\/\/bomberosalcala.org\/wp-content\/uploads\/2022\/11\/Secuencia-de-Actuacion-768x904.jpg\" alt=\"\" loading=\"lazy\" srcset=\"https:\/\/bomberosalcala.org\/wp-content\/uploads\/2022\/11\/Secuencia-de-Actuacion-768x904.jpg 768w, https:\/\/bomberosalcala.org\/wp-content\/uploads\/2022\/11\/Secuencia-de-Actuacion-255x300.jpg 255w, https:\/\/bomberosalcala.org\/wp-content\/uploads\/2022\/11\/Secuencia-de-Actuacion-870x1024.jpg 870w, https:\/\/bomberosalcala.org\/wp-content\/uploads\/2022\/11\/Secuencia-de-Actuacion.jpg 980w\" sizes=\"auto, (max-width: 768px) 100vw, 768px\"><br \/>\nhttps:\/\/bomberosalcala.org\/wp-content\/uploads\/2022\/11\/PCR_1_ConcienciaALERTAR.mp4https:\/\/bomberosalcala.org\/wp-content\/uploads\/2022\/11\/PCR_2_Apertura-vias.mp4https:\/\/bomberosalcala.org\/wp-content\/uploads\/2022\/11\/PCR_2_1_ComprResp.mp4https:\/\/bomberosalcala.org\/wp-content\/uploads\/2022\/11\/PCR_3_Masaje-Cardiaco.mp4https:\/\/www.youtube.com\/watch?v=D5o-lKfogb0<\/p>\n<h2>3\/3 Posici\u00f3n lateral de seguridad<\/h2>\n<p><iframe loading=\"lazy\" title=\"C\u00f3mo se realiza correctamente la posicio\u0301n lateral de seguridad \ud83d\udc64\" width=\"500\" height=\"281\" src=\"https:\/\/www.youtube.com\/embed\/8VBD4W9LYzw?feature=oembed\" frameborder=\"0\" allow=\"accelerometer; autoplay; clipboard-write; encrypted-media; gyroscope; picture-in-picture; web-share\" referrerpolicy=\"strict-origin-when-cross-origin\" allowfullscreen><\/iframe><\/p>\n","protected":false},"excerpt":{"rendered":"<p>OBJETIVO Repaso del soporte vital b\u00e1sico. OVACE (Obstrucci\u00f3n de v\u00edas a\u00e9reas por cuerpos extra\u00f1os) PCR (Parada cardio respiratoria) con DESA (Desfibrilador semi-autom\u00e1tico) y PLS (Posici\u00f3n lateral de seguridad) MATERIAL NECESARIO &#8211; DESA de entrenamiento &#8211; Maniqu\u00ed de entrenamiento PCR 1\/3 OVACE (Obstrucci\u00f3n V\u00edas A\u00e9reas por Cuerpo Extra\u00f1o) ADULTOS: &#8211; 1.- ANIMAR A TOSER &#8211; 2.- [&hellip;]<\/p>\n","protected":false},"author":1,"featured_media":0,"parent":0,"menu_order":0,"comment_status":"closed","ping_status":"closed","template":"","meta":{"_monsterinsights_skip_tracking":false,"_monsterinsights_sitenote_active":false,"_monsterinsights_sitenote_note":"","_monsterinsights_sitenote_category":0,"footnotes":""},"class_list":["post-1409","page","type-page","status-publish","hentry"],"aioseo_notices":[],"_links":{"self":[{"href":"https:\/\/bomberosalcala.org\/index.php\/wp-json\/wp\/v2\/pages\/1409","targetHints":{"allow":["GET"]}}],"collection":[{"href":"https:\/\/bomberosalcala.org\/index.php\/wp-json\/wp\/v2\/pages"}],"about":[{"href":"https:\/\/bomberosalcala.org\/index.php\/wp-json\/wp\/v2\/types\/page"}],"author":[{"embeddable":true,"href":"https:\/\/bomberosalcala.org\/index.php\/wp-json\/wp\/v2\/users\/1"}],"replies":[{"embeddable":true,"href":"https:\/\/bomberosalcala.org\/index.php\/wp-json\/wp\/v2\/comments?post=1409"}],"version-history":[{"count":30,"href":"https:\/\/bomberosalcala.org\/index.php\/wp-json\/wp\/v2\/pages\/1409\/revisions"}],"predecessor-version":[{"id":1703,"href":"https:\/\/bomberosalcala.org\/index.php\/wp-json\/wp\/v2\/pages\/1409\/revisions\/1703"}],"wp:attachment":[{"href":"https:\/\/bomberosalcala.org\/index.php\/wp-json\/wp\/v2\/media?parent=1409"}],"curies":[{"name":"wp","href":"https:\/\/api.w.org\/{rel}","templated":true}]}}