{"id":1412,"date":"2022-11-26T19:55:47","date_gmt":"2022-11-26T19:55:47","guid":{"rendered":"http:\/\/bomberosalcala.org\/?page_id=1412"},"modified":"2023-05-23T06:22:25","modified_gmt":"2023-05-23T06:22:25","slug":"rescate-1-nudos","status":"publish","type":"page","link":"https:\/\/bomberosalcala.org\/index.php\/rescate-1-nudos\/","title":{"rendered":"RESCATE 1. NUDOS"},"content":{"rendered":"<style>\/*! elementor - v3.8.0 - 30-10-2022 *\/<br \/>\n.elementor-heading-title{padding:0;margin:0;line-height:1}.elementor-widget-heading .elementor-heading-title[class*=elementor-size-]>a{color:inherit;font-size:inherit;line-height:inherit}.elementor-widget-heading .elementor-heading-title.elementor-size-small{font-size:15px}.elementor-widget-heading .elementor-heading-title.elementor-size-medium{font-size:19px}.elementor-widget-heading .elementor-heading-title.elementor-size-large{font-size:29px}.elementor-widget-heading .elementor-heading-title.elementor-size-xl{font-size:39px}.elementor-widget-heading .elementor-heading-title.elementor-size-xxl{font-size:59px}<\/style>\n<h3>OBJETIVO: APRENDIZAJE DE NUDOS.<\/h3>\n<div style=\"width: 640px;\" class=\"wp-video\"><video class=\"wp-video-shortcode\" id=\"video-1412-1\" width=\"640\" height=\"360\" preload=\"metadata\" controls=\"controls\"><source type=\"video\/mp4\" src=\"https:\/\/bomberosalcala.org\/wp-content\/uploads\/2022\/11\/8-simple.mp4?_=1\" \/><a href=\"https:\/\/bomberosalcala.org\/wp-content\/uploads\/2022\/11\/8-simple.mp4\">https:\/\/bomberosalcala.org\/wp-content\/uploads\/2022\/11\/8-simple.mp4<\/a><\/video><\/div>\n<p>Nudo ocho simple.<\/p>\n<div style=\"width: 640px;\" class=\"wp-video\"><video class=\"wp-video-shortcode\" id=\"video-1412-2\" width=\"640\" height=\"360\" preload=\"metadata\" controls=\"controls\"><source type=\"video\/mp4\" src=\"https:\/\/bomberosalcala.org\/wp-content\/uploads\/2022\/11\/8-doble.mp4?_=2\" \/><a href=\"https:\/\/bomberosalcala.org\/wp-content\/uploads\/2022\/11\/8-doble.mp4\">https:\/\/bomberosalcala.org\/wp-content\/uploads\/2022\/11\/8-doble.mp4<\/a><\/video><\/div>\n<p>Nudo de ocho con gaza<\/p>\n<div style=\"width: 640px;\" class=\"wp-video\"><video class=\"wp-video-shortcode\" id=\"video-1412-3\" width=\"640\" height=\"360\" preload=\"metadata\" controls=\"controls\"><source type=\"video\/mp4\" src=\"https:\/\/bomberosalcala.org\/wp-content\/uploads\/2022\/11\/8-con-doble-gaza.mp4?_=3\" \/><a href=\"https:\/\/bomberosalcala.org\/wp-content\/uploads\/2022\/11\/8-con-doble-gaza.mp4\">https:\/\/bomberosalcala.org\/wp-content\/uploads\/2022\/11\/8-con-doble-gaza.mp4<\/a><\/video><\/div>\n<p>Nudo ocho con doble gaza.<\/p>\n<div style=\"width: 640px;\" class=\"wp-video\"><video class=\"wp-video-shortcode\" id=\"video-1412-4\" width=\"640\" height=\"360\" preload=\"metadata\" controls=\"controls\"><source type=\"video\/mp4\" src=\"https:\/\/bomberosalcala.org\/wp-content\/uploads\/2022\/11\/8-cocido.mp4?_=4\" \/><a href=\"https:\/\/bomberosalcala.org\/wp-content\/uploads\/2022\/11\/8-cocido.mp4\">https:\/\/bomberosalcala.org\/wp-content\/uploads\/2022\/11\/8-cocido.mp4<\/a><\/video><\/div>\n<p>Nudo de ocho cosido.<\/p>\n<div style=\"width: 640px;\" class=\"wp-video\"><video class=\"wp-video-shortcode\" id=\"video-1412-5\" width=\"640\" height=\"360\" preload=\"metadata\" controls=\"controls\"><source type=\"video\/mp4\" src=\"https:\/\/bomberosalcala.org\/wp-content\/uploads\/2022\/11\/ballestrinque.mp4?_=5\" \/><a href=\"https:\/\/bomberosalcala.org\/wp-content\/uploads\/2022\/11\/ballestrinque.mp4\">https:\/\/bomberosalcala.org\/wp-content\/uploads\/2022\/11\/ballestrinque.mp4<\/a><\/video><\/div>\n<p>Nudo Ballestrinque<\/p>\n<div style=\"width: 640px;\" class=\"wp-video\"><video class=\"wp-video-shortcode\" id=\"video-1412-6\" width=\"640\" height=\"360\" preload=\"metadata\" controls=\"controls\"><source type=\"video\/mp4\" src=\"https:\/\/bomberosalcala.org\/wp-content\/uploads\/2022\/11\/dinamico-bloqueado.mp4?_=6\" \/><a href=\"https:\/\/bomberosalcala.org\/wp-content\/uploads\/2022\/11\/dinamico-bloqueado.mp4\">https:\/\/bomberosalcala.org\/wp-content\/uploads\/2022\/11\/dinamico-bloqueado.mp4<\/a><\/video><\/div>\n<p>Nudo Din\u00e1mico ( Bloqueado)<\/p>\n<div style=\"width: 640px;\" class=\"wp-video\"><video class=\"wp-video-shortcode\" id=\"video-1412-7\" width=\"640\" height=\"360\" preload=\"metadata\" controls=\"controls\"><source type=\"video\/mp4\" src=\"https:\/\/bomberosalcala.org\/wp-content\/uploads\/2022\/11\/mariposa.mp4?_=7\" \/><a href=\"https:\/\/bomberosalcala.org\/wp-content\/uploads\/2022\/11\/mariposa.mp4\">https:\/\/bomberosalcala.org\/wp-content\/uploads\/2022\/11\/mariposa.mp4<\/a><\/video><\/div>\n<p>Nudo Mariposa.<\/p>\n<div style=\"width: 640px;\" class=\"wp-video\"><video class=\"wp-video-shortcode\" id=\"video-1412-8\" width=\"640\" height=\"360\" preload=\"metadata\" controls=\"controls\"><source type=\"video\/mp4\" src=\"https:\/\/bomberosalcala.org\/wp-content\/uploads\/2022\/11\/As-de-guia.mp4?_=8\" \/><a href=\"https:\/\/bomberosalcala.org\/wp-content\/uploads\/2022\/11\/As-de-guia.mp4\">https:\/\/bomberosalcala.org\/wp-content\/uploads\/2022\/11\/As-de-guia.mp4<\/a><\/video><\/div>\n<p>Nudo As de Gu\u00eda.<\/p>\n<div style=\"width: 640px;\" class=\"wp-video\"><video class=\"wp-video-shortcode\" id=\"video-1412-9\" width=\"640\" height=\"360\" preload=\"metadata\" controls=\"controls\"><source type=\"video\/mp4\" src=\"https:\/\/bomberosalcala.org\/wp-content\/uploads\/2022\/11\/prusik.mp4?_=9\" \/><a href=\"https:\/\/bomberosalcala.org\/wp-content\/uploads\/2022\/11\/prusik.mp4\">https:\/\/bomberosalcala.org\/wp-content\/uploads\/2022\/11\/prusik.mp4<\/a><\/video><\/div>\n<p>Nudo Prusik.<\/p>\n<div style=\"width: 640px;\" class=\"wp-video\"><video class=\"wp-video-shortcode\" id=\"video-1412-10\" width=\"640\" height=\"360\" preload=\"metadata\" controls=\"controls\"><source type=\"video\/mp4\" src=\"https:\/\/bomberosalcala.org\/wp-content\/uploads\/2022\/11\/pescador-doble.mp4?_=10\" \/><a href=\"https:\/\/bomberosalcala.org\/wp-content\/uploads\/2022\/11\/pescador-doble.mp4\">https:\/\/bomberosalcala.org\/wp-content\/uploads\/2022\/11\/pescador-doble.mp4<\/a><\/video><\/div>\n<p>Nudo pescador doble ( Uni\u00f3n de cuerdas)<\/p>\n<p>Los nudos que aqu\u00ed se exponen han sido creados por el instructor de Rescate Acu\u00e1tico: Alejandro C Giordano Raftguide-training.com y Karma turismo activo y est\u00e1n expuestos en la cuenta de Youtube <a dir=\"auto\" spellcheck=\"false\" href=\"https:\/\/www.youtube.com\/@KarmaturismoactivoAndalucia\">Karma Turismo Activo<\/a><\/p>\n","protected":false},"excerpt":{"rendered":"<p>OBJETIVO: APRENDIZAJE DE NUDOS. https:\/\/bomberosalcala.org\/wp-content\/uploads\/2022\/11\/8-simple.mp4 Nudo ocho simple. https:\/\/bomberosalcala.org\/wp-content\/uploads\/2022\/11\/8-doble.mp4 Nudo de ocho con gaza https:\/\/bomberosalcala.org\/wp-content\/uploads\/2022\/11\/8-con-doble-gaza.mp4 Nudo ocho con doble gaza. https:\/\/bomberosalcala.org\/wp-content\/uploads\/2022\/11\/8-cocido.mp4 Nudo de ocho cosido. https:\/\/bomberosalcala.org\/wp-content\/uploads\/2022\/11\/ballestrinque.mp4 Nudo Ballestrinque https:\/\/bomberosalcala.org\/wp-content\/uploads\/2022\/11\/dinamico-bloqueado.mp4 Nudo Din\u00e1mico ( Bloqueado) https:\/\/bomberosalcala.org\/wp-content\/uploads\/2022\/11\/mariposa.mp4 Nudo Mariposa. https:\/\/bomberosalcala.org\/wp-content\/uploads\/2022\/11\/As-de-guia.mp4 Nudo As de Gu\u00eda. https:\/\/bomberosalcala.org\/wp-content\/uploads\/2022\/11\/prusik.mp4 Nudo Prusik. https:\/\/bomberosalcala.org\/wp-content\/uploads\/2022\/11\/pescador-doble.mp4 Nudo pescador doble ( Uni\u00f3n de cuerdas) Los nudos que [&hellip;]<\/p>\n","protected":false},"author":1,"featured_media":0,"parent":0,"menu_order":0,"comment_status":"closed","ping_status":"closed","template":"","meta":{"_monsterinsights_skip_tracking":false,"_monsterinsights_sitenote_active":false,"_monsterinsights_sitenote_note":"","_monsterinsights_sitenote_category":0,"footnotes":""},"class_list":["post-1412","page","type-page","status-publish","hentry"],"aioseo_notices":[],"_links":{"self":[{"href":"https:\/\/bomberosalcala.org\/index.php\/wp-json\/wp\/v2\/pages\/1412","targetHints":{"allow":["GET"]}}],"collection":[{"href":"https:\/\/bomberosalcala.org\/index.php\/wp-json\/wp\/v2\/pages"}],"about":[{"href":"https:\/\/bomberosalcala.org\/index.php\/wp-json\/wp\/v2\/types\/page"}],"author":[{"embeddable":true,"href":"https:\/\/bomberosalcala.org\/index.php\/wp-json\/wp\/v2\/users\/1"}],"replies":[{"embeddable":true,"href":"https:\/\/bomberosalcala.org\/index.php\/wp-json\/wp\/v2\/comments?post=1412"}],"version-history":[{"count":21,"href":"https:\/\/bomberosalcala.org\/index.php\/wp-json\/wp\/v2\/pages\/1412\/revisions"}],"predecessor-version":[{"id":1702,"href":"https:\/\/bomberosalcala.org\/index.php\/wp-json\/wp\/v2\/pages\/1412\/revisions\/1702"}],"wp:attachment":[{"href":"https:\/\/bomberosalcala.org\/index.php\/wp-json\/wp\/v2\/media?parent=1412"}],"curies":[{"name":"wp","href":"https:\/\/api.w.org\/{rel}","templated":true}]}}