{"id":1705,"date":"2023-01-30T08:12:15","date_gmt":"2023-01-30T08:12:15","guid":{"rendered":"http:\/\/bomberosalcala.org\/?page_id=1705"},"modified":"2023-05-23T06:18:00","modified_gmt":"2023-05-23T06:18:00","slug":"equipos-1-manejo-de-bombas","status":"publish","type":"page","link":"https:\/\/bomberosalcala.org\/index.php\/equipos-1-manejo-de-bombas\/","title":{"rendered":"EQUIPOS 1. MANEJO DE BOMBAS"},"content":{"rendered":"<style>\/*! elementor - v3.8.0 - 30-10-2022 *\/<br \/>\n.elementor-heading-title{padding:0;margin:0;line-height:1}.elementor-widget-heading .elementor-heading-title[class*=elementor-size-]>a{color:inherit;font-size:inherit;line-height:inherit}.elementor-widget-heading .elementor-heading-title.elementor-size-small{font-size:15px}.elementor-widget-heading .elementor-heading-title.elementor-size-medium{font-size:19px}.elementor-widget-heading .elementor-heading-title.elementor-size-large{font-size:29px}.elementor-widget-heading .elementor-heading-title.elementor-size-xl{font-size:39px}.elementor-widget-heading .elementor-heading-title.elementor-size-xxl{font-size:59px}<\/style>\n<h2>Descargar ficha de la pr\u00e1ctica:<\/h2>\n<p><a href=\"https:\/\/bomberosalcala.org\/index.php\/sdm_downloads\/prueba-2\/\" role=\"button\"><br \/>\nDESCARGAR FICHA PR\u00c1CTICA<br \/>\n<\/a><\/p>\n<h2>OBJETIVO<\/h2>\n<h2>1\/5 Autobomba BUL-M5<\/h2>\n<p>Maniobras necesarias para el uso de las distintas autobombas. Distintas configuraciones.<\/p>\n<p><strong>CONEXI\u00d3N DE BOMBA:<\/strong><\/p>\n<p>&#8211; Embragando, s\u00f3lo pulsar bot\u00f3n de toma fuerza<\/p>\n<p>&#8211; Para quitarla NO hace falta pisar embrague<\/p>\n<div style=\"width: 640px;\" class=\"wp-video\"><video class=\"wp-video-shortcode\" id=\"video-1705-1\" width=\"640\" height=\"360\" preload=\"metadata\" controls=\"controls\"><source type=\"video\/mp4\" src=\"https:\/\/bomberosalcala.org\/wp-content\/uploads\/2023\/01\/WhatsApp-Video-2023-01-30-at-13.09.32-2.mp4https:\/\/bomberosalcala.org\/wp-content\/uploads\/2023\/01\/WhatsApp-Video-2023-01-30-at-13.09.13-1.mp4?_=1\" \/><a href=\"https:\/\/bomberosalcala.org\/wp-content\/uploads\/2023\/01\/WhatsApp-Video-2023-01-30-at-13.09.32-2.mp4https:\/\/bomberosalcala.org\/wp-content\/uploads\/2023\/01\/WhatsApp-Video-2023-01-30-at-13.09.13-1.mp4\">https:\/\/bomberosalcala.org\/wp-content\/uploads\/2023\/01\/WhatsApp-Video-2023-01-30-at-13.09.32-2.mp4https:\/\/bomberosalcala.org\/wp-content\/uploads\/2023\/01\/WhatsApp-Video-2023-01-30-at-13.09.13-1.mp4<\/a><\/video><\/div>\n<p><strong>PRECAUCI\u00d3N<\/strong>: Al conectar el toma-fuerza de la bomba <strong>NO DEBE ESTAR CONECTADO EL FRENO MOTOR.<\/strong><\/p>\n<p>Caso de encontrarse conectado, no se podr\u00e1 acelerar la bomba<\/p>\n<div style=\"width: 640px;\" class=\"wp-video\"><video class=\"wp-video-shortcode\" id=\"video-1705-2\" width=\"640\" height=\"360\" preload=\"metadata\" controls=\"controls\"><source type=\"video\/mp4\" src=\"https:\/\/bomberosalcala.org\/wp-content\/uploads\/2023\/01\/WhatsApp-Video-2023-01-30-at-13.09.32.mp4https:\/\/bomberosalcala.org\/wp-content\/uploads\/2023\/01\/WhatsApp-Video-2023-01-30-at-13.09.31.mp4?_=2\" \/><a href=\"https:\/\/bomberosalcala.org\/wp-content\/uploads\/2023\/01\/WhatsApp-Video-2023-01-30-at-13.09.32.mp4https:\/\/bomberosalcala.org\/wp-content\/uploads\/2023\/01\/WhatsApp-Video-2023-01-30-at-13.09.31.mp4\">https:\/\/bomberosalcala.org\/wp-content\/uploads\/2023\/01\/WhatsApp-Video-2023-01-30-at-13.09.32.mp4https:\/\/bomberosalcala.org\/wp-content\/uploads\/2023\/01\/WhatsApp-Video-2023-01-30-at-13.09.31.mp4<\/a><\/video><\/div>\n<p><strong>IMPULSI\u00d3N DESDE EL CARRETE PRONTO SOCORRO:<\/strong><\/p>\n<p>&#8211; Accionar llave de ALTA<\/p>\n<p>&#8211; Accionar llave de CARRETE<\/p>\n<p><strong>RECIRCULACI\u00d3N:<\/strong><\/p>\n<p>En general: ABIERTA<\/p>\n<p>\u00bfCu\u00e1ndo la cerramos?<\/p>\n<p>En incendios estructurales. Para que el c\u00e1lculo hidr\u00e1ulico sea el adecuado (Si la mantenemos abierta, no sabemos la p\u00e9rdida de carga que produce)<\/p>\n<div style=\"width: 640px;\" class=\"wp-video\"><video class=\"wp-video-shortcode\" id=\"video-1705-3\" width=\"640\" height=\"360\" preload=\"metadata\" controls=\"controls\"><source type=\"video\/mp4\" src=\"https:\/\/bomberosalcala.org\/wp-content\/uploads\/2023\/01\/WhatsApp-Video-2023-01-30-at-13.09.21.mp4https:\/\/bomberosalcala.org\/wp-content\/uploads\/2023\/01\/WhatsApp-Video-2023-01-30-at-13.08.51.mp4https:\/\/bomberosalcala.org\/wp-content\/uploads\/2023\/01\/WhatsApp-Video-2023-01-30-at-13.08.34.mp4?_=3\" \/><a href=\"https:\/\/bomberosalcala.org\/wp-content\/uploads\/2023\/01\/WhatsApp-Video-2023-01-30-at-13.09.21.mp4https:\/\/bomberosalcala.org\/wp-content\/uploads\/2023\/01\/WhatsApp-Video-2023-01-30-at-13.08.51.mp4https:\/\/bomberosalcala.org\/wp-content\/uploads\/2023\/01\/WhatsApp-Video-2023-01-30-at-13.08.34.mp4\">https:\/\/bomberosalcala.org\/wp-content\/uploads\/2023\/01\/WhatsApp-Video-2023-01-30-at-13.09.21.mp4https:\/\/bomberosalcala.org\/wp-content\/uploads\/2023\/01\/WhatsApp-Video-2023-01-30-at-13.08.51.mp4https:\/\/bomberosalcala.org\/wp-content\/uploads\/2023\/01\/WhatsApp-Video-2023-01-30-at-13.08.34.mp4<\/a><\/video><\/div>\n<h2>2\/5 Autobomba BUL-M3<\/h2>\n<p>MISMA BOMBA QUE BUL M5. Salvo que no tiene incompatibilidad con el uso del Freno Motor.<\/p>\n<h2>3\/5 Autobomba BNP-M1<\/h2>\n<p>PRECAUCI\u00d3N: Al conectar el toma-fuerza de la bomba NO DEBE ESTAR CONECTADO EL FRENO MOTOR.<\/p>\n<p>Caso de encontrarse conectado, no se podr\u00e1 acelerar la bomba<\/p>\n<h2>4\/5 Autobomba BRP-M6<\/h2>\n<p><strong>3 FORMAS DE CONECTAR BOMBA:<\/strong><\/p>\n<p>1. Desde el pulsador del&nbsp; cuadro de mandos del veh\u00edculo (VOLVO)<\/p>\n<p>2. Desde el panel&nbsp; de control de cabina (FENIKS)<\/p>\n<p>3. Desde el panel trasero de bomba.<\/p>\n<p><strong>PRECAUCI\u00d3N:<\/strong> SI CONECTAS BOMBA DESDE EL PULSADOR 1 (VOLVO) NO PODR\u00c1S ACELERAR LA BOMBA DESDE EL PANEL TRASERO.<\/p>\n<p>PARA QUE FUNCIONE CORRECTAMENTE EL PANEL TRASERO, DEJAR EN <strong>PUNTO MUERTO<\/strong> (N) y ACCIONAR <strong>FRENO DE MANO.<\/strong><\/p>\n<div style=\"width: 640px;\" class=\"wp-video\"><video class=\"wp-video-shortcode\" id=\"video-1705-4\" width=\"640\" height=\"360\" preload=\"metadata\" controls=\"controls\"><source type=\"video\/mp4\" src=\"https:\/\/bomberosalcala.org\/wp-content\/uploads\/2023\/01\/WhatsApp-Video-2023-01-30-at-13.08.33-1.mp4https:\/\/bomberosalcala.org\/wp-content\/uploads\/2023\/01\/WhatsApp-Video-2023-01-30-at-13.08.33.mp4https:\/\/bomberosalcala.org\/wp-content\/uploads\/2023\/01\/WhatsApp-Video-2023-01-30-at-14.33.53-1.mp4?_=4\" \/><a href=\"https:\/\/bomberosalcala.org\/wp-content\/uploads\/2023\/01\/WhatsApp-Video-2023-01-30-at-13.08.33-1.mp4https:\/\/bomberosalcala.org\/wp-content\/uploads\/2023\/01\/WhatsApp-Video-2023-01-30-at-13.08.33.mp4https:\/\/bomberosalcala.org\/wp-content\/uploads\/2023\/01\/WhatsApp-Video-2023-01-30-at-14.33.53-1.mp4\">https:\/\/bomberosalcala.org\/wp-content\/uploads\/2023\/01\/WhatsApp-Video-2023-01-30-at-13.08.33-1.mp4https:\/\/bomberosalcala.org\/wp-content\/uploads\/2023\/01\/WhatsApp-Video-2023-01-30-at-13.08.33.mp4https:\/\/bomberosalcala.org\/wp-content\/uploads\/2023\/01\/WhatsApp-Video-2023-01-30-at-14.33.53-1.mp4<\/a><\/video><\/div>\n<p><strong>USO DE BOMBA PARA PASTOS:<\/strong><\/p>\n<p><strong>EN CABINA:<\/strong><\/p>\n<p>&#8211; Conectar bomba desde el panel de control de cabina (FENIKS)<\/p>\n<p>&#8211; Cambio de marchas en posici\u00f3n 1\/1&nbsp;<\/p>\n<p><strong>EN PANEL TRASERO:<\/strong><\/p>\n<p>&#8211; Pulsar en el panel SALIDA DE ALTA 1 o 2<\/p>\n<p>&#8211; Abrir llave de paso<\/p>\n<p>USO DE ESTABILIZACNI\u00d3N:<\/p>\n<p>&#8211; Abrir lanza (Quitar presi\u00f3n de caudal 0)<\/p>\n<p>&#8211; Seleccionar Presi\u00f3n requerida<\/p>\n<p>&#8211; Pulsar ESTABILIZAR<\/p>\n<div style=\"width: 640px;\" class=\"wp-video\"><video class=\"wp-video-shortcode\" id=\"video-1705-5\" width=\"640\" height=\"360\" preload=\"metadata\" controls=\"controls\"><source type=\"video\/mp4\" src=\"https:\/\/bomberosalcala.org\/wp-content\/uploads\/2023\/01\/WhatsApp-Video-2023-01-30-at-12.39.03.mp4https:\/\/bomberosalcala.org\/wp-content\/uploads\/2023\/01\/WhatsApp-Video-2023-01-30-at-12.39.04.mp4https:\/\/bomberosalcala.org\/wp-content\/uploads\/2023\/01\/WhatsApp-Video-2023-01-30-at-12.39.06.mp4?_=5\" \/><a href=\"https:\/\/bomberosalcala.org\/wp-content\/uploads\/2023\/01\/WhatsApp-Video-2023-01-30-at-12.39.03.mp4https:\/\/bomberosalcala.org\/wp-content\/uploads\/2023\/01\/WhatsApp-Video-2023-01-30-at-12.39.04.mp4https:\/\/bomberosalcala.org\/wp-content\/uploads\/2023\/01\/WhatsApp-Video-2023-01-30-at-12.39.06.mp4\">https:\/\/bomberosalcala.org\/wp-content\/uploads\/2023\/01\/WhatsApp-Video-2023-01-30-at-12.39.03.mp4https:\/\/bomberosalcala.org\/wp-content\/uploads\/2023\/01\/WhatsApp-Video-2023-01-30-at-12.39.04.mp4https:\/\/bomberosalcala.org\/wp-content\/uploads\/2023\/01\/WhatsApp-Video-2023-01-30-at-12.39.06.mp4<\/a><\/video><\/div>\n<h2>5\/5 Autobomba BRP-M7<\/h2>\n<p>PRECAUCI\u00d3N: Al conectar el toma-fuerza de la bomba:<\/p>\n<p>&#8211; NO PUEDE ESTAR CONECTADO EL CRUISE CONTROL (RELOJ)<\/p>\n<p>&#8211; NO PUEDE ESTAR CONECTADO EL FRENO MOTOR.&nbsp;<\/p>\n<p>&#8211; EL SELECTOR DE MARCHAS SE TIENE QUE ENCONTRAR EN PUNTO MUERTO (N).<\/p>\n<p>&#8211; SI SE CONECTA LA BOMBA DESDE CABINA: No se podr\u00e1 manejar el cuadro de bomba trasero.<\/p>\n<p><strong>PRECAUCI\u00d3N:<\/strong> Al conectar el toma-fuerza de la bomba:<\/p>\n<p>&#8211; EL FRENO DEBE ESTAR ACTIVO.<\/p>\n<p>&#8211; EL SELECTOR DE MARCHAS SE TIENE QUE ENCONTRAR EN PUNTO MUERTO (N)&nbsp;<\/p>\n<p>&#8211; EL PROGRAMA DE VELOCIDAD DEBE MARCAR EL ICONO DEL RELOJ (NO EL CERO)<\/p>\n<p>&#8211; NO PUEDE ESTAR CONECTADO EL FRENO MOTOR.&nbsp;<\/p>\n<p>&#8211; SI SE CONECTA LA BOMBA DESDE CABINA: No se podr\u00e1 manejar el cuadro de bomba trasero.<\/p>\n<div style=\"width: 640px;\" class=\"wp-video\"><video class=\"wp-video-shortcode\" id=\"video-1705-6\" width=\"640\" height=\"360\" preload=\"metadata\" controls=\"controls\"><source type=\"video\/mp4\" src=\"https:\/\/bomberosalcala.org\/wp-content\/uploads\/2023\/01\/M7_1.mp4https:\/\/bomberosalcala.org\/wp-content\/uploads\/2023\/01\/M7_2.mp4https:\/\/bomberosalcala.org\/wp-content\/uploads\/2023\/01\/M7_3.mp4?_=6\" \/><a href=\"https:\/\/bomberosalcala.org\/wp-content\/uploads\/2023\/01\/M7_1.mp4https:\/\/bomberosalcala.org\/wp-content\/uploads\/2023\/01\/M7_2.mp4https:\/\/bomberosalcala.org\/wp-content\/uploads\/2023\/01\/M7_3.mp4\">https:\/\/bomberosalcala.org\/wp-content\/uploads\/2023\/01\/M7_1.mp4https:\/\/bomberosalcala.org\/wp-content\/uploads\/2023\/01\/M7_2.mp4https:\/\/bomberosalcala.org\/wp-content\/uploads\/2023\/01\/M7_3.mp4<\/a><\/video><\/div>\n","protected":false},"excerpt":{"rendered":"<p>Descargar ficha de la pr\u00e1ctica: DESCARGAR FICHA PR\u00c1CTICA OBJETIVO 1\/5 Autobomba BUL-M5 Maniobras necesarias para el uso de las distintas autobombas. Distintas configuraciones. CONEXI\u00d3N DE BOMBA: &#8211; Embragando, s\u00f3lo pulsar bot\u00f3n de toma fuerza &#8211; Para quitarla NO hace falta pisar embrague https:\/\/bomberosalcala.org\/wp-content\/uploads\/2023\/01\/WhatsApp-Video-2023-01-30-at-13.09.32-2.mp4https:\/\/bomberosalcala.org\/wp-content\/uploads\/2023\/01\/WhatsApp-Video-2023-01-30-at-13.09.13-1.mp4 PRECAUCI\u00d3N: Al conectar el toma-fuerza de la bomba NO DEBE ESTAR CONECTADO [&hellip;]<\/p>\n","protected":false},"author":1,"featured_media":0,"parent":0,"menu_order":0,"comment_status":"closed","ping_status":"closed","template":"","meta":{"_monsterinsights_skip_tracking":false,"_monsterinsights_sitenote_active":false,"_monsterinsights_sitenote_note":"","_monsterinsights_sitenote_category":0,"footnotes":""},"class_list":["post-1705","page","type-page","status-publish","hentry"],"aioseo_notices":[],"_links":{"self":[{"href":"https:\/\/bomberosalcala.org\/index.php\/wp-json\/wp\/v2\/pages\/1705","targetHints":{"allow":["GET"]}}],"collection":[{"href":"https:\/\/bomberosalcala.org\/index.php\/wp-json\/wp\/v2\/pages"}],"about":[{"href":"https:\/\/bomberosalcala.org\/index.php\/wp-json\/wp\/v2\/types\/page"}],"author":[{"embeddable":true,"href":"https:\/\/bomberosalcala.org\/index.php\/wp-json\/wp\/v2\/users\/1"}],"replies":[{"embeddable":true,"href":"https:\/\/bomberosalcala.org\/index.php\/wp-json\/wp\/v2\/comments?post=1705"}],"version-history":[{"count":47,"href":"https:\/\/bomberosalcala.org\/index.php\/wp-json\/wp\/v2\/pages\/1705\/revisions"}],"predecessor-version":[{"id":2247,"href":"https:\/\/bomberosalcala.org\/index.php\/wp-json\/wp\/v2\/pages\/1705\/revisions\/2247"}],"wp:attachment":[{"href":"https:\/\/bomberosalcala.org\/index.php\/wp-json\/wp\/v2\/media?parent=1705"}],"curies":[{"name":"wp","href":"https:\/\/api.w.org\/{rel}","templated":true}]}}