{"id":1796,"date":"2023-02-05T08:57:48","date_gmt":"2023-02-05T08:57:48","guid":{"rendered":"http:\/\/bomberosalcala.org\/?page_id=1796"},"modified":"2023-02-06T10:34:00","modified_gmt":"2023-02-06T10:34:00","slug":"equipos-2-aspiracion-por-bomba-de-vehiculo","status":"publish","type":"page","link":"https:\/\/bomberosalcala.org\/index.php\/equipos-2-aspiracion-por-bomba-de-vehiculo\/","title":{"rendered":"EQUIPOS 2. ASPIRACI\u00d3N POR BOMBA DE VEH\u00cdCULO"},"content":{"rendered":"<h3><strong>OBJETIVO<\/strong><\/h3>\n<p>Maniobras necesarias para realizar la aspiraci\u00f3n externa con los distintos veh\u00edculos disponibles en el cuerpo.<\/p>\n<ul>\n<li>Para realizar la aspiraci\u00f3n deberemos conectar la bomba previamente tal y como se describe en la pr\u00e1ctica <em>EQUIPOS 1. MANEJO DE BOMBAS.<\/em><\/li>\n<\/ul>\n<p><strong>MATERIAL NECESARIO PARA LA MANIOBRA:<\/strong><\/p>\n<ul>\n<li>Mangotes de aspiraci\u00f3n 110 mm.<\/li>\n<li>Mangote azul + mangote amarillo opcionales, disponibles en M6.<\/li>\n<li>Diferentes llaves de mangote.<\/li>\n<li>1 v\u00e1lvula de pie para aspiraci\u00f3n + cuerdas de amarre para mangotes.<\/li>\n<li>1 adaptador para toma de aspiraci\u00f3n M6.<\/li>\n<\/ul>\n<style>\/*! elementor - v3.8.0 - 30-10-2022 *\/\n.elementor-widget-image{text-align:center}.elementor-widget-image a{display:inline-block}.elementor-widget-image a img[src$=\".svg\"]{width:48px}.elementor-widget-image img{vertical-align:middle;display:inline-block}<\/style>\n<p>\t\t\t\t\t\t\t\t\t\t\t\t<img decoding=\"async\" width=\"1024\" height=\"1024\" src=\"https:\/\/bomberosalcala.org\/wp-content\/uploads\/2023\/02\/WhatsApp-Image-2023-02-05-at-11.16.46-1024x1024.jpeg\" alt=\"\" loading=\"lazy\" srcset=\"https:\/\/bomberosalcala.org\/wp-content\/uploads\/2023\/02\/WhatsApp-Image-2023-02-05-at-11.16.46-1024x1024.jpeg 1024w, https:\/\/bomberosalcala.org\/wp-content\/uploads\/2023\/02\/WhatsApp-Image-2023-02-05-at-11.16.46-300x300.jpeg 300w, https:\/\/bomberosalcala.org\/wp-content\/uploads\/2023\/02\/WhatsApp-Image-2023-02-05-at-11.16.46-150x150.jpeg 150w, https:\/\/bomberosalcala.org\/wp-content\/uploads\/2023\/02\/WhatsApp-Image-2023-02-05-at-11.16.46-768x768.jpeg 768w, https:\/\/bomberosalcala.org\/wp-content\/uploads\/2023\/02\/WhatsApp-Image-2023-02-05-at-11.16.46-1536x1536.jpeg 1536w, https:\/\/bomberosalcala.org\/wp-content\/uploads\/2023\/02\/WhatsApp-Image-2023-02-05-at-11.16.46.jpeg 2048w\" sizes=\"auto, (max-width: 1024px) 100vw, 1024px\" \/><br \/>\n\t\t\t\t\t\t\t\t\t\t\t\t\t\t\t<img decoding=\"async\" width=\"1024\" height=\"1024\" src=\"https:\/\/bomberosalcala.org\/wp-content\/uploads\/2023\/02\/WhatsApp-Image-2023-02-05-at-11.16.33-1024x1024.jpeg\" alt=\"\" loading=\"lazy\" srcset=\"https:\/\/bomberosalcala.org\/wp-content\/uploads\/2023\/02\/WhatsApp-Image-2023-02-05-at-11.16.33-1024x1024.jpeg 1024w, https:\/\/bomberosalcala.org\/wp-content\/uploads\/2023\/02\/WhatsApp-Image-2023-02-05-at-11.16.33-300x300.jpeg 300w, https:\/\/bomberosalcala.org\/wp-content\/uploads\/2023\/02\/WhatsApp-Image-2023-02-05-at-11.16.33-150x150.jpeg 150w, https:\/\/bomberosalcala.org\/wp-content\/uploads\/2023\/02\/WhatsApp-Image-2023-02-05-at-11.16.33-768x768.jpeg 768w, https:\/\/bomberosalcala.org\/wp-content\/uploads\/2023\/02\/WhatsApp-Image-2023-02-05-at-11.16.33-1536x1536.jpeg 1536w, https:\/\/bomberosalcala.org\/wp-content\/uploads\/2023\/02\/WhatsApp-Image-2023-02-05-at-11.16.33.jpeg 2048w\" sizes=\"auto, (max-width: 1024px) 100vw, 1024px\" \/>\t\t\t\t\t\t\t\t\t\t\t\t\t\t\t<\/p>\n<style>\/*! elementor - v3.8.0 - 30-10-2022 *\/\n.elementor-heading-title{padding:0;margin:0;line-height:1}.elementor-widget-heading .elementor-heading-title[class*=elementor-size-]>a{color:inherit;font-size:inherit;line-height:inherit}.elementor-widget-heading .elementor-heading-title.elementor-size-small{font-size:15px}.elementor-widget-heading .elementor-heading-title.elementor-size-medium{font-size:19px}.elementor-widget-heading .elementor-heading-title.elementor-size-large{font-size:29px}.elementor-widget-heading .elementor-heading-title.elementor-size-xl{font-size:39px}.elementor-widget-heading .elementor-heading-title.elementor-size-xxl{font-size:59px}<\/style>\n<h3>1. POSICI\u00d3N DE V\u00c1LVULAS EN MODO IMPULSI\u00d3N.<\/h3>\n<p>\t\t\t\t\t\t\t\t\t\t\t\t\t\t\t<img decoding=\"async\" width=\"1024\" height=\"1024\" src=\"https:\/\/bomberosalcala.org\/wp-content\/uploads\/2023\/02\/Impulsion-M5-1024x1024.jpeg\" alt=\"\" loading=\"lazy\" srcset=\"https:\/\/bomberosalcala.org\/wp-content\/uploads\/2023\/02\/Impulsion-M5-1024x1024.jpeg 1024w, https:\/\/bomberosalcala.org\/wp-content\/uploads\/2023\/02\/Impulsion-M5-300x300.jpeg 300w, https:\/\/bomberosalcala.org\/wp-content\/uploads\/2023\/02\/Impulsion-M5-150x150.jpeg 150w, https:\/\/bomberosalcala.org\/wp-content\/uploads\/2023\/02\/Impulsion-M5-768x768.jpeg 768w, https:\/\/bomberosalcala.org\/wp-content\/uploads\/2023\/02\/Impulsion-M5-1536x1536.jpeg 1536w, https:\/\/bomberosalcala.org\/wp-content\/uploads\/2023\/02\/Impulsion-M5.jpeg 2048w\" sizes=\"auto, (max-width: 1024px) 100vw, 1024px\" \/>\t\t\t\t\t\t\t\t\t\t\t\t\t\t\t<\/p>\n<p><strong>1.1<\/strong> Modo impulsi\u00f3n Ziegler (M5-M3-M1)<\/p>\n<p>\t\t\t\t\t\t\t\t\t\t\t\t\t\t\t<img decoding=\"async\" width=\"1024\" height=\"1024\" src=\"https:\/\/bomberosalcala.org\/wp-content\/uploads\/2023\/02\/impulsion-M7-1024x1024.jpeg\" alt=\"\" loading=\"lazy\" srcset=\"https:\/\/bomberosalcala.org\/wp-content\/uploads\/2023\/02\/impulsion-M7-1024x1024.jpeg 1024w, https:\/\/bomberosalcala.org\/wp-content\/uploads\/2023\/02\/impulsion-M7-300x300.jpeg 300w, https:\/\/bomberosalcala.org\/wp-content\/uploads\/2023\/02\/impulsion-M7-150x150.jpeg 150w, https:\/\/bomberosalcala.org\/wp-content\/uploads\/2023\/02\/impulsion-M7-768x768.jpeg 768w, https:\/\/bomberosalcala.org\/wp-content\/uploads\/2023\/02\/impulsion-M7-1536x1536.jpeg 1536w, https:\/\/bomberosalcala.org\/wp-content\/uploads\/2023\/02\/impulsion-M7.jpeg 2048w\" sizes=\"auto, (max-width: 1024px) 100vw, 1024px\" \/>\t\t\t\t\t\t\t\t\t\t\t\t\t\t\t<\/p>\n<p><strong>1.2<\/strong> Modo impulsi\u00f3n Godiva M7<\/p>\n<p>\t\t\t\t\t\t\t\t\t\t\t\t\t\t\t<img decoding=\"async\" src=\"https:\/\/bomberosalcala.org\/wp-content\/uploads\/elementor\/thumbs\/impulsion-M6-q1phaenh1teduh7s38rhit19atrp0zlfhbqkn0e0zs.jpeg\" title=\"impulsion M6\" alt=\"impulsion M6\" \/>\t\t\t\t\t\t\t\t\t\t\t\t\t\t\t<\/p>\n<p><strong>1.3<\/strong> Modo impulsi\u00f3n Johstadt M6<\/p>\n<h3>2. POSICI\u00d3N DE V\u00c1LVULAS EN MODO ASPIRACI\u00d3N.<\/h3>\n<p>\t\t\t\t\t\t\t\t\t\t\t\t\t\t\t<img decoding=\"async\" width=\"1024\" height=\"1024\" src=\"https:\/\/bomberosalcala.org\/wp-content\/uploads\/2023\/02\/ASPIRACION-M5-1024x1024.jpeg\" alt=\"\" loading=\"lazy\" srcset=\"https:\/\/bomberosalcala.org\/wp-content\/uploads\/2023\/02\/ASPIRACION-M5-1024x1024.jpeg 1024w, https:\/\/bomberosalcala.org\/wp-content\/uploads\/2023\/02\/ASPIRACION-M5-300x300.jpeg 300w, https:\/\/bomberosalcala.org\/wp-content\/uploads\/2023\/02\/ASPIRACION-M5-150x150.jpeg 150w, https:\/\/bomberosalcala.org\/wp-content\/uploads\/2023\/02\/ASPIRACION-M5-768x768.jpeg 768w, https:\/\/bomberosalcala.org\/wp-content\/uploads\/2023\/02\/ASPIRACION-M5-1536x1536.jpeg 1536w, https:\/\/bomberosalcala.org\/wp-content\/uploads\/2023\/02\/ASPIRACION-M5.jpeg 2048w\" sizes=\"auto, (max-width: 1024px) 100vw, 1024px\" \/>\t\t\t\t\t\t\t\t\t\t\t\t\t\t\t<\/p>\n<p><strong>2.1<\/strong>\u00a0Modo aspiraci\u00f3n Ziegler (M5-M3-M1)<\/p>\n<p>\t\t\t\t\t\t\t\t\t\t\t\t\t\t\t<img decoding=\"async\" width=\"1024\" height=\"1024\" src=\"https:\/\/bomberosalcala.org\/wp-content\/uploads\/2023\/02\/aspiracion-M7-1024x1024.jpeg\" alt=\"\" loading=\"lazy\" srcset=\"https:\/\/bomberosalcala.org\/wp-content\/uploads\/2023\/02\/aspiracion-M7-1024x1024.jpeg 1024w, https:\/\/bomberosalcala.org\/wp-content\/uploads\/2023\/02\/aspiracion-M7-300x300.jpeg 300w, https:\/\/bomberosalcala.org\/wp-content\/uploads\/2023\/02\/aspiracion-M7-150x150.jpeg 150w, https:\/\/bomberosalcala.org\/wp-content\/uploads\/2023\/02\/aspiracion-M7-768x768.jpeg 768w, https:\/\/bomberosalcala.org\/wp-content\/uploads\/2023\/02\/aspiracion-M7-1536x1536.jpeg 1536w, https:\/\/bomberosalcala.org\/wp-content\/uploads\/2023\/02\/aspiracion-M7.jpeg 2048w\" sizes=\"auto, (max-width: 1024px) 100vw, 1024px\" \/>\t\t\t\t\t\t\t\t\t\t\t\t\t\t\t<\/p>\n<p><strong>2.2<\/strong>\u00a0Modo aspiraci\u00f3n Godiva M7<\/p>\n<p>\t\t\t\t\t\t\t\t\t\t\t\t\t\t\t<img decoding=\"async\" width=\"1024\" height=\"1024\" src=\"https:\/\/bomberosalcala.org\/wp-content\/uploads\/2023\/02\/aspiracion-M6-1024x1024.jpeg\" alt=\"\" loading=\"lazy\" srcset=\"https:\/\/bomberosalcala.org\/wp-content\/uploads\/2023\/02\/aspiracion-M6-1024x1024.jpeg 1024w, https:\/\/bomberosalcala.org\/wp-content\/uploads\/2023\/02\/aspiracion-M6-300x300.jpeg 300w, https:\/\/bomberosalcala.org\/wp-content\/uploads\/2023\/02\/aspiracion-M6-150x150.jpeg 150w, https:\/\/bomberosalcala.org\/wp-content\/uploads\/2023\/02\/aspiracion-M6-768x768.jpeg 768w, https:\/\/bomberosalcala.org\/wp-content\/uploads\/2023\/02\/aspiracion-M6-1536x1536.jpeg 1536w, https:\/\/bomberosalcala.org\/wp-content\/uploads\/2023\/02\/aspiracion-M6.jpeg 2048w\" sizes=\"auto, (max-width: 1024px) 100vw, 1024px\" \/>\t\t\t\t\t\t\t\t\t\t\t\t\t\t\t<\/p>\n<p><strong>2.3<\/strong> Modo aspiraci\u00f3n Johstadt M6<\/p>\n<h3>3. MONTAJE DE LOS MANGOTES PARA ASPIRAR DESDE M6.<\/h3>\n<p>\t\t\t\t\t\t\t\t\t\t\t\t\t\t\t<img decoding=\"async\" width=\"1024\" height=\"1024\" src=\"https:\/\/bomberosalcala.org\/wp-content\/uploads\/2023\/02\/WhatsApp-Image-2023-02-05-at-11.28.31-1024x1024.jpeg\" alt=\"\" loading=\"lazy\" srcset=\"https:\/\/bomberosalcala.org\/wp-content\/uploads\/2023\/02\/WhatsApp-Image-2023-02-05-at-11.28.31-1024x1024.jpeg 1024w, https:\/\/bomberosalcala.org\/wp-content\/uploads\/2023\/02\/WhatsApp-Image-2023-02-05-at-11.28.31-300x300.jpeg 300w, https:\/\/bomberosalcala.org\/wp-content\/uploads\/2023\/02\/WhatsApp-Image-2023-02-05-at-11.28.31-150x150.jpeg 150w, https:\/\/bomberosalcala.org\/wp-content\/uploads\/2023\/02\/WhatsApp-Image-2023-02-05-at-11.28.31-768x768.jpeg 768w, https:\/\/bomberosalcala.org\/wp-content\/uploads\/2023\/02\/WhatsApp-Image-2023-02-05-at-11.28.31-1536x1536.jpeg 1536w, https:\/\/bomberosalcala.org\/wp-content\/uploads\/2023\/02\/WhatsApp-Image-2023-02-05-at-11.28.31.jpeg 2048w\" sizes=\"auto, (max-width: 1024px) 100vw, 1024px\" \/>\t\t\t\t\t\t\t\t\t\t\t\t\t\t\t<\/p>\n<p><strong>3.1<\/strong> Usando las llaves, destapamos la entrada para conectar los mangotes.<\/p>\n<p>https:\/\/bomberosalcala.org\/wp-content\/uploads\/2023\/02\/WhatsApp-Video-2023-02-05-at-11.29.05-1.mp4<\/p>\n<p><strong>3.2<\/strong> Conectamos los mangotes, asegur\u00e1ndonos que quedan bien sellados.<\/p>\n<p>https:\/\/bomberosalcala.org\/wp-content\/uploads\/2023\/02\/WhatsApp-Video-2023-02-05-at-11.29.37-1.mp4<\/p>\n<p><strong>3.3\u00a0<\/strong>Tras la elecci\u00f3n del n\u00famero de mangotes necesarios para realizar la aspiraci\u00f3n, terminamos conectando la v\u00e1lvula de pie.<\/p>\n<h3>4. MANIOBRA DE CONEXI\u00d3N DE CUERDA ALREDEDOR DEL MANGOTE PARA FACILITAR SU MANIPULACI\u00d3N.<\/h3>\n<p>\t\thttps:\/\/bomberosalcala.org\/wp-content\/uploads\/2023\/02\/WhatsApp-Video-2023-02-05-at-11.30.09-1.mp4<\/p>\n<p><strong>4.1<\/strong> Montaje de cuerda en cada conexi\u00f3n de mangote.<\/p>\n<p>\t\t\t\t\t\t\t\t\t\t\t\t\t\t\t<img decoding=\"async\" width=\"1024\" height=\"1024\" src=\"https:\/\/bomberosalcala.org\/wp-content\/uploads\/2023\/02\/WhatsApp-Image-2023-02-05-at-11.30.12-2-1024x1024.jpeg\" alt=\"\" loading=\"lazy\" srcset=\"https:\/\/bomberosalcala.org\/wp-content\/uploads\/2023\/02\/WhatsApp-Image-2023-02-05-at-11.30.12-2-1024x1024.jpeg 1024w, https:\/\/bomberosalcala.org\/wp-content\/uploads\/2023\/02\/WhatsApp-Image-2023-02-05-at-11.30.12-2-300x300.jpeg 300w, https:\/\/bomberosalcala.org\/wp-content\/uploads\/2023\/02\/WhatsApp-Image-2023-02-05-at-11.30.12-2-150x150.jpeg 150w, https:\/\/bomberosalcala.org\/wp-content\/uploads\/2023\/02\/WhatsApp-Image-2023-02-05-at-11.30.12-2-768x768.jpeg 768w, https:\/\/bomberosalcala.org\/wp-content\/uploads\/2023\/02\/WhatsApp-Image-2023-02-05-at-11.30.12-2-1536x1536.jpeg 1536w, https:\/\/bomberosalcala.org\/wp-content\/uploads\/2023\/02\/WhatsApp-Image-2023-02-05-at-11.30.12-2.jpeg 2048w\" sizes=\"auto, (max-width: 1024px) 100vw, 1024px\" \/>\t\t\t\t\t\t\t\t\t\t\t\t\t\t\t<\/p>\n<p><strong>4.2<\/strong> Conexi\u00f3n final de mosquet\u00f3n a la anilla de despresurizaci\u00f3n.<\/p>\n<p>https:\/\/bomberosalcala.org\/wp-content\/uploads\/2023\/02\/WhatsApp-Video-2023-02-05-at-11.50.09.mp4<\/p>\n<p><strong>4.3<\/strong> Simulaci\u00f3n de montaje final.\u00a0<\/p>\n<p>https:\/\/bomberosalcala.org\/wp-content\/uploads\/2023\/02\/WhatsApp-Video-2023-02-05-at-11.56.50.mp4<\/p>\n<p><strong>4.4<\/strong> Conexi\u00f3n final a la toma de entrada de agua.<\/p>\n<h3>5. MANIOBRA ASPIRACI\u00d3N<\/h3>\n<p>\t\thttps:\/\/bomberosalcala.org\/wp-content\/uploads\/2023\/02\/WhatsApp-Video-2023-02-05-at-12.06.11.mp4<\/p>\n<p><strong>5.1<\/strong> Tras el montaje del mangote completado procederemos a conectar bomba para que el sistema de cebado empiece a funcionar.<\/p>\n<p>https:\/\/bomberosalcala.org\/wp-content\/uploads\/2023\/02\/WhatsApp-Video-2023-02-05-at-12.04.40.mp4<\/p>\n<p><strong>5.2<\/strong> Posici\u00f3n final de aspiraci\u00f3n.\u00a0<\/p>\n<p>(Si no se va a trabajar impulsando agua en alta presi\u00f3n, esta deber\u00eda estar desconectada.)<\/p>\n<p>https:\/\/bomberosalcala.org\/wp-content\/uploads\/2023\/02\/WhatsApp-Video-2023-02-05-at-12.03.42-1.mp4<\/p>\n<p><strong>5.3<\/strong> La v\u00e1lvula de pie siempre estar\u00e1 sumergida antes de conectar bomba y empezar la aspiraci\u00f3n.\u00a0<\/p>\n<p>(Para despresurizarla procederemos a tirar de la cuerda que est\u00e1 unida a la anilla)<\/p>\n<p>https:\/\/bomberosalcala.org\/wp-content\/uploads\/2023\/02\/WhatsApp-Video-2023-02-05-at-12.04.12-1.mp4<\/p>\n<p><strong>5.4\u00a0<\/strong>Verificaci\u00f3n de la entrada correcta del agua a la cisterna a trav\u00e9s del nivel marcado por la bola roja. (M6)<\/p>\n<p>\u00a0<\/p>\n<h3>6. ASPIRACI\u00d3N OPCIONAL USANDO MANGOTES FLEXIBLES UBICADOS EN M6.<\/h3>\n<p>\t\thttps:\/\/bomberosalcala.org\/wp-content\/uploads\/2023\/02\/WhatsApp-Video-2023-02-05-at-12.24.58.mp4<\/p>\n<p><strong>6.1<\/strong>\u00a0Conexi\u00f3n mangote flexible.<\/p>\n<p>https:\/\/bomberosalcala.org\/wp-content\/uploads\/2023\/02\/WhatsApp-Video-2023-02-05-at-12.24.28.mp4<\/p>\n<p><strong>6.2<\/strong> Conexi\u00f3n de v\u00e1lvula de pie adaptada al tama\u00f1o de los mangotes.<\/p>\n<p>\t\t\t\t\t\t\t\t\t\t\t\t\t\t\t<img decoding=\"async\" width=\"1024\" height=\"1024\" src=\"https:\/\/bomberosalcala.org\/wp-content\/uploads\/2023\/02\/WhatsApp-Image-2023-02-05-at-12.25.46-1024x1024.jpeg\" alt=\"\" loading=\"lazy\" srcset=\"https:\/\/bomberosalcala.org\/wp-content\/uploads\/2023\/02\/WhatsApp-Image-2023-02-05-at-12.25.46-1024x1024.jpeg 1024w, https:\/\/bomberosalcala.org\/wp-content\/uploads\/2023\/02\/WhatsApp-Image-2023-02-05-at-12.25.46-300x300.jpeg 300w, https:\/\/bomberosalcala.org\/wp-content\/uploads\/2023\/02\/WhatsApp-Image-2023-02-05-at-12.25.46-150x150.jpeg 150w, https:\/\/bomberosalcala.org\/wp-content\/uploads\/2023\/02\/WhatsApp-Image-2023-02-05-at-12.25.46-768x768.jpeg 768w, https:\/\/bomberosalcala.org\/wp-content\/uploads\/2023\/02\/WhatsApp-Image-2023-02-05-at-12.25.46-1536x1536.jpeg 1536w, https:\/\/bomberosalcala.org\/wp-content\/uploads\/2023\/02\/WhatsApp-Image-2023-02-05-at-12.25.46.jpeg 1600w\" sizes=\"auto, (max-width: 1024px) 100vw, 1024px\" \/>\t\t\t\t\t\t\t\t\t\t\t\t\t\t\t<\/p>\n<p><strong>6.3<\/strong> Aspiraci\u00f3n alternativa con mangote flexible desde M7.<\/p>\n<h3>7. COLOCACI\u00d3N CORRECTA DE LOS MANGOTES.<\/h3>\n<p>\t\t\t\t\t\t\t\t\t\t\t\t\t\t\t<img decoding=\"async\" width=\"439\" height=\"325\" src=\"https:\/\/bomberosalcala.org\/wp-content\/uploads\/2023\/02\/WhatsApp-Image-2023-02-06-at-07.13.53-1.jpeg\" alt=\"\" loading=\"lazy\" srcset=\"https:\/\/bomberosalcala.org\/wp-content\/uploads\/2023\/02\/WhatsApp-Image-2023-02-06-at-07.13.53-1.jpeg 439w, https:\/\/bomberosalcala.org\/wp-content\/uploads\/2023\/02\/WhatsApp-Image-2023-02-06-at-07.13.53-1-300x222.jpeg 300w\" sizes=\"auto, (max-width: 439px) 100vw, 439px\" \/><\/p>\n","protected":false},"excerpt":{"rendered":"<p>OBJETIVO Maniobras necesarias para realizar la aspiraci\u00f3n externa con los distintos veh\u00edculos disponibles en el cuerpo. Para realizar la aspiraci\u00f3n deberemos conectar la bomba previamente tal y como se describe en la pr\u00e1ctica EQUIPOS 1. MANEJO DE BOMBAS. MATERIAL NECESARIO PARA LA MANIOBRA: Mangotes de aspiraci\u00f3n 110 mm. Mangote azul + mangote amarillo opcionales, disponibles [&hellip;]<\/p>\n","protected":false},"author":1,"featured_media":0,"parent":0,"menu_order":0,"comment_status":"closed","ping_status":"closed","template":"","meta":{"_monsterinsights_skip_tracking":false,"_monsterinsights_sitenote_active":false,"_monsterinsights_sitenote_note":"","_monsterinsights_sitenote_category":0,"footnotes":""},"class_list":["post-1796","page","type-page","status-publish","hentry"],"aioseo_notices":[],"_links":{"self":[{"href":"https:\/\/bomberosalcala.org\/index.php\/wp-json\/wp\/v2\/pages\/1796","targetHints":{"allow":["GET"]}}],"collection":[{"href":"https:\/\/bomberosalcala.org\/index.php\/wp-json\/wp\/v2\/pages"}],"about":[{"href":"https:\/\/bomberosalcala.org\/index.php\/wp-json\/wp\/v2\/types\/page"}],"author":[{"embeddable":true,"href":"https:\/\/bomberosalcala.org\/index.php\/wp-json\/wp\/v2\/users\/1"}],"replies":[{"embeddable":true,"href":"https:\/\/bomberosalcala.org\/index.php\/wp-json\/wp\/v2\/comments?post=1796"}],"version-history":[{"count":61,"href":"https:\/\/bomberosalcala.org\/index.php\/wp-json\/wp\/v2\/pages\/1796\/revisions"}],"predecessor-version":[{"id":1938,"href":"https:\/\/bomberosalcala.org\/index.php\/wp-json\/wp\/v2\/pages\/1796\/revisions\/1938"}],"wp:attachment":[{"href":"https:\/\/bomberosalcala.org\/index.php\/wp-json\/wp\/v2\/media?parent=1796"}],"curies":[{"name":"wp","href":"https:\/\/api.w.org\/{rel}","templated":true}]}}