{"id":1880,"date":"2023-02-05T12:05:38","date_gmt":"2023-02-05T12:05:38","guid":{"rendered":"http:\/\/bomberosalcala.org\/?page_id=1880"},"modified":"2023-02-05T21:42:20","modified_gmt":"2023-02-05T21:42:20","slug":"equipos-4-turbobomba","status":"publish","type":"page","link":"https:\/\/bomberosalcala.org\/index.php\/equipos-4-turbobomba\/","title":{"rendered":"EQUIPOS 4. TURBOBOMBA"},"content":{"rendered":"<h3><strong>OBJETIVO<\/strong>&nbsp;<\/h3>\n<p>Conocer el funcionamiento correcto de la turbobomba.<\/p>\n<p><em>MATERIAL NECESARIO PARA LA MANIOBRA:<\/em><\/p>\n<ul>\n<li>1 Turbobomba<\/li>\n<li>3 Mangueras de 70 mm.<\/li>\n<li>1 Cuerda para la v\u00e1lvula de vaciado.<\/li>\n<\/ul>\n<style>\/*! elementor - v3.8.0 - 30-10-2022 *\/<br \/>\n.elementor-widget-image{text-align:center}.elementor-widget-image a{display:inline-block}.elementor-widget-image a img[src$=\".svg\"]{width:48px}.elementor-widget-image img{vertical-align:middle;display:inline-block}<\/style>\n<p>\t\t\t\t\t\t\t\t\t\t\t\t<img decoding=\"async\" width=\"768\" height=\"768\" src=\"https:\/\/bomberosalcala.org\/wp-content\/uploads\/2023\/02\/WhatsApp-Image-2023-02-05-at-12.59.45-1-768x768.jpeg\" alt=\"\" loading=\"lazy\" srcset=\"https:\/\/bomberosalcala.org\/wp-content\/uploads\/2023\/02\/WhatsApp-Image-2023-02-05-at-12.59.45-1-768x768.jpeg 768w, https:\/\/bomberosalcala.org\/wp-content\/uploads\/2023\/02\/WhatsApp-Image-2023-02-05-at-12.59.45-1-300x300.jpeg 300w, https:\/\/bomberosalcala.org\/wp-content\/uploads\/2023\/02\/WhatsApp-Image-2023-02-05-at-12.59.45-1-1024x1024.jpeg 1024w, https:\/\/bomberosalcala.org\/wp-content\/uploads\/2023\/02\/WhatsApp-Image-2023-02-05-at-12.59.45-1-150x150.jpeg 150w, https:\/\/bomberosalcala.org\/wp-content\/uploads\/2023\/02\/WhatsApp-Image-2023-02-05-at-12.59.45-1.jpeg 1500w\" sizes=\"auto, (max-width: 768px) 100vw, 768px\"><\/p>\n<style>\/*! elementor - v3.8.0 - 30-10-2022 *\/<br \/>\n.elementor-heading-title{padding:0;margin:0;line-height:1}.elementor-widget-heading .elementor-heading-title[class*=elementor-size-]>a{color:inherit;font-size:inherit;line-height:inherit}.elementor-widget-heading .elementor-heading-title.elementor-size-small{font-size:15px}.elementor-widget-heading .elementor-heading-title.elementor-size-medium{font-size:19px}.elementor-widget-heading .elementor-heading-title.elementor-size-large{font-size:29px}.elementor-widget-heading .elementor-heading-title.elementor-size-xl{font-size:39px}.elementor-widget-heading .elementor-heading-title.elementor-size-xxl{font-size:59px}<\/style>\n<h3>1. DESCRIPCI\u00d3N Y RECONOCIMIENTO DE LA TURBOBOMBA.<\/h3>\n<p><img decoding=\"async\" width=\"786\" height=\"547\" src=\"https:\/\/bomberosalcala.org\/wp-content\/uploads\/2023\/02\/TURBO.jpg\" alt=\"\" loading=\"lazy\" srcset=\"https:\/\/bomberosalcala.org\/wp-content\/uploads\/2023\/02\/TURBO.jpg 786w, https:\/\/bomberosalcala.org\/wp-content\/uploads\/2023\/02\/TURBO-300x209.jpg 300w, https:\/\/bomberosalcala.org\/wp-content\/uploads\/2023\/02\/TURBO-768x534.jpg 768w\" sizes=\"auto, (max-width: 786px) 100vw, 786px\"><\/p>\n<p><strong>1.1<\/strong> Descripci\u00f3n salidas turbobomba.<\/p>\n<p><img decoding=\"async\" width=\"1024\" height=\"1024\" src=\"https:\/\/bomberosalcala.org\/wp-content\/uploads\/2023\/02\/WhatsApp-Image-2023-02-05-at-12.59.46-1024x1024.jpeg\" alt=\"\" loading=\"lazy\" srcset=\"https:\/\/bomberosalcala.org\/wp-content\/uploads\/2023\/02\/WhatsApp-Image-2023-02-05-at-12.59.46-1024x1024.jpeg 1024w, https:\/\/bomberosalcala.org\/wp-content\/uploads\/2023\/02\/WhatsApp-Image-2023-02-05-at-12.59.46-300x300.jpeg 300w, https:\/\/bomberosalcala.org\/wp-content\/uploads\/2023\/02\/WhatsApp-Image-2023-02-05-at-12.59.46-150x150.jpeg 150w, https:\/\/bomberosalcala.org\/wp-content\/uploads\/2023\/02\/WhatsApp-Image-2023-02-05-at-12.59.46-768x768.jpeg 768w, https:\/\/bomberosalcala.org\/wp-content\/uploads\/2023\/02\/WhatsApp-Image-2023-02-05-at-12.59.46.jpeg 1500w\" sizes=\"auto, (max-width: 1024px) 100vw, 1024px\"><\/p>\n<p><strong>1.2<\/strong>&nbsp;Nos aseguraremos de atar una cuerda a la anilla de la v\u00e1lvula de vaciado para su posterior despresurizaci\u00f3n.&nbsp;<\/p>\n<p><img decoding=\"async\" width=\"1024\" height=\"1024\" src=\"https:\/\/bomberosalcala.org\/wp-content\/uploads\/2023\/02\/WhatsApp-Image-2023-02-05-at-12.59.45-1024x1024.jpeg\" alt=\"\" loading=\"lazy\" srcset=\"https:\/\/bomberosalcala.org\/wp-content\/uploads\/2023\/02\/WhatsApp-Image-2023-02-05-at-12.59.45-1024x1024.jpeg 1024w, https:\/\/bomberosalcala.org\/wp-content\/uploads\/2023\/02\/WhatsApp-Image-2023-02-05-at-12.59.45-300x300.jpeg 300w, https:\/\/bomberosalcala.org\/wp-content\/uploads\/2023\/02\/WhatsApp-Image-2023-02-05-at-12.59.45-150x150.jpeg 150w, https:\/\/bomberosalcala.org\/wp-content\/uploads\/2023\/02\/WhatsApp-Image-2023-02-05-at-12.59.45-768x768.jpeg 768w, https:\/\/bomberosalcala.org\/wp-content\/uploads\/2023\/02\/WhatsApp-Image-2023-02-05-at-12.59.45.jpeg 1500w\" sizes=\"auto, (max-width: 1024px) 100vw, 1024px\"><\/p>\n<p><strong>1.3<\/strong> Colocaci\u00f3n de las 3 mangueras de 70 mm en sus respectivas posiciones seg\u00fan lo indicado en la figura <strong>1.1<\/strong><\/p>\n<h3>2. USO DE LA TURBOBOMBA<\/h3>\n<p><img decoding=\"async\" width=\"1024\" height=\"1024\" src=\"https:\/\/bomberosalcala.org\/wp-content\/uploads\/2023\/02\/WhatsApp-Image-2023-02-05-at-13.00.44-1024x1024.jpeg\" alt=\"\" loading=\"lazy\" srcset=\"https:\/\/bomberosalcala.org\/wp-content\/uploads\/2023\/02\/WhatsApp-Image-2023-02-05-at-13.00.44-1024x1024.jpeg 1024w, https:\/\/bomberosalcala.org\/wp-content\/uploads\/2023\/02\/WhatsApp-Image-2023-02-05-at-13.00.44-300x300.jpeg 300w, https:\/\/bomberosalcala.org\/wp-content\/uploads\/2023\/02\/WhatsApp-Image-2023-02-05-at-13.00.44-150x150.jpeg 150w, https:\/\/bomberosalcala.org\/wp-content\/uploads\/2023\/02\/WhatsApp-Image-2023-02-05-at-13.00.44-768x768.jpeg 768w, https:\/\/bomberosalcala.org\/wp-content\/uploads\/2023\/02\/WhatsApp-Image-2023-02-05-at-13.00.44-1536x1536.jpeg 1536w, https:\/\/bomberosalcala.org\/wp-content\/uploads\/2023\/02\/WhatsApp-Image-2023-02-05-at-13.00.44.jpeg 2048w\" sizes=\"auto, (max-width: 1024px) 100vw, 1024px\"><\/p>\n<p><strong>2.1<\/strong> Introducci\u00f3n de la turbobomba en el pozo a aspirar.<\/p>\n<div style=\"width: 640px;\" class=\"wp-video\"><video class=\"wp-video-shortcode\" id=\"video-1880-1\" width=\"640\" height=\"360\" preload=\"metadata\" controls=\"controls\"><source type=\"video\/mp4\" src=\"https:\/\/bomberosalcala.org\/wp-content\/uploads\/2023\/02\/WhatsApp-Video-2023-02-05-at-13.01.50.mp4?_=1\" \/><a href=\"https:\/\/bomberosalcala.org\/wp-content\/uploads\/2023\/02\/WhatsApp-Video-2023-02-05-at-13.01.50.mp4\">https:\/\/bomberosalcala.org\/wp-content\/uploads\/2023\/02\/WhatsApp-Video-2023-02-05-at-13.01.50.mp4<\/a><\/video><\/div>\n<p><strong>2.2<\/strong> Montaje completo del circuito.<\/p>\n","protected":false},"excerpt":{"rendered":"<p>OBJETIVO&nbsp; Conocer el funcionamiento correcto de la turbobomba. MATERIAL NECESARIO PARA LA MANIOBRA: 1 Turbobomba 3 Mangueras de 70 mm. 1 Cuerda para la v\u00e1lvula de vaciado. 1. DESCRIPCI\u00d3N Y RECONOCIMIENTO DE LA TURBOBOMBA. 1.1 Descripci\u00f3n salidas turbobomba. 1.2&nbsp;Nos aseguraremos de atar una cuerda a la anilla de la v\u00e1lvula de vaciado para su posterior [&hellip;]<\/p>\n","protected":false},"author":1,"featured_media":0,"parent":0,"menu_order":0,"comment_status":"closed","ping_status":"closed","template":"","meta":{"_monsterinsights_skip_tracking":false,"_monsterinsights_sitenote_active":false,"_monsterinsights_sitenote_note":"","_monsterinsights_sitenote_category":0,"footnotes":""},"class_list":["post-1880","page","type-page","status-publish","hentry"],"aioseo_notices":[],"_links":{"self":[{"href":"https:\/\/bomberosalcala.org\/index.php\/wp-json\/wp\/v2\/pages\/1880","targetHints":{"allow":["GET"]}}],"collection":[{"href":"https:\/\/bomberosalcala.org\/index.php\/wp-json\/wp\/v2\/pages"}],"about":[{"href":"https:\/\/bomberosalcala.org\/index.php\/wp-json\/wp\/v2\/types\/page"}],"author":[{"embeddable":true,"href":"https:\/\/bomberosalcala.org\/index.php\/wp-json\/wp\/v2\/users\/1"}],"replies":[{"embeddable":true,"href":"https:\/\/bomberosalcala.org\/index.php\/wp-json\/wp\/v2\/comments?post=1880"}],"version-history":[{"count":23,"href":"https:\/\/bomberosalcala.org\/index.php\/wp-json\/wp\/v2\/pages\/1880\/revisions"}],"predecessor-version":[{"id":1929,"href":"https:\/\/bomberosalcala.org\/index.php\/wp-json\/wp\/v2\/pages\/1880\/revisions\/1929"}],"wp:attachment":[{"href":"https:\/\/bomberosalcala.org\/index.php\/wp-json\/wp\/v2\/media?parent=1880"}],"curies":[{"name":"wp","href":"https:\/\/api.w.org\/{rel}","templated":true}]}}