{"id":1940,"date":"2023-02-13T09:02:40","date_gmt":"2023-02-13T09:02:40","guid":{"rendered":"http:\/\/bomberosalcala.org\/?page_id=1940"},"modified":"2023-05-23T06:19:28","modified_gmt":"2023-05-23T06:19:28","slug":"equipos-3-motobombas","status":"publish","type":"page","link":"https:\/\/bomberosalcala.org\/index.php\/equipos-3-motobombas\/","title":{"rendered":"EQUIPOS 3. MOTOBOMBAS"},"content":{"rendered":"<p><a href=\"https:\/\/bomberosalcala.org\/wp-content\/uploads\/2023\/02\/Equipos-3.-Manejo-de-Motobombas.pdf\" role=\"button\"><br \/>\nFICHA DE LA PR\u00c1CTICA<br \/>\n<\/a><\/p>\n<style>\/*! elementor - v3.8.0 - 30-10-2022 *\/<br \/>\n.elementor-heading-title{padding:0;margin:0;line-height:1}.elementor-widget-heading .elementor-heading-title[class*=elementor-size-]>a{color:inherit;font-size:inherit;line-height:inherit}.elementor-widget-heading .elementor-heading-title.elementor-size-small{font-size:15px}.elementor-widget-heading .elementor-heading-title.elementor-size-medium{font-size:19px}.elementor-widget-heading .elementor-heading-title.elementor-size-large{font-size:29px}.elementor-widget-heading .elementor-heading-title.elementor-size-xl{font-size:39px}.elementor-widget-heading .elementor-heading-title.elementor-size-xxl{font-size:59px}<\/style>\n<h2>1. Material necesario<\/h2>\n<p><strong>CARRO CON MOTOBOMBA HONDA:&nbsp;<\/strong>Motobomba HONDA<\/p>\n<p>1.Mangotes aspiraci\u00f3n<\/p>\n<p>2.Alcachofa<\/p>\n<p>3.Manguera 70mm<\/p>\n<p>4.Llaves de mangote<\/p>\n<p>5.Manguera de 25mm&nbsp;<\/p>\n<p>6.Reducci\u00f3n 100-70mm<\/p>\n<style>\/*! elementor - v3.8.0 - 30-10-2022 *\/<br \/>\n.elementor-widget-image{text-align:center}.elementor-widget-image a{display:inline-block}.elementor-widget-image a img[src$=\".svg\"]{width:48px}.elementor-widget-image img{vertical-align:middle;display:inline-block}<\/style>\n<p>\t\t\t\t\t\t\t\t\t\t\t\t<img decoding=\"async\" width=\"768\" height=\"1024\" src=\"https:\/\/bomberosalcala.org\/wp-content\/uploads\/2023\/02\/IMG-20230213-WA0007-768x1024.jpg\" alt=\"\" loading=\"lazy\" srcset=\"https:\/\/bomberosalcala.org\/wp-content\/uploads\/2023\/02\/IMG-20230213-WA0007-768x1024.jpg 768w, https:\/\/bomberosalcala.org\/wp-content\/uploads\/2023\/02\/IMG-20230213-WA0007-225x300.jpg 225w, https:\/\/bomberosalcala.org\/wp-content\/uploads\/2023\/02\/IMG-20230213-WA0007-1152x1536.jpg 1152w, https:\/\/bomberosalcala.org\/wp-content\/uploads\/2023\/02\/IMG-20230213-WA0007.jpg 1536w\" sizes=\"auto, (max-width: 768px) 100vw, 768px\"><\/p>\n<h2>2. Preparaci\u00f3n de la pr\u00e1ctica<\/h2>\n<p><strong>COLOCACI\u00d3N DE MANGAS<\/strong><\/p>\n<p>1. Conectar mangotes de aspiraci\u00f3n con la alcachofa al final.<\/p>\n<p>2. Posicionar el mangote dentro del aljibe<\/p>\n<p>3. Conectar reducci\u00f3n 100-70mm y manguera de 70mm en la impulsi\u00f3n de la bomba.<\/p>\n<p>4. El extremo libre de la manguera de 70mm se conectar\u00e1 al bast\u00f3n de carga del aljibe.<\/p>\n<p><img decoding=\"async\" width=\"471\" height=\"658\" src=\"https:\/\/bomberosalcala.org\/wp-content\/uploads\/2023\/02\/2.png\" alt=\"\" loading=\"lazy\" srcset=\"https:\/\/bomberosalcala.org\/wp-content\/uploads\/2023\/02\/2.png 471w, https:\/\/bomberosalcala.org\/wp-content\/uploads\/2023\/02\/2-215x300.png 215w\" sizes=\"auto, (max-width: 471px) 100vw, 471px\"><br \/>\n<div style=\"width: 640px;\" class=\"wp-video\"><video class=\"wp-video-shortcode\" id=\"video-1940-1\" width=\"640\" height=\"360\" preload=\"metadata\" controls=\"controls\"><source type=\"video\/mp4\" src=\"https:\/\/bomberosalcala.org\/wp-content\/uploads\/2023\/02\/VID-20230213-WA0014.mp4https:\/\/bomberosalcala.org\/wp-content\/uploads\/2023\/02\/VID-20230213-WA0019.mp4?_=1\" \/><a href=\"https:\/\/bomberosalcala.org\/wp-content\/uploads\/2023\/02\/VID-20230213-WA0014.mp4https:\/\/bomberosalcala.org\/wp-content\/uploads\/2023\/02\/VID-20230213-WA0019.mp4\">https:\/\/bomberosalcala.org\/wp-content\/uploads\/2023\/02\/VID-20230213-WA0014.mp4https:\/\/bomberosalcala.org\/wp-content\/uploads\/2023\/02\/VID-20230213-WA0019.mp4<\/a><\/video><\/div><br \/>\n<img decoding=\"async\" width=\"710\" height=\"1024\" src=\"https:\/\/bomberosalcala.org\/wp-content\/uploads\/2023\/02\/IMG-20230213-WA0009-710x1024.jpg\" alt=\"\" loading=\"lazy\" srcset=\"https:\/\/bomberosalcala.org\/wp-content\/uploads\/2023\/02\/IMG-20230213-WA0009-710x1024.jpg 710w, https:\/\/bomberosalcala.org\/wp-content\/uploads\/2023\/02\/IMG-20230213-WA0009-208x300.jpg 208w, https:\/\/bomberosalcala.org\/wp-content\/uploads\/2023\/02\/IMG-20230213-WA0009-768x1108.jpg 768w, https:\/\/bomberosalcala.org\/wp-content\/uploads\/2023\/02\/IMG-20230213-WA0009-1065x1536.jpg 1065w, https:\/\/bomberosalcala.org\/wp-content\/uploads\/2023\/02\/IMG-20230213-WA0009.jpg 1420w\" sizes=\"auto, (max-width: 710px) 100vw, 710px\"><\/p>\n<h2>3. Cebado<\/h2>\n<p>1.Abrir tap\u00f3n superior de cebado<\/p>\n<div style=\"width: 640px;\" class=\"wp-video\"><video class=\"wp-video-shortcode\" id=\"video-1940-2\" width=\"640\" height=\"360\" preload=\"metadata\" controls=\"controls\"><source type=\"video\/mp4\" src=\"https:\/\/bomberosalcala.org\/wp-content\/uploads\/2023\/02\/VID-20230213-WA0018.mp4?_=2\" \/><a href=\"https:\/\/bomberosalcala.org\/wp-content\/uploads\/2023\/02\/VID-20230213-WA0018.mp4\">https:\/\/bomberosalcala.org\/wp-content\/uploads\/2023\/02\/VID-20230213-WA0018.mp4<\/a><\/video><\/div>\n<p>2. Plegado de la manguera de salida.<\/p>\n<p>3. Llenado de agua de cuerpo de bomba<\/p>\n<p><img decoding=\"async\" width=\"822\" height=\"1066\" src=\"https:\/\/bomberosalcala.org\/wp-content\/uploads\/2023\/02\/Sin-titulo.png\" alt=\"\" loading=\"lazy\" srcset=\"https:\/\/bomberosalcala.org\/wp-content\/uploads\/2023\/02\/Sin-titulo.png 822w, https:\/\/bomberosalcala.org\/wp-content\/uploads\/2023\/02\/Sin-titulo-231x300.png 231w, https:\/\/bomberosalcala.org\/wp-content\/uploads\/2023\/02\/Sin-titulo-790x1024.png 790w, https:\/\/bomberosalcala.org\/wp-content\/uploads\/2023\/02\/Sin-titulo-768x996.png 768w\" sizes=\"auto, (max-width: 822px) 100vw, 822px\"><br \/>\n<div style=\"width: 640px;\" class=\"wp-video\"><video class=\"wp-video-shortcode\" id=\"video-1940-3\" width=\"640\" height=\"360\" preload=\"metadata\" controls=\"controls\"><source type=\"video\/mp4\" src=\"https:\/\/bomberosalcala.org\/wp-content\/uploads\/2023\/02\/VID-20230213-WA0017.mp4?_=3\" \/><a href=\"https:\/\/bomberosalcala.org\/wp-content\/uploads\/2023\/02\/VID-20230213-WA0017.mp4\">https:\/\/bomberosalcala.org\/wp-content\/uploads\/2023\/02\/VID-20230213-WA0017.mp4<\/a><\/video><\/div><\/p>\n<h2>4. Arrancar bomba<\/h2>\n<p>1.Cerrar tap\u00f3n de llenado<\/p>\n<div style=\"width: 640px;\" class=\"wp-video\"><video class=\"wp-video-shortcode\" id=\"video-1940-4\" width=\"640\" height=\"360\" preload=\"metadata\" controls=\"controls\"><source type=\"video\/mp4\" src=\"https:\/\/bomberosalcala.org\/wp-content\/uploads\/2023\/02\/VID-20230213-WA0016.mp4?_=4\" \/><a href=\"https:\/\/bomberosalcala.org\/wp-content\/uploads\/2023\/02\/VID-20230213-WA0016.mp4\">https:\/\/bomberosalcala.org\/wp-content\/uploads\/2023\/02\/VID-20230213-WA0016.mp4<\/a><\/video><\/div>\n<p>2. Arrancar bomba<\/p>\n<p><img decoding=\"async\" width=\"768\" height=\"1024\" src=\"https:\/\/bomberosalcala.org\/wp-content\/uploads\/2023\/02\/IMG-20230213-WA0010-768x1024.jpg\" alt=\"\" loading=\"lazy\" srcset=\"https:\/\/bomberosalcala.org\/wp-content\/uploads\/2023\/02\/IMG-20230213-WA0010-768x1024.jpg 768w, https:\/\/bomberosalcala.org\/wp-content\/uploads\/2023\/02\/IMG-20230213-WA0010-225x300.jpg 225w, https:\/\/bomberosalcala.org\/wp-content\/uploads\/2023\/02\/IMG-20230213-WA0010-1152x1536.jpg 1152w, https:\/\/bomberosalcala.org\/wp-content\/uploads\/2023\/02\/IMG-20230213-WA0010.jpg 1536w\" sizes=\"auto, (max-width: 768px) 100vw, 768px\"><\/p>\n","protected":false},"excerpt":{"rendered":"<p>FICHA DE LA PR\u00c1CTICA 1. Material necesario CARRO CON MOTOBOMBA HONDA:&nbsp;Motobomba HONDA 1.Mangotes aspiraci\u00f3n 2.Alcachofa 3.Manguera 70mm 4.Llaves de mangote 5.Manguera de 25mm&nbsp; 6.Reducci\u00f3n 100-70mm 2. Preparaci\u00f3n de la pr\u00e1ctica COLOCACI\u00d3N DE MANGAS 1. Conectar mangotes de aspiraci\u00f3n con la alcachofa al final. 2. Posicionar el mangote dentro del aljibe 3. Conectar reducci\u00f3n 100-70mm y [&hellip;]<\/p>\n","protected":false},"author":1,"featured_media":0,"parent":0,"menu_order":0,"comment_status":"closed","ping_status":"closed","template":"","meta":{"_monsterinsights_skip_tracking":false,"_monsterinsights_sitenote_active":false,"_monsterinsights_sitenote_note":"","_monsterinsights_sitenote_category":0,"footnotes":""},"class_list":["post-1940","page","type-page","status-publish","hentry"],"aioseo_notices":[],"_links":{"self":[{"href":"https:\/\/bomberosalcala.org\/index.php\/wp-json\/wp\/v2\/pages\/1940","targetHints":{"allow":["GET"]}}],"collection":[{"href":"https:\/\/bomberosalcala.org\/index.php\/wp-json\/wp\/v2\/pages"}],"about":[{"href":"https:\/\/bomberosalcala.org\/index.php\/wp-json\/wp\/v2\/types\/page"}],"author":[{"embeddable":true,"href":"https:\/\/bomberosalcala.org\/index.php\/wp-json\/wp\/v2\/users\/1"}],"replies":[{"embeddable":true,"href":"https:\/\/bomberosalcala.org\/index.php\/wp-json\/wp\/v2\/comments?post=1940"}],"version-history":[{"count":33,"href":"https:\/\/bomberosalcala.org\/index.php\/wp-json\/wp\/v2\/pages\/1940\/revisions"}],"predecessor-version":[{"id":2249,"href":"https:\/\/bomberosalcala.org\/index.php\/wp-json\/wp\/v2\/pages\/1940\/revisions\/2249"}],"wp:attachment":[{"href":"https:\/\/bomberosalcala.org\/index.php\/wp-json\/wp\/v2\/media?parent=1940"}],"curies":[{"name":"wp","href":"https:\/\/api.w.org\/{rel}","templated":true}]}}