{"id":2005,"date":"2023-02-28T07:03:47","date_gmt":"2023-02-28T07:03:47","guid":{"rendered":"http:\/\/bomberosalcala.org\/?page_id=2005"},"modified":"2023-05-23T06:20:10","modified_gmt":"2023-05-23T06:20:10","slug":"equipos-6-uso-y-manejo-de-radial-y-taladro","status":"publish","type":"page","link":"https:\/\/bomberosalcala.org\/index.php\/equipos-6-uso-y-manejo-de-radial-y-taladro\/","title":{"rendered":"EQUIPOS 6. USO Y MANEJO DE RADIAL Y TALADRO"},"content":{"rendered":"<p><a href=\"https:\/\/bomberosalcala.org\/wp-content\/uploads\/2023\/02\/Equipos-6.-Manejo-RadialTaladro.pdf\" role=\"button\"><br \/>\nFICHA DE LA PR\u00c1CTICA<br \/>\n<\/a><\/p>\n<style>\/*! elementor - v3.8.0 - 30-10-2022 *\/<br \/>\n.elementor-heading-title{padding:0;margin:0;line-height:1}.elementor-widget-heading .elementor-heading-title[class*=elementor-size-]>a{color:inherit;font-size:inherit;line-height:inherit}.elementor-widget-heading .elementor-heading-title.elementor-size-small{font-size:15px}.elementor-widget-heading .elementor-heading-title.elementor-size-medium{font-size:19px}.elementor-widget-heading .elementor-heading-title.elementor-size-large{font-size:29px}.elementor-widget-heading .elementor-heading-title.elementor-size-xl{font-size:39px}.elementor-widget-heading .elementor-heading-title.elementor-size-xxl{font-size:59px}<\/style>\n<h2>0. Material para la pr\u00e1ctica<\/h2>\n<style>\/*! elementor - v3.8.0 - 30-10-2022 *\/<br \/>\n.elementor-widget-image{text-align:center}.elementor-widget-image a{display:inline-block}.elementor-widget-image a img[src$=\".svg\"]{width:48px}.elementor-widget-image img{vertical-align:middle;display:inline-block}<\/style>\n<p>\t\t\t\t\t\t\t\t\t\t\t\t<img decoding=\"async\" width=\"1024\" height=\"468\" src=\"https:\/\/bomberosalcala.org\/wp-content\/uploads\/2023\/02\/Materiales-1024x468.png\" alt=\"\" loading=\"lazy\" srcset=\"https:\/\/bomberosalcala.org\/wp-content\/uploads\/2023\/02\/Materiales-1024x468.png 1024w, https:\/\/bomberosalcala.org\/wp-content\/uploads\/2023\/02\/Materiales-300x137.png 300w, https:\/\/bomberosalcala.org\/wp-content\/uploads\/2023\/02\/Materiales-768x351.png 768w, https:\/\/bomberosalcala.org\/wp-content\/uploads\/2023\/02\/Materiales.png 1225w\" sizes=\"auto, (max-width: 1024px) 100vw, 1024px\"><\/p>\n<h2>1. Manejo de RADIAL<\/h2>\n<p>Colocaci\u00f3n y comprobaci\u00f3n de carcasa protectora<\/p>\n<div style=\"width: 640px;\" class=\"wp-video\"><video class=\"wp-video-shortcode\" id=\"video-2005-1\" width=\"640\" height=\"360\" preload=\"metadata\" controls=\"controls\"><source type=\"video\/mp4\" src=\"https:\/\/bomberosalcala.org\/wp-content\/uploads\/2023\/02\/VID_20230228_105420.mp4?_=1\" \/><a href=\"https:\/\/bomberosalcala.org\/wp-content\/uploads\/2023\/02\/VID_20230228_105420.mp4\">https:\/\/bomberosalcala.org\/wp-content\/uploads\/2023\/02\/VID_20230228_105420.mp4<\/a><\/video><\/div>\n<p>Colocaci\u00f3n y cambio de disco de corte (Metal o piedra)<\/p>\n<p><div style=\"width: 640px;\" class=\"wp-video\"><video class=\"wp-video-shortcode\" id=\"video-2005-2\" width=\"640\" height=\"360\" preload=\"metadata\" controls=\"controls\"><source type=\"video\/mp4\" src=\"https:\/\/bomberosalcala.org\/wp-content\/uploads\/2023\/02\/VID_20230228_105611.mp4?_=2\" \/><a href=\"https:\/\/bomberosalcala.org\/wp-content\/uploads\/2023\/02\/VID_20230228_105611.mp4\">https:\/\/bomberosalcala.org\/wp-content\/uploads\/2023\/02\/VID_20230228_105611.mp4<\/a><\/video><\/div><br \/>\n<img decoding=\"async\" width=\"846\" height=\"670\" src=\"https:\/\/bomberosalcala.org\/wp-content\/uploads\/2023\/02\/Radial1.png\" alt=\"\" loading=\"lazy\" srcset=\"https:\/\/bomberosalcala.org\/wp-content\/uploads\/2023\/02\/Radial1.png 846w, https:\/\/bomberosalcala.org\/wp-content\/uploads\/2023\/02\/Radial1-300x238.png 300w, https:\/\/bomberosalcala.org\/wp-content\/uploads\/2023\/02\/Radial1-768x608.png 768w\" sizes=\"auto, (max-width: 846px) 100vw, 846px\"><\/p>\n<p>Posici\u00f3n correcta de disco y tuerca de fijaci\u00f3n<\/p>\n<p><img decoding=\"async\" width=\"1024\" height=\"576\" src=\"https:\/\/bomberosalcala.org\/wp-content\/uploads\/2023\/02\/radial-correcta-1024x576.jpg\" alt=\"\" loading=\"lazy\" srcset=\"https:\/\/bomberosalcala.org\/wp-content\/uploads\/2023\/02\/radial-correcta-1024x576.jpg 1024w, https:\/\/bomberosalcala.org\/wp-content\/uploads\/2023\/02\/radial-correcta-300x169.jpg 300w, https:\/\/bomberosalcala.org\/wp-content\/uploads\/2023\/02\/radial-correcta-768x432.jpg 768w, https:\/\/bomberosalcala.org\/wp-content\/uploads\/2023\/02\/radial-correcta.jpg 1280w\" sizes=\"auto, (max-width: 1024px) 100vw, 1024px\"><\/p>\n<p>Posiciones incorrectas de disco y de tuerca de fijaci\u00f3n.&nbsp;<\/p>\n<p>NOTAR QUE LA TUERCA TIENE UN SALIENTE EN UNA DE SUS CARAS<\/p>\n<p><img decoding=\"async\" width=\"1024\" height=\"576\" src=\"https:\/\/bomberosalcala.org\/wp-content\/uploads\/2023\/02\/Radial-incorrecta-1024x576.png\" alt=\"\" loading=\"lazy\" srcset=\"https:\/\/bomberosalcala.org\/wp-content\/uploads\/2023\/02\/Radial-incorrecta-1024x576.png 1024w, https:\/\/bomberosalcala.org\/wp-content\/uploads\/2023\/02\/Radial-incorrecta-300x169.png 300w, https:\/\/bomberosalcala.org\/wp-content\/uploads\/2023\/02\/Radial-incorrecta-768x432.png 768w, https:\/\/bomberosalcala.org\/wp-content\/uploads\/2023\/02\/Radial-incorrecta.png 1280w\" sizes=\"auto, (max-width: 1024px) 100vw, 1024px\"><br \/>\n<img decoding=\"async\" width=\"1024\" height=\"576\" src=\"https:\/\/bomberosalcala.org\/wp-content\/uploads\/2023\/02\/IMG_20230228_105935_101-1024x576.jpg\" alt=\"\" loading=\"lazy\" srcset=\"https:\/\/bomberosalcala.org\/wp-content\/uploads\/2023\/02\/IMG_20230228_105935_101-1024x576.jpg 1024w, https:\/\/bomberosalcala.org\/wp-content\/uploads\/2023\/02\/IMG_20230228_105935_101-300x169.jpg 300w, https:\/\/bomberosalcala.org\/wp-content\/uploads\/2023\/02\/IMG_20230228_105935_101-768x432.jpg 768w, https:\/\/bomberosalcala.org\/wp-content\/uploads\/2023\/02\/IMG_20230228_105935_101.jpg 1280w\" sizes=\"auto, (max-width: 1024px) 100vw, 1024px\"><\/p>\n<p>La \u00fanica diferencia en el manejo de radiales grandes es el giro de pu\u00f1o que tiene la radial grande del M3<\/p>\n<div style=\"width: 640px;\" class=\"wp-video\"><video class=\"wp-video-shortcode\" id=\"video-2005-3\" width=\"640\" height=\"360\" preload=\"metadata\" controls=\"controls\"><source type=\"video\/mp4\" src=\"https:\/\/bomberosalcala.org\/wp-content\/uploads\/2023\/02\/VID_20230228_114858.mp4?_=3\" \/><a href=\"https:\/\/bomberosalcala.org\/wp-content\/uploads\/2023\/02\/VID_20230228_114858.mp4\">https:\/\/bomberosalcala.org\/wp-content\/uploads\/2023\/02\/VID_20230228_114858.mp4<\/a><\/video><\/div>\n<h2>2. Manejo de TALADROS<\/h2>\n<p><img decoding=\"async\" width=\"1024\" height=\"576\" src=\"https:\/\/bomberosalcala.org\/wp-content\/uploads\/2023\/02\/IMG_20230228_114304_304-1024x576.jpg\" alt=\"\" loading=\"lazy\" srcset=\"https:\/\/bomberosalcala.org\/wp-content\/uploads\/2023\/02\/IMG_20230228_114304_304-1024x576.jpg 1024w, https:\/\/bomberosalcala.org\/wp-content\/uploads\/2023\/02\/IMG_20230228_114304_304-300x169.jpg 300w, https:\/\/bomberosalcala.org\/wp-content\/uploads\/2023\/02\/IMG_20230228_114304_304-768x432.jpg 768w, https:\/\/bomberosalcala.org\/wp-content\/uploads\/2023\/02\/IMG_20230228_114304_304-rotated.jpg 1280w\" sizes=\"auto, (max-width: 1024px) 100vw, 1024px\"><\/p>\n<p>Selector de modo de funcionamiento. SOLO GIRO, SOLO PERCUTOR, GIRO+PERCUTOR<\/p>\n<p><img decoding=\"async\" width=\"1024\" height=\"576\" src=\"https:\/\/bomberosalcala.org\/wp-content\/uploads\/2023\/02\/IMG_20230228_114308_935-1024x576.jpg\" alt=\"\" loading=\"lazy\" srcset=\"https:\/\/bomberosalcala.org\/wp-content\/uploads\/2023\/02\/IMG_20230228_114308_935-1024x576.jpg 1024w, https:\/\/bomberosalcala.org\/wp-content\/uploads\/2023\/02\/IMG_20230228_114308_935-300x169.jpg 300w, https:\/\/bomberosalcala.org\/wp-content\/uploads\/2023\/02\/IMG_20230228_114308_935-768x432.jpg 768w, https:\/\/bomberosalcala.org\/wp-content\/uploads\/2023\/02\/IMG_20230228_114308_935-rotated.jpg 1280w\" sizes=\"auto, (max-width: 1024px) 100vw, 1024px\"><\/p>\n<p>SELECTOR DE DIRECCI\u00d3N DE GIRO<\/p>\n<p><img decoding=\"async\" width=\"720\" height=\"1280\" src=\"https:\/\/bomberosalcala.org\/wp-content\/uploads\/2023\/02\/IMG_20230228_114342_191.jpg\" alt=\"\" loading=\"lazy\" srcset=\"https:\/\/bomberosalcala.org\/wp-content\/uploads\/2023\/02\/IMG_20230228_114342_191.jpg 720w, https:\/\/bomberosalcala.org\/wp-content\/uploads\/2023\/02\/IMG_20230228_114342_191-169x300.jpg 169w, https:\/\/bomberosalcala.org\/wp-content\/uploads\/2023\/02\/IMG_20230228_114342_191-576x1024.jpg 576w\" sizes=\"auto, (max-width: 720px) 100vw, 720px\"><br \/>\n<img decoding=\"async\" width=\"1024\" height=\"576\" src=\"https:\/\/bomberosalcala.org\/wp-content\/uploads\/2023\/02\/IMG_20230228_115356_732-1024x576.jpg\" alt=\"\" loading=\"lazy\" srcset=\"https:\/\/bomberosalcala.org\/wp-content\/uploads\/2023\/02\/IMG_20230228_115356_732-1024x576.jpg 1024w, https:\/\/bomberosalcala.org\/wp-content\/uploads\/2023\/02\/IMG_20230228_115356_732-300x169.jpg 300w, https:\/\/bomberosalcala.org\/wp-content\/uploads\/2023\/02\/IMG_20230228_115356_732-768x432.jpg 768w, https:\/\/bomberosalcala.org\/wp-content\/uploads\/2023\/02\/IMG_20230228_115356_732-rotated.jpg 1280w\" sizes=\"auto, (max-width: 1024px) 100vw, 1024px\"><\/p>\n<p>1 CONECTAR LATIGUILLO A BOTELLA Y A TALADRO.<\/p>\n<div style=\"width: 640px;\" class=\"wp-video\"><video class=\"wp-video-shortcode\" id=\"video-2005-4\" width=\"640\" height=\"360\" preload=\"metadata\" controls=\"controls\"><source type=\"video\/mp4\" src=\"https:\/\/bomberosalcala.org\/wp-content\/uploads\/2023\/02\/VID_20230228_115435.mp4?_=4\" \/><a href=\"https:\/\/bomberosalcala.org\/wp-content\/uploads\/2023\/02\/VID_20230228_115435.mp4\">https:\/\/bomberosalcala.org\/wp-content\/uploads\/2023\/02\/VID_20230228_115435.mp4<\/a><\/video><\/div>\n<p>2. ABRIR BOTELLA<\/p>\n<div style=\"width: 640px;\" class=\"wp-video\"><video class=\"wp-video-shortcode\" id=\"video-2005-5\" width=\"640\" height=\"360\" preload=\"metadata\" controls=\"controls\"><source type=\"video\/mp4\" src=\"https:\/\/bomberosalcala.org\/wp-content\/uploads\/2023\/02\/VID_20230228_115443.mp4https:\/\/bomberosalcala.org\/wp-content\/uploads\/2023\/02\/VID_20230228_115514.mp4?_=5\" \/><a href=\"https:\/\/bomberosalcala.org\/wp-content\/uploads\/2023\/02\/VID_20230228_115443.mp4https:\/\/bomberosalcala.org\/wp-content\/uploads\/2023\/02\/VID_20230228_115514.mp4\">https:\/\/bomberosalcala.org\/wp-content\/uploads\/2023\/02\/VID_20230228_115443.mp4https:\/\/bomberosalcala.org\/wp-content\/uploads\/2023\/02\/VID_20230228_115514.mp4<\/a><\/video><\/div>\n<p>SELECTOR DE DIRECCI\u00d3N DE GIRO<\/p>\n<p><img decoding=\"async\" width=\"1024\" height=\"576\" src=\"https:\/\/bomberosalcala.org\/wp-content\/uploads\/2023\/02\/IMG_20230228_115319_354-1024x576.jpg\" alt=\"\" loading=\"lazy\" srcset=\"https:\/\/bomberosalcala.org\/wp-content\/uploads\/2023\/02\/IMG_20230228_115319_354-1024x576.jpg 1024w, https:\/\/bomberosalcala.org\/wp-content\/uploads\/2023\/02\/IMG_20230228_115319_354-300x169.jpg 300w, https:\/\/bomberosalcala.org\/wp-content\/uploads\/2023\/02\/IMG_20230228_115319_354-768x432.jpg 768w, https:\/\/bomberosalcala.org\/wp-content\/uploads\/2023\/02\/IMG_20230228_115319_354.jpg 1280w\" sizes=\"auto, (max-width: 1024px) 100vw, 1024px\"><\/p>\n<p>NOTAR QUE EN EL PUNTO MEDIO DEL SELECTOR NO PROVOCA GIRO Y SI P\u00c9RDIDA DE AIRE<\/p>\n<p><div style=\"width: 640px;\" class=\"wp-video\"><video class=\"wp-video-shortcode\" id=\"video-2005-6\" width=\"640\" height=\"360\" preload=\"metadata\" controls=\"controls\"><source type=\"video\/mp4\" src=\"https:\/\/bomberosalcala.org\/wp-content\/uploads\/2023\/02\/VID_20230228_115514-1.mp4https:\/\/bomberosalcala.org\/wp-content\/uploads\/2023\/02\/VID_20230228_115535.mp4?_=6\" \/><a href=\"https:\/\/bomberosalcala.org\/wp-content\/uploads\/2023\/02\/VID_20230228_115514-1.mp4https:\/\/bomberosalcala.org\/wp-content\/uploads\/2023\/02\/VID_20230228_115535.mp4\">https:\/\/bomberosalcala.org\/wp-content\/uploads\/2023\/02\/VID_20230228_115514-1.mp4https:\/\/bomberosalcala.org\/wp-content\/uploads\/2023\/02\/VID_20230228_115535.mp4<\/a><\/video><\/div><br \/>\n<img decoding=\"async\" width=\"576\" height=\"1024\" src=\"https:\/\/bomberosalcala.org\/wp-content\/uploads\/2023\/02\/IMG_20230228_115039_248-576x1024.jpg\" alt=\"\" loading=\"lazy\" srcset=\"https:\/\/bomberosalcala.org\/wp-content\/uploads\/2023\/02\/IMG_20230228_115039_248-576x1024.jpg 576w, https:\/\/bomberosalcala.org\/wp-content\/uploads\/2023\/02\/IMG_20230228_115039_248-169x300.jpg 169w, https:\/\/bomberosalcala.org\/wp-content\/uploads\/2023\/02\/IMG_20230228_115039_248-rotated.jpg 720w\" sizes=\"auto, (max-width: 576px) 100vw, 576px\"><\/p>\n<p>El PERCUTOR NEUM\u00c1TICO puede configurarse con dos modos de potencia.&nbsp;<\/p>\n<p>1.CABEZAL NORMAL (+Potencia)<\/p>\n<p>2.CABEZAL MUELLE (-Potencia)<\/p>\n<div style=\"width: 640px;\" class=\"wp-video\"><video class=\"wp-video-shortcode\" id=\"video-2005-7\" width=\"640\" height=\"360\" preload=\"metadata\" controls=\"controls\"><source type=\"video\/mp4\" src=\"https:\/\/bomberosalcala.org\/wp-content\/uploads\/2023\/02\/VID_20230228_120152.mp4https:\/\/bomberosalcala.org\/wp-content\/uploads\/2023\/02\/VID_20230228_120258.mp4https:\/\/bomberosalcala.org\/wp-content\/uploads\/2023\/02\/VID_20230228_120346.mp4https:\/\/bomberosalcala.org\/wp-content\/uploads\/2023\/02\/VID_20230228_120412.mp4?_=7\" \/><a href=\"https:\/\/bomberosalcala.org\/wp-content\/uploads\/2023\/02\/VID_20230228_120152.mp4https:\/\/bomberosalcala.org\/wp-content\/uploads\/2023\/02\/VID_20230228_120258.mp4https:\/\/bomberosalcala.org\/wp-content\/uploads\/2023\/02\/VID_20230228_120346.mp4https:\/\/bomberosalcala.org\/wp-content\/uploads\/2023\/02\/VID_20230228_120412.mp4\">https:\/\/bomberosalcala.org\/wp-content\/uploads\/2023\/02\/VID_20230228_120152.mp4https:\/\/bomberosalcala.org\/wp-content\/uploads\/2023\/02\/VID_20230228_120258.mp4https:\/\/bomberosalcala.org\/wp-content\/uploads\/2023\/02\/VID_20230228_120346.mp4https:\/\/bomberosalcala.org\/wp-content\/uploads\/2023\/02\/VID_20230228_120412.mp4<\/a><\/video><\/div>\n","protected":false},"excerpt":{"rendered":"<p>FICHA DE LA PR\u00c1CTICA 0. Material para la pr\u00e1ctica 1. Manejo de RADIAL Colocaci\u00f3n y comprobaci\u00f3n de carcasa protectora https:\/\/bomberosalcala.org\/wp-content\/uploads\/2023\/02\/VID_20230228_105420.mp4 Colocaci\u00f3n y cambio de disco de corte (Metal o piedra) https:\/\/bomberosalcala.org\/wp-content\/uploads\/2023\/02\/VID_20230228_105611.mp4 Posici\u00f3n correcta de disco y tuerca de fijaci\u00f3n Posiciones incorrectas de disco y de tuerca de fijaci\u00f3n.&nbsp; NOTAR QUE LA TUERCA TIENE UN SALIENTE [&hellip;]<\/p>\n","protected":false},"author":1,"featured_media":0,"parent":0,"menu_order":0,"comment_status":"closed","ping_status":"closed","template":"","meta":{"_monsterinsights_skip_tracking":false,"_monsterinsights_sitenote_active":false,"_monsterinsights_sitenote_note":"","_monsterinsights_sitenote_category":0,"footnotes":""},"class_list":["post-2005","page","type-page","status-publish","hentry"],"aioseo_notices":[],"_links":{"self":[{"href":"https:\/\/bomberosalcala.org\/index.php\/wp-json\/wp\/v2\/pages\/2005","targetHints":{"allow":["GET"]}}],"collection":[{"href":"https:\/\/bomberosalcala.org\/index.php\/wp-json\/wp\/v2\/pages"}],"about":[{"href":"https:\/\/bomberosalcala.org\/index.php\/wp-json\/wp\/v2\/types\/page"}],"author":[{"embeddable":true,"href":"https:\/\/bomberosalcala.org\/index.php\/wp-json\/wp\/v2\/users\/1"}],"replies":[{"embeddable":true,"href":"https:\/\/bomberosalcala.org\/index.php\/wp-json\/wp\/v2\/comments?post=2005"}],"version-history":[{"count":8,"href":"https:\/\/bomberosalcala.org\/index.php\/wp-json\/wp\/v2\/pages\/2005\/revisions"}],"predecessor-version":[{"id":2251,"href":"https:\/\/bomberosalcala.org\/index.php\/wp-json\/wp\/v2\/pages\/2005\/revisions\/2251"}],"wp:attachment":[{"href":"https:\/\/bomberosalcala.org\/index.php\/wp-json\/wp\/v2\/media?parent=2005"}],"curies":[{"name":"wp","href":"https:\/\/api.w.org\/{rel}","templated":true}]}}