{"id":2061,"date":"2023-03-30T15:05:37","date_gmt":"2023-03-30T15:05:37","guid":{"rendered":"http:\/\/bomberosalcala.org\/?page_id=2061"},"modified":"2023-05-23T06:18:11","modified_gmt":"2023-05-23T06:18:11","slug":"equipos-10-instalacioneselectricas-e-iluminacion","status":"publish","type":"page","link":"https:\/\/bomberosalcala.org\/index.php\/equipos-10-instalacioneselectricas-e-iluminacion\/","title":{"rendered":"EQUIPOS 10. INSTALACIONES EL\u00c9CTRICAS E ILUMINACI\u00d3N"},"content":{"rendered":"<style>\/*! elementor - v3.8.0 - 30-10-2022 *\/<br \/>\n.elementor-heading-title{padding:0;margin:0;line-height:1}.elementor-widget-heading .elementor-heading-title[class*=elementor-size-]>a{color:inherit;font-size:inherit;line-height:inherit}.elementor-widget-heading .elementor-heading-title.elementor-size-small{font-size:15px}.elementor-widget-heading .elementor-heading-title.elementor-size-medium{font-size:19px}.elementor-widget-heading .elementor-heading-title.elementor-size-large{font-size:29px}.elementor-widget-heading .elementor-heading-title.elementor-size-xl{font-size:39px}.elementor-widget-heading .elementor-heading-title.elementor-size-xxl{font-size:59px}<\/style>\n<h2>Descargar la ficha de la pr\u00e1ctica<\/h2>\n<p><a href=\"https:\/\/bomberosalcala.org\/wp-content\/uploads\/2023\/03\/Equipos-10.-ELECTRICAS-E-ILUMINACION.pdf\" role=\"button\"><br \/>\nDESCARGAR EN PDF<br \/>\n<\/a><\/p>\n<h2>0. Materiales necesarios<\/h2>\n<p>&#8211; Malet\u00edn iluminaci\u00f3n PELI (M7)<\/p>\n<p>&#8211; Girafas de iluminaci\u00f3n M6 y M7<\/p>\n<style>\/*! elementor - v3.8.0 - 30-10-2022 *\/<br \/>\n.elementor-widget-image{text-align:center}.elementor-widget-image a{display:inline-block}.elementor-widget-image a img[src$=\".svg\"]{width:48px}.elementor-widget-image img{vertical-align:middle;display:inline-block}<\/style>\n<p>\t\t\t\t\t\t\t\t\t\t\t\t<img decoding=\"async\" width=\"1024\" height=\"576\" src=\"https:\/\/bomberosalcala.org\/wp-content\/uploads\/2023\/03\/WhatsApp-Image-2023-03-30-at-17.18.10-1024x576.jpeg\" alt=\"\" loading=\"lazy\" srcset=\"https:\/\/bomberosalcala.org\/wp-content\/uploads\/2023\/03\/WhatsApp-Image-2023-03-30-at-17.18.10-1024x576.jpeg 1024w, https:\/\/bomberosalcala.org\/wp-content\/uploads\/2023\/03\/WhatsApp-Image-2023-03-30-at-17.18.10-300x169.jpeg 300w, https:\/\/bomberosalcala.org\/wp-content\/uploads\/2023\/03\/WhatsApp-Image-2023-03-30-at-17.18.10-768x432.jpeg 768w, https:\/\/bomberosalcala.org\/wp-content\/uploads\/2023\/03\/WhatsApp-Image-2023-03-30-at-17.18.10.jpeg 1280w\" sizes=\"auto, (max-width: 1024px) 100vw, 1024px\"><\/p>\n<h2>1. EQUIPO DE ILUMINACI\u00d3N PELI<\/h2>\n<p>Consta de:<\/p>\n<p>&#8211; 2 l\u00e1mparas LED&nbsp;<\/p>\n<p>&#8211; 2 extensores<\/p>\n<p>&#8211; 1 cargador<\/p>\n<p><img decoding=\"async\" width=\"1024\" height=\"576\" src=\"https:\/\/bomberosalcala.org\/wp-content\/uploads\/2023\/03\/WhatsApp-Image-2023-03-30-at-17.18.08-1024x576.jpeg\" alt=\"\" loading=\"lazy\" srcset=\"https:\/\/bomberosalcala.org\/wp-content\/uploads\/2023\/03\/WhatsApp-Image-2023-03-30-at-17.18.08-1024x576.jpeg 1024w, https:\/\/bomberosalcala.org\/wp-content\/uploads\/2023\/03\/WhatsApp-Image-2023-03-30-at-17.18.08-300x169.jpeg 300w, https:\/\/bomberosalcala.org\/wp-content\/uploads\/2023\/03\/WhatsApp-Image-2023-03-30-at-17.18.08-768x432.jpeg 768w, https:\/\/bomberosalcala.org\/wp-content\/uploads\/2023\/03\/WhatsApp-Image-2023-03-30-at-17.18.08.jpeg 1280w\" sizes=\"auto, (max-width: 1024px) 100vw, 1024px\"><br \/>\n<img decoding=\"async\" width=\"1024\" height=\"576\" src=\"https:\/\/bomberosalcala.org\/wp-content\/uploads\/2023\/03\/WhatsApp-Image-2023-03-30-at-17.18.08-1-1024x576.jpeg\" alt=\"\" loading=\"lazy\" srcset=\"https:\/\/bomberosalcala.org\/wp-content\/uploads\/2023\/03\/WhatsApp-Image-2023-03-30-at-17.18.08-1-1024x576.jpeg 1024w, https:\/\/bomberosalcala.org\/wp-content\/uploads\/2023\/03\/WhatsApp-Image-2023-03-30-at-17.18.08-1-300x169.jpeg 300w, https:\/\/bomberosalcala.org\/wp-content\/uploads\/2023\/03\/WhatsApp-Image-2023-03-30-at-17.18.08-1-768x432.jpeg 768w, https:\/\/bomberosalcala.org\/wp-content\/uploads\/2023\/03\/WhatsApp-Image-2023-03-30-at-17.18.08-1.jpeg 1280w\" sizes=\"auto, (max-width: 1024px) 100vw, 1024px\"><\/p>\n<p>El equipo permite comprobar el estado de la bater\u00eda con solo pulsar el bot\u00f3n que vemos en la imagen.<\/p>\n<p><img decoding=\"async\" width=\"1024\" height=\"576\" src=\"https:\/\/bomberosalcala.org\/wp-content\/uploads\/2023\/03\/WhatsApp-Image-2023-03-30-at-17.18.09-1024x576.jpeg\" alt=\"\" loading=\"lazy\" srcset=\"https:\/\/bomberosalcala.org\/wp-content\/uploads\/2023\/03\/WhatsApp-Image-2023-03-30-at-17.18.09-1024x576.jpeg 1024w, https:\/\/bomberosalcala.org\/wp-content\/uploads\/2023\/03\/WhatsApp-Image-2023-03-30-at-17.18.09-300x169.jpeg 300w, https:\/\/bomberosalcala.org\/wp-content\/uploads\/2023\/03\/WhatsApp-Image-2023-03-30-at-17.18.09-768x432.jpeg 768w, https:\/\/bomberosalcala.org\/wp-content\/uploads\/2023\/03\/WhatsApp-Image-2023-03-30-at-17.18.09.jpeg 1280w\" sizes=\"auto, (max-width: 1024px) 100vw, 1024px\"><\/p>\n<p>Para conectar las l\u00e1mparas:<\/p>\n<p>1. Conectar el extensor en los asideros<\/p>\n<p>2. Enroscar la l\u00e1mpara<\/p>\n<p>3. Conectar la l\u00e1mpara<\/p>\n<div style=\"width: 640px;\" class=\"wp-video\"><video class=\"wp-video-shortcode\" id=\"video-2061-1\" width=\"640\" height=\"360\" preload=\"metadata\" controls=\"controls\"><source type=\"video\/mp4\" src=\"https:\/\/bomberosalcala.org\/wp-content\/uploads\/2023\/03\/WhatsApp-Video-2023-03-30-at-17.17.02.mp4https:\/\/bomberosalcala.org\/wp-content\/uploads\/2023\/03\/WhatsApp-Video-2023-03-30-at-17.17.02-1.mp4https:\/\/bomberosalcala.org\/wp-content\/uploads\/2023\/03\/WhatsApp-Video-2023-03-30-at-17.16.45.mp4?_=1\" \/><a href=\"https:\/\/bomberosalcala.org\/wp-content\/uploads\/2023\/03\/WhatsApp-Video-2023-03-30-at-17.17.02.mp4https:\/\/bomberosalcala.org\/wp-content\/uploads\/2023\/03\/WhatsApp-Video-2023-03-30-at-17.17.02-1.mp4https:\/\/bomberosalcala.org\/wp-content\/uploads\/2023\/03\/WhatsApp-Video-2023-03-30-at-17.16.45.mp4\">https:\/\/bomberosalcala.org\/wp-content\/uploads\/2023\/03\/WhatsApp-Video-2023-03-30-at-17.17.02.mp4https:\/\/bomberosalcala.org\/wp-content\/uploads\/2023\/03\/WhatsApp-Video-2023-03-30-at-17.17.02-1.mp4https:\/\/bomberosalcala.org\/wp-content\/uploads\/2023\/03\/WhatsApp-Video-2023-03-30-at-17.16.45.mp4<\/a><\/video><\/div>\n<p>En el panel de control podremos controlar la intensidad de las l\u00e1mparas de dos formas distintas:<\/p>\n<p>1. Con el bot\u00f3n sol: Selecci\u00f3n r\u00e1pida de tres intensidades distintas<\/p>\n<p>2. Con los botones flecha: Selecci\u00f3n precisa de intensidad demandada<\/p>\n<p>Notar que en pantalla aparecer\u00e1 la autonom\u00eda del sistema seg\u00fan el nivel de intensidad seleccionado<\/p>\n<div style=\"width: 640px;\" class=\"wp-video\"><video class=\"wp-video-shortcode\" id=\"video-2061-2\" width=\"640\" height=\"360\" preload=\"metadata\" controls=\"controls\"><source type=\"video\/mp4\" src=\"https:\/\/bomberosalcala.org\/wp-content\/uploads\/2023\/03\/WhatsApp-Video-2023-03-30-at-17.16.45-1.mp4https:\/\/bomberosalcala.org\/wp-content\/uploads\/2023\/03\/WhatsApp-Video-2023-03-30-at-17.16.31.mp4?_=2\" \/><a href=\"https:\/\/bomberosalcala.org\/wp-content\/uploads\/2023\/03\/WhatsApp-Video-2023-03-30-at-17.16.45-1.mp4https:\/\/bomberosalcala.org\/wp-content\/uploads\/2023\/03\/WhatsApp-Video-2023-03-30-at-17.16.31.mp4\">https:\/\/bomberosalcala.org\/wp-content\/uploads\/2023\/03\/WhatsApp-Video-2023-03-30-at-17.16.45-1.mp4https:\/\/bomberosalcala.org\/wp-content\/uploads\/2023\/03\/WhatsApp-Video-2023-03-30-at-17.16.31.mp4<\/a><\/video><\/div>\n<h2>2. EQUIPO DE ILUMINACI\u00d3N M7<\/h2>\n<p>La girafa del M7 Dispone de un mando port\u00e1til situado en el cofre delantero derecho.<\/p>\n<p>Podemos controlar todos sus movimientos.<\/p>\n<p>Al pulsar la tecla de FLECHA ABAJO volver\u00e1 a su posici\u00f3n original desde el punto en el que se encuentre.&nbsp;<\/p>\n<div style=\"width: 640px;\" class=\"wp-video\"><video class=\"wp-video-shortcode\" id=\"video-2061-3\" width=\"640\" height=\"360\" preload=\"metadata\" controls=\"controls\"><source type=\"video\/mp4\" src=\"https:\/\/bomberosalcala.org\/wp-content\/uploads\/2023\/03\/WhatsApp-Video-2023-03-30-at-17.16.01.mp4https:\/\/bomberosalcala.org\/wp-content\/uploads\/2023\/03\/WhatsApp-Video-2023-03-30-at-17.15.42.mp4?_=3\" \/><a href=\"https:\/\/bomberosalcala.org\/wp-content\/uploads\/2023\/03\/WhatsApp-Video-2023-03-30-at-17.16.01.mp4https:\/\/bomberosalcala.org\/wp-content\/uploads\/2023\/03\/WhatsApp-Video-2023-03-30-at-17.15.42.mp4\">https:\/\/bomberosalcala.org\/wp-content\/uploads\/2023\/03\/WhatsApp-Video-2023-03-30-at-17.16.01.mp4https:\/\/bomberosalcala.org\/wp-content\/uploads\/2023\/03\/WhatsApp-Video-2023-03-30-at-17.15.42.mp4<\/a><\/video><\/div>\n<p>Al igual que el mando port\u00e1til, en el panel de mando de la bomba se pueden realizar todas las funciones.<\/p>\n<p>Para volver a la posici\u00f3n original, pulsar la tecla PARK<\/p>\n<div style=\"width: 640px;\" class=\"wp-video\"><video class=\"wp-video-shortcode\" id=\"video-2061-4\" width=\"640\" height=\"360\" preload=\"metadata\" controls=\"controls\"><source type=\"video\/mp4\" src=\"https:\/\/bomberosalcala.org\/wp-content\/uploads\/2023\/03\/WhatsApp-Video-2023-03-30-at-17.15.20-1.mp4?_=4\" \/><a href=\"https:\/\/bomberosalcala.org\/wp-content\/uploads\/2023\/03\/WhatsApp-Video-2023-03-30-at-17.15.20-1.mp4\">https:\/\/bomberosalcala.org\/wp-content\/uploads\/2023\/03\/WhatsApp-Video-2023-03-30-at-17.15.20-1.mp4<\/a><\/video><\/div>\n","protected":false},"excerpt":{"rendered":"<p>Descargar la ficha de la pr\u00e1ctica DESCARGAR EN PDF 0. Materiales necesarios &#8211; Malet\u00edn iluminaci\u00f3n PELI (M7) &#8211; Girafas de iluminaci\u00f3n M6 y M7 1. EQUIPO DE ILUMINACI\u00d3N PELI Consta de: &#8211; 2 l\u00e1mparas LED&nbsp; &#8211; 2 extensores &#8211; 1 cargador El equipo permite comprobar el estado de la bater\u00eda con solo pulsar el bot\u00f3n [&hellip;]<\/p>\n","protected":false},"author":1,"featured_media":0,"parent":0,"menu_order":0,"comment_status":"closed","ping_status":"closed","template":"","meta":{"_monsterinsights_skip_tracking":false,"_monsterinsights_sitenote_active":false,"_monsterinsights_sitenote_note":"","_monsterinsights_sitenote_category":0,"footnotes":""},"class_list":["post-2061","page","type-page","status-publish","hentry"],"aioseo_notices":[],"_links":{"self":[{"href":"https:\/\/bomberosalcala.org\/index.php\/wp-json\/wp\/v2\/pages\/2061","targetHints":{"allow":["GET"]}}],"collection":[{"href":"https:\/\/bomberosalcala.org\/index.php\/wp-json\/wp\/v2\/pages"}],"about":[{"href":"https:\/\/bomberosalcala.org\/index.php\/wp-json\/wp\/v2\/types\/page"}],"author":[{"embeddable":true,"href":"https:\/\/bomberosalcala.org\/index.php\/wp-json\/wp\/v2\/users\/1"}],"replies":[{"embeddable":true,"href":"https:\/\/bomberosalcala.org\/index.php\/wp-json\/wp\/v2\/comments?post=2061"}],"version-history":[{"count":21,"href":"https:\/\/bomberosalcala.org\/index.php\/wp-json\/wp\/v2\/pages\/2061\/revisions"}],"predecessor-version":[{"id":2248,"href":"https:\/\/bomberosalcala.org\/index.php\/wp-json\/wp\/v2\/pages\/2061\/revisions\/2248"}],"wp:attachment":[{"href":"https:\/\/bomberosalcala.org\/index.php\/wp-json\/wp\/v2\/media?parent=2061"}],"curies":[{"name":"wp","href":"https:\/\/api.w.org\/{rel}","templated":true}]}}