{"id":2111,"date":"2023-04-14T09:58:05","date_gmt":"2023-04-14T09:58:05","guid":{"rendered":"http:\/\/bomberosalcala.org\/?page_id=2111"},"modified":"2023-04-14T10:40:06","modified_gmt":"2023-04-14T10:40:06","slug":"equipos-11-uso-y-manejo-de-tracteles-manuales","status":"publish","type":"page","link":"https:\/\/bomberosalcala.org\/index.php\/equipos-11-uso-y-manejo-de-tracteles-manuales\/","title":{"rendered":"EQUIPOS 11. USO Y MANEJO DE TR\u00c1CTELES MANUALES"},"content":{"rendered":"<style>\/*! elementor - v3.8.0 - 30-10-2022 *\/\n.elementor-heading-title{padding:0;margin:0;line-height:1}.elementor-widget-heading .elementor-heading-title[class*=elementor-size-]>a{color:inherit;font-size:inherit;line-height:inherit}.elementor-widget-heading .elementor-heading-title.elementor-size-small{font-size:15px}.elementor-widget-heading .elementor-heading-title.elementor-size-medium{font-size:19px}.elementor-widget-heading .elementor-heading-title.elementor-size-large{font-size:29px}.elementor-widget-heading .elementor-heading-title.elementor-size-xl{font-size:39px}.elementor-widget-heading .elementor-heading-title.elementor-size-xxl{font-size:59px}<\/style>\n<h2>Descarga la ficha de la pr\u00e1ctica<\/h2>\n<p>\t\t\t<a href=\"https:\/\/bomberosalcala.org\/wp-content\/uploads\/2023\/04\/Equipos-11.-TRACTELES-MANUALES.pdf\" role=\"button\"><br \/>\n\t\t\t\t\t\tDESCARGAR EN PDF<br \/>\n\t\t\t\t\t<\/a><\/p>\n<h2>0. Materiales de la pr\u00e1ctica<br \/><\/h2>\n<p><b>Tr\u00e1ctel T35 (Grande)<\/b><\/p>\n<p>Capacidad tracci\u00f3n: 5.000Kg<\/p>\n<p>Capacidad elevaci\u00f3n: 3.000Kg<\/p>\n<style>\/*! elementor - v3.8.0 - 30-10-2022 *\/\n.elementor-widget-image{text-align:center}.elementor-widget-image a{display:inline-block}.elementor-widget-image a img[src$=\".svg\"]{width:48px}.elementor-widget-image img{vertical-align:middle;display:inline-block}<\/style>\n<p>\t\t\t\t\t\t\t\t\t\t\t\t<img decoding=\"async\" width=\"1024\" height=\"576\" src=\"https:\/\/bomberosalcala.org\/wp-content\/uploads\/2023\/04\/WhatsApp-Image-2023-04-14-at-11.53.53-1-1024x576.jpeg\" alt=\"\" loading=\"lazy\" srcset=\"https:\/\/bomberosalcala.org\/wp-content\/uploads\/2023\/04\/WhatsApp-Image-2023-04-14-at-11.53.53-1-1024x576.jpeg 1024w, https:\/\/bomberosalcala.org\/wp-content\/uploads\/2023\/04\/WhatsApp-Image-2023-04-14-at-11.53.53-1-300x169.jpeg 300w, https:\/\/bomberosalcala.org\/wp-content\/uploads\/2023\/04\/WhatsApp-Image-2023-04-14-at-11.53.53-1-768x432.jpeg 768w, https:\/\/bomberosalcala.org\/wp-content\/uploads\/2023\/04\/WhatsApp-Image-2023-04-14-at-11.53.53-1.jpeg 1280w\" sizes=\"auto, (max-width: 1024px) 100vw, 1024px\" \/>\t\t\t\t\t\t\t\t\t\t\t\t\t\t\t<\/p>\n<p><b>Tr\u00e1ctel T13 (Chico)<\/b><\/p>\n<p>Capacidad elevaci\u00f3n: 1.500 Kg<\/p>\n<p>Capacidad de tracci\u00f3n: 1.500 Kg<\/p>\n<p>Carga de rotura del cable: 8.000Kg<\/p>\n<p>\t\t\t\t\t\t\t\t\t\t\t\t\t\t\t<img decoding=\"async\" width=\"502\" height=\"279\" src=\"https:\/\/bomberosalcala.org\/wp-content\/uploads\/2023\/04\/tractel-chico.jpg\" alt=\"\" loading=\"lazy\" srcset=\"https:\/\/bomberosalcala.org\/wp-content\/uploads\/2023\/04\/tractel-chico.jpg 502w, https:\/\/bomberosalcala.org\/wp-content\/uploads\/2023\/04\/tractel-chico-300x167.jpg 300w\" sizes=\"auto, (max-width: 502px) 100vw, 502px\" \/>\t\t\t\t\t\t\t\t\t\t\t\t\t\t\t<\/p>\n<h2>1. Tr\u00e1ctel T35 (Grande)<\/h2>\n<p><b>EMBRAGAR <\/b>(Dejar libre el cable).<\/p>\n<p>\u00a0<\/p>\n<p>https:\/\/bomberosalcala.org\/wp-content\/uploads\/2023\/04\/WhatsApp-Video-2023-04-14-at-11.54.01.mp4https:\/\/bomberosalcala.org\/wp-content\/uploads\/2023\/04\/WhatsApp-Video-2023-04-14-at-11.58.07.mp4https:\/\/bomberosalcala.org\/wp-content\/uploads\/2023\/04\/WhatsApp-Video-2023-04-14-at-11.54.09.mp4<\/p>\n<p><b>TRACCI\u00d3N<\/b><\/p>\n<p>https:\/\/bomberosalcala.org\/wp-content\/uploads\/2023\/04\/WhatsApp-Video-2023-04-14-at-11.54.26.mp4\t\t<\/p>\n<h2>2. Tr\u00e1ctel T13 (Chico)<\/h2>\n<p><b>EMBRAGAR<\/b><\/p>\n<p>https:\/\/bomberosalcala.org\/wp-content\/uploads\/2023\/04\/WhatsApp-Video-2023-04-14-at-11.59.00.mp4<\/p>\n<p><b>TRACCI\u00d3N<\/b><\/p>\n<p>https:\/\/bomberosalcala.org\/wp-content\/uploads\/2023\/04\/WhatsApp-Video-2023-04-14-at-11.58.38.mp4\t\t<\/p>\n<h2>3. Maniobra completa de arrastre<\/h2>\n<div style=\"width: 640px;\" class=\"wp-video\"><video class=\"wp-video-shortcode\" id=\"video-2111-1\" width=\"640\" height=\"360\" preload=\"metadata\" controls=\"controls\"><source type=\"video\/mp4\" src=\"https:\/\/bomberosalcala.org\/wp-content\/uploads\/2023\/04\/WhatsApp-Video-2023-04-14-at-11.59.31.mp4https:\/\/bomberosalcala.org\/wp-content\/uploads\/2023\/04\/WhatsApp-Video-2023-04-14-at-11.59.39.mp4https:\/\/bomberosalcala.org\/wp-content\/uploads\/2023\/04\/WhatsApp-Video-2023-04-14-at-11.59.53.mp4https:\/\/bomberosalcala.org\/wp-content\/uploads\/2023\/04\/WhatsApp-Video-2023-04-14-at-12.00.33.mp4?_=1\" \/><a href=\"https:\/\/bomberosalcala.org\/wp-content\/uploads\/2023\/04\/WhatsApp-Video-2023-04-14-at-11.59.31.mp4https:\/\/bomberosalcala.org\/wp-content\/uploads\/2023\/04\/WhatsApp-Video-2023-04-14-at-11.59.39.mp4https:\/\/bomberosalcala.org\/wp-content\/uploads\/2023\/04\/WhatsApp-Video-2023-04-14-at-11.59.53.mp4https:\/\/bomberosalcala.org\/wp-content\/uploads\/2023\/04\/WhatsApp-Video-2023-04-14-at-12.00.33.mp4\">https:\/\/bomberosalcala.org\/wp-content\/uploads\/2023\/04\/WhatsApp-Video-2023-04-14-at-11.59.31.mp4https:\/\/bomberosalcala.org\/wp-content\/uploads\/2023\/04\/WhatsApp-Video-2023-04-14-at-11.59.39.mp4https:\/\/bomberosalcala.org\/wp-content\/uploads\/2023\/04\/WhatsApp-Video-2023-04-14-at-11.59.53.mp4https:\/\/bomberosalcala.org\/wp-content\/uploads\/2023\/04\/WhatsApp-Video-2023-04-14-at-12.00.33.mp4<\/a><\/video><\/div>\n","protected":false},"excerpt":{"rendered":"<p>Descarga la ficha de la pr\u00e1ctica DESCARGAR EN PDF 0. Materiales de la pr\u00e1ctica Tr\u00e1ctel T35 (Grande) Capacidad tracci\u00f3n: 5.000Kg Capacidad elevaci\u00f3n: 3.000Kg Tr\u00e1ctel T13 (Chico) Capacidad elevaci\u00f3n: 1.500 Kg Capacidad de tracci\u00f3n: 1.500 Kg Carga de rotura del cable: 8.000Kg 1. Tr\u00e1ctel T35 (Grande) EMBRAGAR (Dejar libre el cable). \u00a0 https:\/\/bomberosalcala.org\/wp-content\/uploads\/2023\/04\/WhatsApp-Video-2023-04-14-at-11.54.01.mp4https:\/\/bomberosalcala.org\/wp-content\/uploads\/2023\/04\/WhatsApp-Video-2023-04-14-at-11.58.07.mp4https:\/\/bomberosalcala.org\/wp-content\/uploads\/2023\/04\/WhatsApp-Video-2023-04-14-at-11.54.09.mp4 TRACCI\u00d3N https:\/\/bomberosalcala.org\/wp-content\/uploads\/2023\/04\/WhatsApp-Video-2023-04-14-at-11.54.26.mp4 2. [&hellip;]<\/p>\n","protected":false},"author":1,"featured_media":0,"parent":0,"menu_order":0,"comment_status":"closed","ping_status":"closed","template":"","meta":{"_monsterinsights_skip_tracking":false,"_monsterinsights_sitenote_active":false,"_monsterinsights_sitenote_note":"","_monsterinsights_sitenote_category":0,"footnotes":""},"class_list":["post-2111","page","type-page","status-publish","hentry"],"aioseo_notices":[],"_links":{"self":[{"href":"https:\/\/bomberosalcala.org\/index.php\/wp-json\/wp\/v2\/pages\/2111","targetHints":{"allow":["GET"]}}],"collection":[{"href":"https:\/\/bomberosalcala.org\/index.php\/wp-json\/wp\/v2\/pages"}],"about":[{"href":"https:\/\/bomberosalcala.org\/index.php\/wp-json\/wp\/v2\/types\/page"}],"author":[{"embeddable":true,"href":"https:\/\/bomberosalcala.org\/index.php\/wp-json\/wp\/v2\/users\/1"}],"replies":[{"embeddable":true,"href":"https:\/\/bomberosalcala.org\/index.php\/wp-json\/wp\/v2\/comments?post=2111"}],"version-history":[{"count":40,"href":"https:\/\/bomberosalcala.org\/index.php\/wp-json\/wp\/v2\/pages\/2111\/revisions"}],"predecessor-version":[{"id":2175,"href":"https:\/\/bomberosalcala.org\/index.php\/wp-json\/wp\/v2\/pages\/2111\/revisions\/2175"}],"wp:attachment":[{"href":"https:\/\/bomberosalcala.org\/index.php\/wp-json\/wp\/v2\/media?parent=2111"}],"curies":[{"name":"wp","href":"https:\/\/api.w.org\/{rel}","templated":true}]}}