{"id":2192,"date":"2023-04-27T13:13:05","date_gmt":"2023-04-27T13:13:05","guid":{"rendered":"http:\/\/bomberosalcala.org\/?page_id=2192"},"modified":"2023-04-28T06:23:17","modified_gmt":"2023-04-28T06:23:17","slug":"equipos-13-sierra-sable","status":"publish","type":"page","link":"https:\/\/bomberosalcala.org\/index.php\/equipos-13-sierra-sable\/","title":{"rendered":"EQUIPOS 13.SIERRA SABLE"},"content":{"rendered":"<style>\/*! elementor - v3.8.0 - 30-10-2022 *\/\n.elementor-heading-title{padding:0;margin:0;line-height:1}.elementor-widget-heading .elementor-heading-title[class*=elementor-size-]>a{color:inherit;font-size:inherit;line-height:inherit}.elementor-widget-heading .elementor-heading-title.elementor-size-small{font-size:15px}.elementor-widget-heading .elementor-heading-title.elementor-size-medium{font-size:19px}.elementor-widget-heading .elementor-heading-title.elementor-size-large{font-size:29px}.elementor-widget-heading .elementor-heading-title.elementor-size-xl{font-size:39px}.elementor-widget-heading .elementor-heading-title.elementor-size-xxl{font-size:59px}<\/style>\n<h2>0. Ficha de la pr\u00e1ctica<\/h2>\n<p>\t\t\t<a href=\"https:\/\/bomberosalcala.org\/wp-content\/uploads\/2023\/04\/Equipos-13.Manejo-de-Sierra-Sable.pdf\" role=\"button\"><br \/>\n\t\t\t\t\t\tDESCARGA en PDF<br \/>\n\t\t\t\t\t<\/a><\/p>\n<h2>1. Materiales<\/h2>\n<style>\/*! elementor - v3.8.0 - 30-10-2022 *\/\n.elementor-widget-image{text-align:center}.elementor-widget-image a{display:inline-block}.elementor-widget-image a img[src$=\".svg\"]{width:48px}.elementor-widget-image img{vertical-align:middle;display:inline-block}<\/style>\n<p>\t\t\t\t\t\t\t\t\t\t\t\t<img decoding=\"async\" width=\"1024\" height=\"404\" src=\"https:\/\/bomberosalcala.org\/wp-content\/uploads\/2023\/04\/WhatsApp-Image-2023-04-27-at-15.14.53-2-1-1024x404.png\" alt=\"\" loading=\"lazy\" srcset=\"https:\/\/bomberosalcala.org\/wp-content\/uploads\/2023\/04\/WhatsApp-Image-2023-04-27-at-15.14.53-2-1-1024x404.png 1024w, https:\/\/bomberosalcala.org\/wp-content\/uploads\/2023\/04\/WhatsApp-Image-2023-04-27-at-15.14.53-2-1-300x118.png 300w, https:\/\/bomberosalcala.org\/wp-content\/uploads\/2023\/04\/WhatsApp-Image-2023-04-27-at-15.14.53-2-1-768x303.png 768w, https:\/\/bomberosalcala.org\/wp-content\/uploads\/2023\/04\/WhatsApp-Image-2023-04-27-at-15.14.53-2-1.png 1106w\" sizes=\"auto, (max-width: 1024px) 100vw, 1024px\" \/>\t\t\t\t\t\t\t\t\t\t\t\t\t\t\t<\/p>\n<p>Sierra Sable de bater\u00eda de M5. Con hoja de corte para la pr\u00e1ctica<\/p>\n<p>\t\t\t\t\t\t\t\t\t\t\t\t\t\t\t<img decoding=\"async\" width=\"55\" height=\"300\" src=\"https:\/\/bomberosalcala.org\/wp-content\/uploads\/2023\/04\/mad-55x300.png\" alt=\"\" loading=\"lazy\" srcset=\"https:\/\/bomberosalcala.org\/wp-content\/uploads\/2023\/04\/mad-55x300.png 55w, https:\/\/bomberosalcala.org\/wp-content\/uploads\/2023\/04\/mad-187x1024.png 187w, https:\/\/bomberosalcala.org\/wp-content\/uploads\/2023\/04\/mad.png 219w\" sizes=\"auto, (max-width: 55px) 100vw, 55px\" \/>\t\t\t\t\t\t\t\t\t\t\t\t\t\t\t<\/p>\n<p>Corte Madera<\/p>\n<p>\t\t\t\t\t\t\t\t\t\t\t\t\t\t\t<img decoding=\"async\" width=\"108\" height=\"300\" src=\"https:\/\/bomberosalcala.org\/wp-content\/uploads\/2023\/04\/etal-108x300.png\" alt=\"\" loading=\"lazy\" srcset=\"https:\/\/bomberosalcala.org\/wp-content\/uploads\/2023\/04\/etal-108x300.png 108w, https:\/\/bomberosalcala.org\/wp-content\/uploads\/2023\/04\/etal-367x1024.png 367w, https:\/\/bomberosalcala.org\/wp-content\/uploads\/2023\/04\/etal.png 459w\" sizes=\"auto, (max-width: 108px) 100vw, 108px\" \/>\t\t\t\t\t\t\t\t\t\t\t\t\t\t\t<\/p>\n<p>Corte metal<\/p>\n<p>\t\t\t\t\t\t\t\t\t\t\t\t\t\t\t<img decoding=\"async\" width=\"110\" height=\"300\" src=\"https:\/\/bomberosalcala.org\/wp-content\/uploads\/2023\/04\/mix-110x300.png\" alt=\"\" loading=\"lazy\" srcset=\"https:\/\/bomberosalcala.org\/wp-content\/uploads\/2023\/04\/mix-110x300.png 110w, https:\/\/bomberosalcala.org\/wp-content\/uploads\/2023\/04\/mix.png 313w\" sizes=\"auto, (max-width: 110px) 100vw, 110px\" \/>\t\t\t\t\t\t\t\t\t\t\t\t\t\t\t<\/p>\n<p>Corte multimaterial<\/p>\n<h2>2. Montaje<br \/><\/h2>\n<p>La hoja puede ser montada en las dos direcciones<\/p>\n<p>\t\t\t\t\t\t\t\t\t\t\t\t\t\t\t<img decoding=\"async\" width=\"487\" height=\"1024\" src=\"https:\/\/bomberosalcala.org\/wp-content\/uploads\/2023\/04\/WhatsApp-Image-2023-04-27-at-15.14.50-1-487x1024.png\" alt=\"\" loading=\"lazy\" srcset=\"https:\/\/bomberosalcala.org\/wp-content\/uploads\/2023\/04\/WhatsApp-Image-2023-04-27-at-15.14.50-1-487x1024.png 487w, https:\/\/bomberosalcala.org\/wp-content\/uploads\/2023\/04\/WhatsApp-Image-2023-04-27-at-15.14.50-1-143x300.png 143w, https:\/\/bomberosalcala.org\/wp-content\/uploads\/2023\/04\/WhatsApp-Image-2023-04-27-at-15.14.50-1.png 609w\" sizes=\"auto, (max-width: 487px) 100vw, 487px\" \/><br \/>\n\t\t\t\t\t\t\t\t\t\t\t\t\t\t\t<img decoding=\"async\" width=\"498\" height=\"1024\" src=\"https:\/\/bomberosalcala.org\/wp-content\/uploads\/2023\/04\/WhatsApp-Image-2023-04-27-at-15.14.50-498x1024.png\" alt=\"\" loading=\"lazy\" srcset=\"https:\/\/bomberosalcala.org\/wp-content\/uploads\/2023\/04\/WhatsApp-Image-2023-04-27-at-15.14.50-498x1024.png 498w, https:\/\/bomberosalcala.org\/wp-content\/uploads\/2023\/04\/WhatsApp-Image-2023-04-27-at-15.14.50-146x300.png 146w, https:\/\/bomberosalcala.org\/wp-content\/uploads\/2023\/04\/WhatsApp-Image-2023-04-27-at-15.14.50.png 622w\" sizes=\"auto, (max-width: 498px) 100vw, 498px\" \/>\t\t\t\t\t\t\t\t\t\t\t\t\t\t\t<\/p>\n<p>Para cambiar la hoja, seleccionar el bloqueo (candado) o mejor desconectar la bater\u00eda<\/p>\n<p>\t\t\t\t\t\t\t\t\t\t\t\t\t\t\t<img decoding=\"async\" width=\"576\" height=\"1024\" src=\"https:\/\/bomberosalcala.org\/wp-content\/uploads\/2023\/04\/WhatsApp-Image-2023-04-27-at-15.14.51-2-576x1024.jpeg\" alt=\"\" loading=\"lazy\" srcset=\"https:\/\/bomberosalcala.org\/wp-content\/uploads\/2023\/04\/WhatsApp-Image-2023-04-27-at-15.14.51-2-576x1024.jpeg 576w, https:\/\/bomberosalcala.org\/wp-content\/uploads\/2023\/04\/WhatsApp-Image-2023-04-27-at-15.14.51-2-169x300.jpeg 169w, https:\/\/bomberosalcala.org\/wp-content\/uploads\/2023\/04\/WhatsApp-Image-2023-04-27-at-15.14.51-2.jpeg 720w\" sizes=\"auto, (max-width: 576px) 100vw, 576px\" \/><br \/>\n\t\t<div style=\"width: 640px;\" class=\"wp-video\"><video class=\"wp-video-shortcode\" id=\"video-2192-1\" width=\"640\" height=\"360\" preload=\"metadata\" controls=\"controls\"><source type=\"video\/mp4\" src=\"https:\/\/bomberosalcala.org\/wp-content\/uploads\/2023\/04\/WhatsApp-Video-2023-04-28-at-07.48.54.mp4?_=1\" \/><a href=\"https:\/\/bomberosalcala.org\/wp-content\/uploads\/2023\/04\/WhatsApp-Video-2023-04-28-at-07.48.54.mp4\">https:\/\/bomberosalcala.org\/wp-content\/uploads\/2023\/04\/WhatsApp-Video-2023-04-28-at-07.48.54.mp4<\/a><\/video><\/div>\t\t<\/p>\n<h2>3. Trabajo pr\u00e1ctico<\/h2>\n<p>Se trata de probar a cortar arcos de circunferencia con distintos radios, de mayor a menor.\u00a0<\/p>\n<p>\t\t\t\t\t\t\t\t\t\t\t\t\t\t\t<img decoding=\"async\" width=\"576\" height=\"1024\" src=\"https:\/\/bomberosalcala.org\/wp-content\/uploads\/2023\/04\/WhatsApp-Image-2023-04-27-at-15.14.52-1-576x1024.jpeg\" alt=\"\" loading=\"lazy\" srcset=\"https:\/\/bomberosalcala.org\/wp-content\/uploads\/2023\/04\/WhatsApp-Image-2023-04-27-at-15.14.52-1-576x1024.jpeg 576w, https:\/\/bomberosalcala.org\/wp-content\/uploads\/2023\/04\/WhatsApp-Image-2023-04-27-at-15.14.52-1-169x300.jpeg 169w, https:\/\/bomberosalcala.org\/wp-content\/uploads\/2023\/04\/WhatsApp-Image-2023-04-27-at-15.14.52-1.jpeg 720w\" sizes=\"auto, (max-width: 576px) 100vw, 576px\" \/>\t\t\t\t\t\t\t\t\t\t\t\t\t\t\t<\/p>\n<p>Este es el radio menor que se ha conseguido cortar con un poco de dificultad<\/p>\n<p>\t\t\t\t\t\t\t\t\t\t\t\t\t\t\t<img decoding=\"async\" width=\"576\" height=\"1024\" src=\"https:\/\/bomberosalcala.org\/wp-content\/uploads\/2023\/04\/WhatsApp-Image-2023-04-27-at-15.14.52-1-1-576x1024.jpeg\" alt=\"\" loading=\"lazy\" srcset=\"https:\/\/bomberosalcala.org\/wp-content\/uploads\/2023\/04\/WhatsApp-Image-2023-04-27-at-15.14.52-1-1-576x1024.jpeg 576w, https:\/\/bomberosalcala.org\/wp-content\/uploads\/2023\/04\/WhatsApp-Image-2023-04-27-at-15.14.52-1-1-169x300.jpeg 169w, https:\/\/bomberosalcala.org\/wp-content\/uploads\/2023\/04\/WhatsApp-Image-2023-04-27-at-15.14.52-1-1.jpeg 720w\" sizes=\"auto, (max-width: 576px) 100vw, 576px\" \/><br \/>\n\t\t<div style=\"width: 640px;\" class=\"wp-video\"><video class=\"wp-video-shortcode\" id=\"video-2192-2\" width=\"640\" height=\"360\" preload=\"metadata\" controls=\"controls\"><source type=\"video\/mp4\" src=\"https:\/\/bomberosalcala.org\/wp-content\/uploads\/2023\/04\/WhatsApp-Video-2023-04-28-at-08.01.13.mp4?_=2\" \/><a href=\"https:\/\/bomberosalcala.org\/wp-content\/uploads\/2023\/04\/WhatsApp-Video-2023-04-28-at-08.01.13.mp4\">https:\/\/bomberosalcala.org\/wp-content\/uploads\/2023\/04\/WhatsApp-Video-2023-04-28-at-08.01.13.mp4<\/a><\/video><\/div><\/p>\n","protected":false},"excerpt":{"rendered":"<p>0. Ficha de la pr\u00e1ctica DESCARGA en PDF 1. Materiales Sierra Sable de bater\u00eda de M5. Con hoja de corte para la pr\u00e1ctica Corte Madera Corte metal Corte multimaterial 2. Montaje La hoja puede ser montada en las dos direcciones Para cambiar la hoja, seleccionar el bloqueo (candado) o mejor desconectar la bater\u00eda https:\/\/bomberosalcala.org\/wp-content\/uploads\/2023\/04\/WhatsApp-Video-2023-04-28-at-07.48.54.mp4 3. [&hellip;]<\/p>\n","protected":false},"author":1,"featured_media":0,"parent":0,"menu_order":0,"comment_status":"closed","ping_status":"closed","template":"","meta":{"_monsterinsights_skip_tracking":false,"_monsterinsights_sitenote_active":false,"_monsterinsights_sitenote_note":"","_monsterinsights_sitenote_category":0,"footnotes":""},"class_list":["post-2192","page","type-page","status-publish","hentry"],"aioseo_notices":[],"_links":{"self":[{"href":"https:\/\/bomberosalcala.org\/index.php\/wp-json\/wp\/v2\/pages\/2192","targetHints":{"allow":["GET"]}}],"collection":[{"href":"https:\/\/bomberosalcala.org\/index.php\/wp-json\/wp\/v2\/pages"}],"about":[{"href":"https:\/\/bomberosalcala.org\/index.php\/wp-json\/wp\/v2\/types\/page"}],"author":[{"embeddable":true,"href":"https:\/\/bomberosalcala.org\/index.php\/wp-json\/wp\/v2\/users\/1"}],"replies":[{"embeddable":true,"href":"https:\/\/bomberosalcala.org\/index.php\/wp-json\/wp\/v2\/comments?post=2192"}],"version-history":[{"count":31,"href":"https:\/\/bomberosalcala.org\/index.php\/wp-json\/wp\/v2\/pages\/2192\/revisions"}],"predecessor-version":[{"id":2240,"href":"https:\/\/bomberosalcala.org\/index.php\/wp-json\/wp\/v2\/pages\/2192\/revisions\/2240"}],"wp:attachment":[{"href":"https:\/\/bomberosalcala.org\/index.php\/wp-json\/wp\/v2\/media?parent=2192"}],"curies":[{"name":"wp","href":"https:\/\/api.w.org\/{rel}","templated":true}]}}