{"id":2310,"date":"2025-02-04T11:47:53","date_gmt":"2025-02-04T11:47:53","guid":{"rendered":"https:\/\/bomberosalcala.org\/?page_id=2310"},"modified":"2025-02-04T12:14:01","modified_gmt":"2025-02-04T12:14:01","slug":"inmovilizacion-tabla-espinaldama-elchearana","status":"publish","type":"page","link":"https:\/\/bomberosalcala.org\/index.php\/inmovilizacion-tabla-espinaldama-elchearana\/","title":{"rendered":"INMOVILIZACI\u00d3N. TABLA ESPINAL,DAMA ELCHE,ARA\u00d1A"},"content":{"rendered":"<style>\/*! elementor - v3.8.0 - 30-10-2022 *\/\n.elementor-heading-title{padding:0;margin:0;line-height:1}.elementor-widget-heading .elementor-heading-title[class*=elementor-size-]>a{color:inherit;font-size:inherit;line-height:inherit}.elementor-widget-heading .elementor-heading-title.elementor-size-small{font-size:15px}.elementor-widget-heading .elementor-heading-title.elementor-size-medium{font-size:19px}.elementor-widget-heading .elementor-heading-title.elementor-size-large{font-size:29px}.elementor-widget-heading .elementor-heading-title.elementor-size-xl{font-size:39px}.elementor-widget-heading .elementor-heading-title.elementor-size-xxl{font-size:59px}<\/style>\n<h2>0. OBJETIVO<\/h2>\n<p style=\"margin-left: 36.0pt; text-align: justify;\">Establecer un procedimiento seguro para la inmovilizaci\u00f3n de v\u00edctimas utilizando tabla espinal, dama de Elche y ara\u00f1a en el servicio de bomberos, garantizando la seguridad tanto del paciente como del personal de rescate<\/p>\n<h2>1. MATERIAL NECESARIO<\/h2>\n<p style=\"margin-left: 74.7pt; text-indent: -18.0pt; mso-list: l0 level1 lfo1;\"><!-- [if !supportLists]-->\u00b7\u00a0\u00a0\u00a0\u00a0\u00a0\u00a0 <!--[endif]-->Tabla espinal \/ camilla cuchara<\/p>\n<p style=\"margin-left: 74.7pt; text-indent: -18.0pt; mso-list: l0 level1 lfo1;\"><!-- [if !supportLists]-->\u00b7\u00a0\u00a0\u00a0\u00a0\u00a0\u00a0 <!--[endif]-->Ara\u00f1a (sistema de correas)<\/p>\n<p style=\"margin-left: 74.7pt; text-indent: -18.0pt; mso-list: l0 level1 lfo1;\"><!-- [if !supportLists]-->\u00b7\u00a0\u00a0\u00a0\u00a0\u00a0\u00a0 <!--[endif]-->Dama de Elche (inmovilizador de cabeza)<\/p>\n<p>\u00a0<\/p>\n<p style=\"margin-left: 74.7pt; text-indent: -18.0pt; mso-list: l0 level1 lfo1;\"><!-- [if !supportLists]-->\u00b7\u00a0\u00a0\u00a0\u00a0\u00a0\u00a0 <!--[endif]-->Collar\u00edn cervical (varios tama\u00f1os)<\/p>\n<h2>2. COLOCACI\u00d3N MARCO DAMA ELCHE<\/h2>\n<p>1) Ajustar tira central<\/p>\n<p>\u00a0<\/p>\n<p>https:\/\/bomberosalcala.org\/wp-content\/uploads\/2025\/02\/WhatsApp-Video-2025-02-04-at-12.39.25.mp4<\/p>\n<p>2) Pasar tiras laterales entre el marco y la tabla espinal (para no tener las tiras bajo la tabla y que se puedan enganchar)<\/p>\n<p>https:\/\/bomberosalcala.org\/wp-content\/uploads\/2025\/02\/WhatsApp-Video-2025-02-04-at-12.39.18.mp4\t\t<\/p>\n<h2>3. COLOCACI\u00d3N DAMA DE ELCHE<\/h2>\n<p>3) Ajuste de tiras de sujeci\u00f3n en frente y barbilla<\/p>\n<style>\/*! elementor - v3.8.0 - 30-10-2022 *\/\n.elementor-widget-image{text-align:center}.elementor-widget-image a{display:inline-block}.elementor-widget-image a img[src$=\".svg\"]{width:48px}.elementor-widget-image img{vertical-align:middle;display:inline-block}<\/style>\n<p>\t\t\t\t\t\t\t\t\t\t\t\t<img decoding=\"async\" width=\"1024\" height=\"768\" src=\"https:\/\/bomberosalcala.org\/wp-content\/uploads\/2025\/02\/WhatsApp-Image-2025-02-04-at-12.38.37-1-1024x768.jpeg\" alt=\"\" loading=\"lazy\" srcset=\"https:\/\/bomberosalcala.org\/wp-content\/uploads\/2025\/02\/WhatsApp-Image-2025-02-04-at-12.38.37-1-1024x768.jpeg 1024w, https:\/\/bomberosalcala.org\/wp-content\/uploads\/2025\/02\/WhatsApp-Image-2025-02-04-at-12.38.37-1-300x225.jpeg 300w, https:\/\/bomberosalcala.org\/wp-content\/uploads\/2025\/02\/WhatsApp-Image-2025-02-04-at-12.38.37-1-768x576.jpeg 768w, https:\/\/bomberosalcala.org\/wp-content\/uploads\/2025\/02\/WhatsApp-Image-2025-02-04-at-12.38.37-1-1536x1152.jpeg 1536w, https:\/\/bomberosalcala.org\/wp-content\/uploads\/2025\/02\/WhatsApp-Image-2025-02-04-at-12.38.37-1.jpeg 2048w\" sizes=\"auto, (max-width: 1024px) 100vw, 1024px\" \/>\t\t\t\t\t\t\t\t\t\t\t\t\t\t\t<\/p>\n<h2>4. COLOCACI\u00d3N ARA\u00d1A<\/h2>\n<p>4)\u00a0 ATAR HOMBROS<\/p>\n<p>5) ATAR TRONCO (Ojo manos)<\/p>\n<p>6) ATAR PIERNAS<\/p>\n<p>\t\t\t\t\t\t\t\t\t\t\t\t\t\t\t<img decoding=\"async\" width=\"1024\" height=\"768\" src=\"https:\/\/bomberosalcala.org\/wp-content\/uploads\/2025\/02\/WhatsApp-Image-2025-02-04-at-12.38.37-1024x768.jpeg\" alt=\"\" loading=\"lazy\" srcset=\"https:\/\/bomberosalcala.org\/wp-content\/uploads\/2025\/02\/WhatsApp-Image-2025-02-04-at-12.38.37-1024x768.jpeg 1024w, https:\/\/bomberosalcala.org\/wp-content\/uploads\/2025\/02\/WhatsApp-Image-2025-02-04-at-12.38.37-300x225.jpeg 300w, https:\/\/bomberosalcala.org\/wp-content\/uploads\/2025\/02\/WhatsApp-Image-2025-02-04-at-12.38.37-768x576.jpeg 768w, https:\/\/bomberosalcala.org\/wp-content\/uploads\/2025\/02\/WhatsApp-Image-2025-02-04-at-12.38.37-1536x1152.jpeg 1536w, https:\/\/bomberosalcala.org\/wp-content\/uploads\/2025\/02\/WhatsApp-Image-2025-02-04-at-12.38.37.jpeg 2048w\" sizes=\"auto, (max-width: 1024px) 100vw, 1024px\" \/><br \/>\n\t\t\t\t\t\t\t\t\t\t\t\t\t\t\t<img decoding=\"async\" width=\"1024\" height=\"768\" src=\"https:\/\/bomberosalcala.org\/wp-content\/uploads\/2025\/02\/WhatsApp-Image-2025-02-04-at-12.38.36-1-1024x768.jpeg\" alt=\"\" loading=\"lazy\" srcset=\"https:\/\/bomberosalcala.org\/wp-content\/uploads\/2025\/02\/WhatsApp-Image-2025-02-04-at-12.38.36-1-1024x768.jpeg 1024w, https:\/\/bomberosalcala.org\/wp-content\/uploads\/2025\/02\/WhatsApp-Image-2025-02-04-at-12.38.36-1-300x225.jpeg 300w, https:\/\/bomberosalcala.org\/wp-content\/uploads\/2025\/02\/WhatsApp-Image-2025-02-04-at-12.38.36-1-768x576.jpeg 768w, https:\/\/bomberosalcala.org\/wp-content\/uploads\/2025\/02\/WhatsApp-Image-2025-02-04-at-12.38.36-1-1536x1152.jpeg 1536w, https:\/\/bomberosalcala.org\/wp-content\/uploads\/2025\/02\/WhatsApp-Image-2025-02-04-at-12.38.36-1.jpeg 2048w\" sizes=\"auto, (max-width: 1024px) 100vw, 1024px\" \/><br \/>\n\t\t\t\t\t\t\t\t\t\t\t\t\t\t\t<img decoding=\"async\" width=\"1024\" height=\"768\" src=\"https:\/\/bomberosalcala.org\/wp-content\/uploads\/2025\/02\/WhatsApp-Image-2025-02-04-at-12.38.36-1024x768.jpeg\" alt=\"\" loading=\"lazy\" srcset=\"https:\/\/bomberosalcala.org\/wp-content\/uploads\/2025\/02\/WhatsApp-Image-2025-02-04-at-12.38.36-1024x768.jpeg 1024w, https:\/\/bomberosalcala.org\/wp-content\/uploads\/2025\/02\/WhatsApp-Image-2025-02-04-at-12.38.36-300x225.jpeg 300w, https:\/\/bomberosalcala.org\/wp-content\/uploads\/2025\/02\/WhatsApp-Image-2025-02-04-at-12.38.36-768x576.jpeg 768w, https:\/\/bomberosalcala.org\/wp-content\/uploads\/2025\/02\/WhatsApp-Image-2025-02-04-at-12.38.36-1536x1152.jpeg 1536w, https:\/\/bomberosalcala.org\/wp-content\/uploads\/2025\/02\/WhatsApp-Image-2025-02-04-at-12.38.36.jpeg 2048w\" sizes=\"auto, (max-width: 1024px) 100vw, 1024px\" \/>\t\t\t\t\t\t\t\t\t\t\t\t\t\t\t<\/p>\n<h2>5. PR\u00c1CTICA CON CAMILLA TIJERA<\/h2>\n<p>Terminar la pr\u00e1ctica sustituyendo la tabla espinal por la camilla de tijera<\/p>\n","protected":false},"excerpt":{"rendered":"<p>0. OBJETIVO Establecer un procedimiento seguro para la inmovilizaci\u00f3n de v\u00edctimas utilizando tabla espinal, dama de Elche y ara\u00f1a en el servicio de bomberos, garantizando la seguridad tanto del paciente como del personal de rescate 1. MATERIAL NECESARIO \u00b7\u00a0\u00a0\u00a0\u00a0\u00a0\u00a0 Tabla espinal \/ camilla cuchara \u00b7\u00a0\u00a0\u00a0\u00a0\u00a0\u00a0 Ara\u00f1a (sistema de correas) \u00b7\u00a0\u00a0\u00a0\u00a0\u00a0\u00a0 Dama de Elche (inmovilizador de [&hellip;]<\/p>\n","protected":false},"author":1,"featured_media":0,"parent":0,"menu_order":0,"comment_status":"closed","ping_status":"closed","template":"","meta":{"_monsterinsights_skip_tracking":false,"_monsterinsights_sitenote_active":false,"_monsterinsights_sitenote_note":"","_monsterinsights_sitenote_category":0,"footnotes":""},"class_list":["post-2310","page","type-page","status-publish","hentry"],"aioseo_notices":[],"_links":{"self":[{"href":"https:\/\/bomberosalcala.org\/index.php\/wp-json\/wp\/v2\/pages\/2310","targetHints":{"allow":["GET"]}}],"collection":[{"href":"https:\/\/bomberosalcala.org\/index.php\/wp-json\/wp\/v2\/pages"}],"about":[{"href":"https:\/\/bomberosalcala.org\/index.php\/wp-json\/wp\/v2\/types\/page"}],"author":[{"embeddable":true,"href":"https:\/\/bomberosalcala.org\/index.php\/wp-json\/wp\/v2\/users\/1"}],"replies":[{"embeddable":true,"href":"https:\/\/bomberosalcala.org\/index.php\/wp-json\/wp\/v2\/comments?post=2310"}],"version-history":[{"count":26,"href":"https:\/\/bomberosalcala.org\/index.php\/wp-json\/wp\/v2\/pages\/2310\/revisions"}],"predecessor-version":[{"id":2346,"href":"https:\/\/bomberosalcala.org\/index.php\/wp-json\/wp\/v2\/pages\/2310\/revisions\/2346"}],"wp:attachment":[{"href":"https:\/\/bomberosalcala.org\/index.php\/wp-json\/wp\/v2\/media?parent=2310"}],"curies":[{"name":"wp","href":"https:\/\/api.w.org\/{rel}","templated":true}]}}