{"id":567,"date":"2022-11-03T22:20:25","date_gmt":"2022-11-03T22:20:25","guid":{"rendered":"http:\/\/bomberosalcala.org\/?page_id=567"},"modified":"2025-02-04T12:29:24","modified_gmt":"2025-02-04T12:29:24","slug":"manejo-de-equipos","status":"publish","type":"page","link":"https:\/\/bomberosalcala.org\/index.php\/manejo-de-equipos\/","title":{"rendered":"PR\u00c1CTICAS DE MANEJO DE EQUIPOS"},"content":{"rendered":"<p><a href=\"https:\/\/bomberosalcala.org\/index.php\/equipos-1-manejo-de-bombas\/\" role=\"button\"><br \/>\n\t\t\t\t\t\tEQUIPOS 1. MANEJO DE BOMBAS<br \/>\n\t\t\t\t\t<\/a><br \/>\n\t\t\t<a href=\"https:\/\/bomberosalcala.org\/index.php\/equipos-2-aspiracion-por-bomba-de-vehiculo\/\" role=\"button\"><br \/>\n\t\t\t\t\t\tEQUIPOS 2. ASPIRACI\u00d3N POR BOMBA<br \/>\n\t\t\t\t\t<\/a><br \/>\n\t\t\t<a href=\"https:\/\/bomberosalcala.org\/index.php\/equipos-3-motobombas\/\" role=\"button\"><br \/>\n\t\t\t\t\t\tEQUIPOS 3. MOTOBOMBAS<br \/>\n\t\t\t\t\t<\/a><br \/>\n\t\t\t<a href=\"https:\/\/bomberosalcala.org\/index.php\/equipos-4-turbobomba\/\" role=\"button\"><br \/>\n\t\t\t\t\t\tEQUIPOS  4. TURBOBOMBA<br \/>\n\t\t\t\t\t<\/a><br \/>\n\t\t\t<a href=\"https:\/\/bomberosalcala.org\/index.php\/equipos-5-electrobomba\/\" role=\"button\"><br \/>\n\t\t\t\t\t\tEQUIPOS 5. ELECTROBOMBAS<br \/>\n\t\t\t\t\t<\/a><br \/>\n\t\t\t<a href=\"https:\/\/bomberosalcala.org\/index.php\/equipos-6-uso-y-manejo-de-radial-y-taladro\/\" role=\"button\"><br \/>\n\t\t\t\t\t\tEQUIPOS 6. RADIAL y TALADRO<br \/>\n\t\t\t\t\t<\/a><br \/>\n\t\t\t<a href=\"https:\/\/bomberosalcala.org\/index.php\/equipos-7-cabestrante\/\" role=\"button\"><br \/>\n\t\t\t\t\t\tEQUIPOS 7. CABESTRANTE<br \/>\n\t\t\t\t\t<\/a><br \/>\n\t\t\t<a href=\"https:\/\/bomberosalcala.org\/index.php\/manejo-de-escaleras\/\" role=\"button\"><br \/>\n\t\t\t\t\t\tEQUIPOS 8. USO Y MANEJO DE ESCAL\u00cdN<br \/>\n\t\t\t\t\t<\/a><br \/>\n\t\t\t<a href=\"https:\/\/bomberosalcala.org\/index.php\/equipos-10-uso-y-manejo-de-cojines-neumaticos\/\" role=\"button\"><br \/>\n\t\t\t\t\t\tEQUIPOS 9. USO Y MANEJO DE COJINES NEUM\u00c1TICOS<br \/>\n\t\t\t\t\t<\/a><br \/>\n\t\t\t<a href=\"https:\/\/bomberosalcala.org\/index.php\/equipos-10-instalacioneselectricas-e-iluminacion\/\" role=\"button\"><br \/>\n\t\t\t\t\t\tEQUIPOS 10. INSTALACIONES EL\u00c9CTRICAS E ILUMINACI\u00d3N<br \/>\n\t\t\t\t\t<\/a><br \/>\n\t\t\t<a href=\"https:\/\/bomberosalcala.org\/index.php\/equipos-11-uso-y-manejo-de-tracteles-manuales\/\" role=\"button\"><br \/>\n\t\t\t\t\t\tEQUIPOS 11. TR\u00c1CTELES MANUALES<br \/>\n\t\t\t\t\t<\/a><br \/>\n\t\t\t<a href=\"https:\/\/bomberosalcala.org\/index.php\/equipos-13-sierra-sable\/\" role=\"button\"><br \/>\n\t\t\t\t\t\tEQUIPOS 13. SIERRA SABLE<br \/>\n\t\t\t\t\t<\/a><br \/>\n\t\t\t<a href=\"https:\/\/bomberosalcala.org\/index.php\/equipos-14-uso-y-manejo-de-escaleras-extensibles\/\" role=\"button\"><br \/>\n\t\t\t\t\t\tEQUIPOS 14. USO Y MANEJO DE ESCALERAS EXTENSIBLES<br \/>\n\t\t\t\t\t<\/a><br \/>\n\t\t\t<a href=\"https:\/\/bomberosalcala.org\/index.php\/equipos-16-uso-y-manejo-del-kit-dielectrico-fusibles\/\" role=\"button\"><br \/>\n\t\t\t\t\t\tEQUIPOS 16.KIT DIEL\u00c9CTRICO (FUSIBLES)<br \/>\n\t\t\t\t\t<\/a><br \/>\n\t\t\t<a href=\"https:\/\/bomberosalcala.org\/index.php\/inmovilizacion-tabla-espinaldama-elchearana\/\" role=\"button\"><br \/>\n\t\t\t\t\t\tINMOVILIZACI\u00d3N. TABLA ESPINAL+DAMA ELCHE+ARA\u00d1A<br \/>\n\t\t\t\t\t<\/a><\/p>\n","protected":false},"excerpt":{"rendered":"<p>EQUIPOS 1. MANEJO DE BOMBAS EQUIPOS 2. ASPIRACI\u00d3N POR BOMBA EQUIPOS 3. MOTOBOMBAS EQUIPOS 4. TURBOBOMBA EQUIPOS 5. ELECTROBOMBAS EQUIPOS 6. RADIAL y TALADRO EQUIPOS 7. CABESTRANTE EQUIPOS 8. USO Y MANEJO DE ESCAL\u00cdN EQUIPOS 9. USO Y MANEJO DE COJINES NEUM\u00c1TICOS EQUIPOS 10. INSTALACIONES EL\u00c9CTRICAS E ILUMINACI\u00d3N EQUIPOS 11. TR\u00c1CTELES MANUALES EQUIPOS 13. SIERRA [&hellip;]<\/p>\n","protected":false},"author":1,"featured_media":0,"parent":0,"menu_order":0,"comment_status":"closed","ping_status":"closed","template":"elementor_header_footer","meta":{"_monsterinsights_skip_tracking":false,"_monsterinsights_sitenote_active":false,"_monsterinsights_sitenote_note":"","_monsterinsights_sitenote_category":0,"footnotes":""},"class_list":["post-567","page","type-page","status-publish","hentry"],"aioseo_notices":[],"_links":{"self":[{"href":"https:\/\/bomberosalcala.org\/index.php\/wp-json\/wp\/v2\/pages\/567","targetHints":{"allow":["GET"]}}],"collection":[{"href":"https:\/\/bomberosalcala.org\/index.php\/wp-json\/wp\/v2\/pages"}],"about":[{"href":"https:\/\/bomberosalcala.org\/index.php\/wp-json\/wp\/v2\/types\/page"}],"author":[{"embeddable":true,"href":"https:\/\/bomberosalcala.org\/index.php\/wp-json\/wp\/v2\/users\/1"}],"replies":[{"embeddable":true,"href":"https:\/\/bomberosalcala.org\/index.php\/wp-json\/wp\/v2\/comments?post=567"}],"version-history":[{"count":77,"href":"https:\/\/bomberosalcala.org\/index.php\/wp-json\/wp\/v2\/pages\/567\/revisions"}],"predecessor-version":[{"id":2351,"href":"https:\/\/bomberosalcala.org\/index.php\/wp-json\/wp\/v2\/pages\/567\/revisions\/2351"}],"wp:attachment":[{"href":"https:\/\/bomberosalcala.org\/index.php\/wp-json\/wp\/v2\/media?parent=567"}],"curies":[{"name":"wp","href":"https:\/\/api.w.org\/{rel}","templated":true}]}}