{"id":592,"date":"2022-11-03T22:35:54","date_gmt":"2022-11-03T22:35:54","guid":{"rendered":"http:\/\/bomberosalcala.org\/?page_id=592"},"modified":"2023-05-23T06:20:51","modified_gmt":"2023-05-23T06:20:51","slug":"manejo-de-escaleras","status":"publish","type":"page","link":"https:\/\/bomberosalcala.org\/index.php\/manejo-de-escaleras\/","title":{"rendered":"EQUIPOS 8. USO Y MANEJO DE ESCAL\u00cdN"},"content":{"rendered":"<style>\/*! elementor - v3.8.0 - 30-10-2022 *\/<br \/>\n.elementor-heading-title{padding:0;margin:0;line-height:1}.elementor-widget-heading .elementor-heading-title[class*=elementor-size-]>a{color:inherit;font-size:inherit;line-height:inherit}.elementor-widget-heading .elementor-heading-title.elementor-size-small{font-size:15px}.elementor-widget-heading .elementor-heading-title.elementor-size-medium{font-size:19px}.elementor-widget-heading .elementor-heading-title.elementor-size-large{font-size:29px}.elementor-widget-heading .elementor-heading-title.elementor-size-xl{font-size:39px}.elementor-widget-heading .elementor-heading-title.elementor-size-xxl{font-size:59px}<\/style>\n<h2>Descargar ficha de la pr\u00e1ctica:<\/h2>\n<p><a href=\"https:\/\/bomberosalcala.org\/wp-content\/uploads\/2022\/11\/Equipos.-Practica-escalin.pdf\" role=\"button\"><br \/>\nDESCARGAR FICHA<br \/>\n<\/a><\/p>\n<h2>OBJETIVO<\/h2>\n<p>Ascenso por fachada de dos bomberos con escal\u00edn de forma segura.<\/p>\n<p>NECESARIO PARA LA MANIOBRA:<\/p>\n<ul>\n<li>1 Cuerda semiest\u00e1tica de 20m.<\/li>\n<li>2 Mosquetones<\/li>\n<li>EPIS rescate completo(Bagas de anclaje, Descendedor RIG, Arn\u00e9s, mosquetones)<\/li>\n<\/ul>\n<p>ASEGURAMIENTO PARA LA PR\u00c1CTICA:<\/p>\n<ul>\n<li>1 L\u00ednea aux. con cuerda semiest\u00e1tica y dos juegos de ASAP+Absorbica<\/li>\n<\/ul>\n<style>\/*! elementor - v3.8.0 - 30-10-2022 *\/<br \/>\n.elementor-widget-image{text-align:center}.elementor-widget-image a{display:inline-block}.elementor-widget-image a img[src$=\".svg\"]{width:48px}.elementor-widget-image img{vertical-align:middle;display:inline-block}<\/style>\n<p>\t\t\t\t\t\t\t\t\t\t\t\t\t<a href=\"https:\/\/bomberosalcala.org\/wp-content\/uploads\/2022\/11\/0.-Materiales2.jpg\" data-elementor-open-lightbox=\"yes\" data-elementor-lightbox-title=\"0. Materiales2\" e-action-hash=\"#elementor-action%3Aaction%3Dlightbox%26settings%3DeyJpZCI6ODA2LCJ1cmwiOiJodHRwOlwvXC9ib21iZXJvc2FsY2FsYS5vcmdcL3dwLWNvbnRlbnRcL3VwbG9hZHNcLzIwMjJcLzExXC8wLi1NYXRlcmlhbGVzMi5qcGcifQ%3D%3D\"><br \/>\n<img decoding=\"async\" width=\"183\" height=\"300\" src=\"https:\/\/bomberosalcala.org\/wp-content\/uploads\/2022\/11\/0.-Materiales2-183x300.jpg\" alt=\"\" loading=\"lazy\" srcset=\"https:\/\/bomberosalcala.org\/wp-content\/uploads\/2022\/11\/0.-Materiales2-183x300.jpg 183w, https:\/\/bomberosalcala.org\/wp-content\/uploads\/2022\/11\/0.-Materiales2.jpg 553w\" sizes=\"auto, (max-width: 183px) 100vw, 183px\">\t\t\t\t\t\t\t\t<\/a><\/p>\n<h2>1\/7.Montaje de l\u00ednea de seguridad<\/h2>\n<p><a href=\"https:\/\/bomberosalcala.org\/wp-content\/uploads\/2022\/11\/0.-Montaje-linea-seguridad-1.jpg\" data-elementor-open-lightbox=\"yes\" data-elementor-lightbox-title=\"0. Montaje l\u00ednea seguridad\" e-action-hash=\"#elementor-action%3Aaction%3Dlightbox%26settings%3DeyJpZCI6OTMyLCJ1cmwiOiJodHRwOlwvXC9ib21iZXJvc2FsY2FsYS5vcmdcL3dwLWNvbnRlbnRcL3VwbG9hZHNcLzIwMjJcLzExXC8wLi1Nb250YWplLWxpbmVhLXNlZ3VyaWRhZC0xLmpwZyJ9\"><br \/>\n<img decoding=\"async\" width=\"225\" height=\"300\" src=\"https:\/\/bomberosalcala.org\/wp-content\/uploads\/2022\/11\/0.-Montaje-linea-seguridad-1-225x300.jpg\" alt=\"\" loading=\"lazy\" srcset=\"https:\/\/bomberosalcala.org\/wp-content\/uploads\/2022\/11\/0.-Montaje-linea-seguridad-1-225x300.jpg 225w, https:\/\/bomberosalcala.org\/wp-content\/uploads\/2022\/11\/0.-Montaje-linea-seguridad-1.jpg 756w\" sizes=\"auto, (max-width: 225px) 100vw, 225px\">\t\t\t\t\t\t\t\t<\/a><\/p>\n<h2>2\/7. Preparaci\u00f3n de materiales<\/h2>\n<p>2.1 Anudar un 8 en un extremo y un nudo fin de cuerda en el otro extremo de la cuerda de 20m.<\/p>\n<p>2.2 Pasar la cuerda por el hueco del \u00faltimo y pen\u00faltimo pelda\u00f1o de la manera que el extremo del 8 quede en el exterior del escal\u00edn.<\/p>\n<p><a href=\"https:\/\/bomberosalcala.org\/wp-content\/uploads\/2022\/11\/1.-Preparacion-1.jpg\" data-elementor-open-lightbox=\"yes\" data-elementor-lightbox-title=\"1. Preparaci\u00f3n\" e-action-hash=\"#elementor-action%3Aaction%3Dlightbox%26settings%3DeyJpZCI6OTMzLCJ1cmwiOiJodHRwOlwvXC9ib21iZXJvc2FsY2FsYS5vcmdcL3dwLWNvbnRlbnRcL3VwbG9hZHNcLzIwMjJcLzExXC8xLi1QcmVwYXJhY2lvbi0xLmpwZyJ9\"><br \/>\n<img decoding=\"async\" width=\"225\" height=\"300\" src=\"https:\/\/bomberosalcala.org\/wp-content\/uploads\/2022\/11\/1.-Preparacion-1-225x300.jpg\" alt=\"\" loading=\"lazy\" srcset=\"https:\/\/bomberosalcala.org\/wp-content\/uploads\/2022\/11\/1.-Preparacion-1-225x300.jpg 225w, https:\/\/bomberosalcala.org\/wp-content\/uploads\/2022\/11\/1.-Preparacion-1.jpg 756w\" sizes=\"auto, (max-width: 225px) 100vw, 225px\">\t\t\t\t\t\t\t\t<\/a><\/p>\n<h2>3\/7. Subida bombero 1 a planta primera<\/h2>\n<p>3.1 Extremo de cuerda con nudo de 8 conectado a Bombero 1. Bombero 2 coloca su RIG para asegurar la subida de Bombero 1.<\/p>\n<p>3.2 En la realizaci\u00f3n de la pr\u00e1ctica Bombero 1 coloca su ASAP a l\u00ednea de vida.<\/p>\n<p><a href=\"https:\/\/bomberosalcala.org\/wp-content\/uploads\/2022\/11\/2.-Subida-escalin0_GIF.gif\" data-elementor-open-lightbox=\"yes\" data-elementor-lightbox-title=\"2. Subida escal\u00edn0_GIF\" e-action-hash=\"#elementor-action%3Aaction%3Dlightbox%26settings%3DeyJpZCI6OTEwLCJ1cmwiOiJodHRwOlwvXC9ib21iZXJvc2FsY2FsYS5vcmdcL3dwLWNvbnRlbnRcL3VwbG9hZHNcLzIwMjJcLzExXC8yLi1TdWJpZGEtZXNjYWxpbjBfR0lGLmdpZiJ9\"><br \/>\n<img decoding=\"async\" width=\"169\" height=\"300\" src=\"https:\/\/bomberosalcala.org\/wp-content\/uploads\/2022\/11\/2.-Subida-escalin0_GIF.gif\" alt=\"\" loading=\"lazy\">\t\t\t\t\t\t\t\t<\/a><br \/>\n<a href=\"https:\/\/bomberosalcala.org\/wp-content\/uploads\/2022\/11\/3.Ascension_GIF.gif\" data-elementor-open-lightbox=\"yes\" data-elementor-lightbox-title=\"3.Ascension_GIF\" e-action-hash=\"#elementor-action%3Aaction%3Dlightbox%26settings%3DeyJpZCI6OTE3LCJ1cmwiOiJodHRwOlwvXC9ib21iZXJvc2FsY2FsYS5vcmdcL3dwLWNvbnRlbnRcL3VwbG9hZHNcLzIwMjJcLzExXC8zLkFzY2Vuc2lvbl9HSUYuZ2lmIn0%3D\"><br \/>\n<img decoding=\"async\" width=\"169\" height=\"300\" src=\"https:\/\/bomberosalcala.org\/wp-content\/uploads\/2022\/11\/3.Ascension_GIF.gif\" alt=\"\" loading=\"lazy\">\t\t\t\t\t\t\t\t<\/a><br \/>\n<a href=\"https:\/\/bomberosalcala.org\/wp-content\/uploads\/2022\/11\/4.-Embarque_GIF.gif\" data-elementor-open-lightbox=\"yes\" data-elementor-lightbox-title=\"4.-Embarque_GIF\" e-action-hash=\"#elementor-action%3Aaction%3Dlightbox%26settings%3DeyJpZCI6OTE4LCJ1cmwiOiJodHRwOlwvXC9ib21iZXJvc2FsY2FsYS5vcmdcL3dwLWNvbnRlbnRcL3VwbG9hZHNcLzIwMjJcLzExXC80Li1FbWJhcnF1ZV9HSUYuZ2lmIn0%3D\"><br \/>\n<img decoding=\"async\" width=\"169\" height=\"300\" src=\"https:\/\/bomberosalcala.org\/wp-content\/uploads\/2022\/11\/4.-Embarque_GIF.gif\" alt=\"\" loading=\"lazy\">\t\t\t\t\t\t\t\t<\/a><\/p>\n<h2>4\/7. Bombero 1 asegura el ascenso de bombero 2<\/h2>\n<p>4.1 Cambio de cuerda para permitir que la cuerda de bombero 2 quede por fuera para ascender.<\/p>\n<p>4.2 Liberar ASAP<\/p>\n<p>4.3 Bombero 1 recupera toda la cuerda hasta que bombero 2 quede anclado al otro extremo asegurado por bombero 1, con cuerda en tensi\u00f3n.<\/p>\n<p><a href=\"https:\/\/bomberosalcala.org\/wp-content\/uploads\/2022\/11\/5.-Salida-a-planta_GIF.gif\" data-elementor-open-lightbox=\"yes\" data-elementor-lightbox-title=\"5.-Salida-a-planta_GIF\" e-action-hash=\"#elementor-action%3Aaction%3Dlightbox%26settings%3DeyJpZCI6OTE5LCJ1cmwiOiJodHRwOlwvXC9ib21iZXJvc2FsY2FsYS5vcmdcL3dwLWNvbnRlbnRcL3VwbG9hZHNcLzIwMjJcLzExXC81Li1TYWxpZGEtYS1wbGFudGFfR0lGLmdpZiJ9\"><br \/>\n<img decoding=\"async\" width=\"169\" height=\"300\" src=\"https:\/\/bomberosalcala.org\/wp-content\/uploads\/2022\/11\/5.-Salida-a-planta_GIF.gif\" alt=\"\" loading=\"lazy\">\t\t\t\t\t\t\t\t<\/a><br \/>\n<a href=\"https:\/\/bomberosalcala.org\/wp-content\/uploads\/2022\/11\/6.-Salida-a-planta2_liberoASAC_GIF-1.gif\" data-elementor-open-lightbox=\"yes\" data-elementor-lightbox-title=\"6.-Salida-a-planta2_liberoASAC_GIF-1\" e-action-hash=\"#elementor-action%3Aaction%3Dlightbox%26settings%3DeyJpZCI6OTIwLCJ1cmwiOiJodHRwOlwvXC9ib21iZXJvc2FsY2FsYS5vcmdcL3dwLWNvbnRlbnRcL3VwbG9hZHNcLzIwMjJcLzExXC82Li1TYWxpZGEtYS1wbGFudGEyX2xpYmVyb0FTQUNfR0lGLTEuZ2lmIn0%3D\"><br \/>\n<img decoding=\"async\" width=\"169\" height=\"300\" src=\"https:\/\/bomberosalcala.org\/wp-content\/uploads\/2022\/11\/6.-Salida-a-planta2_liberoASAC_GIF-1.gif\" alt=\"\" loading=\"lazy\">\t\t\t\t\t\t\t\t<\/a><br \/>\n<a href=\"https:\/\/bomberosalcala.org\/wp-content\/uploads\/2022\/11\/7.Cambio-ascendente_GIF-1.gif\" data-elementor-open-lightbox=\"yes\" data-elementor-lightbox-title=\"7.Cambio-ascendente_GIF-1\" e-action-hash=\"#elementor-action%3Aaction%3Dlightbox%26settings%3DeyJpZCI6OTIxLCJ1cmwiOiJodHRwOlwvXC9ib21iZXJvc2FsY2FsYS5vcmdcL3dwLWNvbnRlbnRcL3VwbG9hZHNcLzIwMjJcLzExXC83LkNhbWJpby1hc2NlbmRlbnRlX0dJRi0xLmdpZiJ9\"><br \/>\n<img decoding=\"async\" width=\"169\" height=\"300\" src=\"https:\/\/bomberosalcala.org\/wp-content\/uploads\/2022\/11\/7.Cambio-ascendente_GIF-1.gif\" alt=\"\" loading=\"lazy\">\t\t\t\t\t\t\t\t<\/a><br \/>\n<a href=\"https:\/\/bomberosalcala.org\/wp-content\/uploads\/2022\/11\/8.-Ascenso-bomb2.jpg\" data-elementor-open-lightbox=\"yes\" data-elementor-lightbox-title=\"8. Ascenso bomb2\" e-action-hash=\"#elementor-action%3Aaction%3Dlightbox%26settings%3DeyJpZCI6Nzg3LCJ1cmwiOiJodHRwOlwvXC9ib21iZXJvc2FsY2FsYS5vcmdcL3dwLWNvbnRlbnRcL3VwbG9hZHNcLzIwMjJcLzExXC84Li1Bc2NlbnNvLWJvbWIyLmpwZyJ9\"><br \/>\n<img decoding=\"async\" width=\"169\" height=\"300\" src=\"https:\/\/bomberosalcala.org\/wp-content\/uploads\/2022\/11\/8.-Ascenso-bomb2-169x300.jpg\" alt=\"\" loading=\"lazy\" srcset=\"https:\/\/bomberosalcala.org\/wp-content\/uploads\/2022\/11\/8.-Ascenso-bomb2-169x300.jpg 169w, https:\/\/bomberosalcala.org\/wp-content\/uploads\/2022\/11\/8.-Ascenso-bomb2-576x1024.jpg 576w, https:\/\/bomberosalcala.org\/wp-content\/uploads\/2022\/11\/8.-Ascenso-bomb2-768x1365.jpg 768w, https:\/\/bomberosalcala.org\/wp-content\/uploads\/2022\/11\/8.-Ascenso-bomb2-864x1536.jpg 864w, https:\/\/bomberosalcala.org\/wp-content\/uploads\/2022\/11\/8.-Ascenso-bomb2.jpg 1080w\" sizes=\"auto, (max-width: 169px) 100vw, 169px\">\t\t\t\t\t\t\t\t<\/a><\/p>\n<h2>5\/7. Ascenso de bombero 2<\/h2>\n<p><a href=\"https:\/\/bomberosalcala.org\/wp-content\/uploads\/2022\/11\/8.-Ascenso-bomb2_GIF-1.gif\" data-elementor-open-lightbox=\"yes\" data-elementor-lightbox-title=\"8.-Ascenso-bomb2_GIF-1\" e-action-hash=\"#elementor-action%3Aaction%3Dlightbox%26settings%3DeyJpZCI6OTIyLCJ1cmwiOiJodHRwOlwvXC9ib21iZXJvc2FsY2FsYS5vcmdcL3dwLWNvbnRlbnRcL3VwbG9hZHNcLzIwMjJcLzExXC84Li1Bc2NlbnNvLWJvbWIyX0dJRi0xLmdpZiJ9\"><br \/>\n<img decoding=\"async\" width=\"169\" height=\"300\" src=\"https:\/\/bomberosalcala.org\/wp-content\/uploads\/2022\/11\/8.-Ascenso-bomb2_GIF-1.gif\" alt=\"\" loading=\"lazy\">\t\t\t\t\t\t\t\t<\/a><br \/>\n<a href=\"https:\/\/bomberosalcala.org\/wp-content\/uploads\/2022\/11\/9.-Aseguro-ascenso-bomb2-1.gif\" data-elementor-open-lightbox=\"yes\" data-elementor-lightbox-title=\"9.-Aseguro-ascenso-bomb2-1\" e-action-hash=\"#elementor-action%3Aaction%3Dlightbox%26settings%3DeyJpZCI6OTIzLCJ1cmwiOiJodHRwOlwvXC9ib21iZXJvc2FsY2FsYS5vcmdcL3dwLWNvbnRlbnRcL3VwbG9hZHNcLzIwMjJcLzExXC85Li1Bc2VndXJvLWFzY2Vuc28tYm9tYjItMS5naWYifQ%3D%3D\"><br \/>\n<img decoding=\"async\" width=\"169\" height=\"300\" src=\"https:\/\/bomberosalcala.org\/wp-content\/uploads\/2022\/11\/9.-Aseguro-ascenso-bomb2-1.gif\" alt=\"\" loading=\"lazy\">\t\t\t\t\t\t\t\t<\/a><\/p>\n<h2>6\/7. Ascenso de bombero 2 a planta segunda<\/h2>\n<p>6.1 Bombero 1 libera el asegurador (RIG).<\/p>\n<p>6.2 Bombero 2 (asegurado) coloca escal\u00edn en planta segunda. Dejando su cuerda por fuera.<\/p>\n<p>6.3 Bombero 1 vuelve a conectar el asegurador (RIG). Y recupera la cuerda a la vez que Bombero 2 asciende.<\/p>\n<p><a href=\"https:\/\/bomberosalcala.org\/wp-content\/uploads\/2022\/11\/10.Subir-escalin_GIF-1.gif\" data-elementor-open-lightbox=\"yes\" data-elementor-lightbox-title=\"10.Subir-escalin_GIF-1\" e-action-hash=\"#elementor-action%3Aaction%3Dlightbox%26settings%3DeyJpZCI6OTI0LCJ1cmwiOiJodHRwOlwvXC9ib21iZXJvc2FsY2FsYS5vcmdcL3dwLWNvbnRlbnRcL3VwbG9hZHNcLzIwMjJcLzExXC8xMC5TdWJpci1lc2NhbGluX0dJRi0xLmdpZiJ9\"><br \/>\n<img decoding=\"async\" width=\"169\" height=\"300\" src=\"https:\/\/bomberosalcala.org\/wp-content\/uploads\/2022\/11\/10.Subir-escalin_GIF-1.gif\" alt=\"\" loading=\"lazy\">\t\t\t\t\t\t\t\t<\/a><br \/>\n<a href=\"https:\/\/bomberosalcala.org\/wp-content\/uploads\/2022\/11\/10.Escalin-subido-1.jpg\" data-elementor-open-lightbox=\"yes\" data-elementor-lightbox-title=\"10+.Escal\u00edn subido\" e-action-hash=\"#elementor-action%3Aaction%3Dlightbox%26settings%3DeyJpZCI6OTM0LCJ1cmwiOiJodHRwOlwvXC9ib21iZXJvc2FsY2FsYS5vcmdcL3dwLWNvbnRlbnRcL3VwbG9hZHNcLzIwMjJcLzExXC8xMC5Fc2NhbGluLXN1Ymlkby0xLmpwZyJ9\"><br \/>\n<img decoding=\"async\" width=\"225\" height=\"300\" src=\"https:\/\/bomberosalcala.org\/wp-content\/uploads\/2022\/11\/10.Escalin-subido-1-225x300.jpg\" alt=\"\" loading=\"lazy\" srcset=\"https:\/\/bomberosalcala.org\/wp-content\/uploads\/2022\/11\/10.Escalin-subido-1-225x300.jpg 225w, https:\/\/bomberosalcala.org\/wp-content\/uploads\/2022\/11\/10.Escalin-subido-1.jpg 756w\" sizes=\"auto, (max-width: 225px) 100vw, 225px\">\t\t\t\t\t\t\t\t<\/a><br \/>\n<a href=\"https:\/\/bomberosalcala.org\/wp-content\/uploads\/2022\/11\/11.-Subir-2a-planta_GIF-1.gif\" data-elementor-open-lightbox=\"yes\" data-elementor-lightbox-title=\"11.-Subir-2a-planta_GIF-1\" e-action-hash=\"#elementor-action%3Aaction%3Dlightbox%26settings%3DeyJpZCI6OTI1LCJ1cmwiOiJodHRwOlwvXC9ib21iZXJvc2FsY2FsYS5vcmdcL3dwLWNvbnRlbnRcL3VwbG9hZHNcLzIwMjJcLzExXC8xMS4tU3ViaXItMmEtcGxhbnRhX0dJRi0xLmdpZiJ9\"><br \/>\n<img decoding=\"async\" width=\"169\" height=\"300\" src=\"https:\/\/bomberosalcala.org\/wp-content\/uploads\/2022\/11\/11.-Subir-2a-planta_GIF-1.gif\" alt=\"\" loading=\"lazy\">\t\t\t\t\t\t\t\t<\/a><br \/>\n<a href=\"https:\/\/bomberosalcala.org\/wp-content\/uploads\/2022\/11\/12.-Subir-2a-planta_GIF-1.gif\" data-elementor-open-lightbox=\"yes\" data-elementor-lightbox-title=\"12.-Subir-2a-planta_GIF-1\" e-action-hash=\"#elementor-action%3Aaction%3Dlightbox%26settings%3DeyJpZCI6OTI2LCJ1cmwiOiJodHRwOlwvXC9ib21iZXJvc2FsY2FsYS5vcmdcL3dwLWNvbnRlbnRcL3VwbG9hZHNcLzIwMjJcLzExXC8xMi4tU3ViaXItMmEtcGxhbnRhX0dJRi0xLmdpZiJ9\"><br \/>\n<img decoding=\"async\" width=\"169\" height=\"300\" src=\"https:\/\/bomberosalcala.org\/wp-content\/uploads\/2022\/11\/12.-Subir-2a-planta_GIF-1.gif\" alt=\"\" loading=\"lazy\">\t\t\t\t\t\t\t\t<\/a><\/p>\n<h2>7\/7. Ascenso de bombero 1 a planta segunda<\/h2>\n<p>7.1 Cambio de cuerda para dejar por fuera el extremo de bombero 1.<\/p>\n<p>7.2 Recuperar&nbsp; cuerda<\/p>\n<p>7.3 Bombero 2 coloca su RIG y recupera cuerda a la vez que Bombero 1 asciende.<\/p>\n<p><a href=\"https:\/\/bomberosalcala.org\/wp-content\/uploads\/2022\/11\/13.-Subir-2a-planta_GIF-1.gif\" data-elementor-open-lightbox=\"yes\" data-elementor-lightbox-title=\"13.-Subir-2a-planta_GIF-1\" e-action-hash=\"#elementor-action%3Aaction%3Dlightbox%26settings%3DeyJpZCI6OTI3LCJ1cmwiOiJodHRwOlwvXC9ib21iZXJvc2FsY2FsYS5vcmdcL3dwLWNvbnRlbnRcL3VwbG9hZHNcLzIwMjJcLzExXC8xMy4tU3ViaXItMmEtcGxhbnRhX0dJRi0xLmdpZiJ9\"><br \/>\n<img decoding=\"async\" width=\"169\" height=\"300\" src=\"https:\/\/bomberosalcala.org\/wp-content\/uploads\/2022\/11\/13.-Subir-2a-planta_GIF-1.gif\" alt=\"\" loading=\"lazy\">\t\t\t\t\t\t\t\t<\/a><br \/>\n<a href=\"https:\/\/bomberosalcala.org\/wp-content\/uploads\/2022\/11\/14.-Subir-2a-planta_CambioBomb_GIF-1.gif\" data-elementor-open-lightbox=\"yes\" data-elementor-lightbox-title=\"14.-Subir-2a-planta_CambioBomb_GIF-1\" e-action-hash=\"#elementor-action%3Aaction%3Dlightbox%26settings%3DeyJpZCI6OTI4LCJ1cmwiOiJodHRwOlwvXC9ib21iZXJvc2FsY2FsYS5vcmdcL3dwLWNvbnRlbnRcL3VwbG9hZHNcLzIwMjJcLzExXC8xNC4tU3ViaXItMmEtcGxhbnRhX0NhbWJpb0JvbWJfR0lGLTEuZ2lmIn0%3D\"><br \/>\n<img decoding=\"async\" width=\"169\" height=\"300\" src=\"https:\/\/bomberosalcala.org\/wp-content\/uploads\/2022\/11\/14.-Subir-2a-planta_CambioBomb_GIF-1.gif\" alt=\"\" loading=\"lazy\">\t\t\t\t\t\t\t\t<\/a><br \/>\n<a href=\"https:\/\/bomberosalcala.org\/wp-content\/uploads\/2022\/11\/15.-Subir-2a-planta_CambioBomb_GIF-1.gif\" data-elementor-open-lightbox=\"yes\" data-elementor-lightbox-title=\"15.-Subir-2a-planta_CambioBomb_GIF-1\" e-action-hash=\"#elementor-action%3Aaction%3Dlightbox%26settings%3DeyJpZCI6OTI5LCJ1cmwiOiJodHRwOlwvXC9ib21iZXJvc2FsY2FsYS5vcmdcL3dwLWNvbnRlbnRcL3VwbG9hZHNcLzIwMjJcLzExXC8xNS4tU3ViaXItMmEtcGxhbnRhX0NhbWJpb0JvbWJfR0lGLTEuZ2lmIn0%3D\"><br \/>\n<img decoding=\"async\" width=\"169\" height=\"300\" src=\"https:\/\/bomberosalcala.org\/wp-content\/uploads\/2022\/11\/15.-Subir-2a-planta_CambioBomb_GIF-1.gif\" alt=\"\" loading=\"lazy\">\t\t\t\t\t\t\t\t<\/a><br \/>\n<a href=\"https:\/\/bomberosalcala.org\/wp-content\/uploads\/2022\/11\/16.-Subir-2a-planta_FIN_GIF-1.gif\" data-elementor-open-lightbox=\"yes\" data-elementor-lightbox-title=\"16.-Subir-2a-planta_FIN_GIF-1\" e-action-hash=\"#elementor-action%3Aaction%3Dlightbox%26settings%3DeyJpZCI6OTMwLCJ1cmwiOiJodHRwOlwvXC9ib21iZXJvc2FsY2FsYS5vcmdcL3dwLWNvbnRlbnRcL3VwbG9hZHNcLzIwMjJcLzExXC8xNi4tU3ViaXItMmEtcGxhbnRhX0ZJTl9HSUYtMS5naWYifQ%3D%3D\"><br \/>\n<img decoding=\"async\" width=\"169\" height=\"300\" src=\"https:\/\/bomberosalcala.org\/wp-content\/uploads\/2022\/11\/16.-Subir-2a-planta_FIN_GIF-1.gif\" alt=\"\" loading=\"lazy\">\t\t\t\t\t\t\t\t<\/a><\/p>\n<h2>8. Maniobra completa en video 360<\/h2>\n<p><iframe loading=\"lazy\" title=\"Pr\u00e1ctica Escal\u00edn\" width=\"500\" height=\"281\" src=\"https:\/\/www.youtube.com\/embed\/hZQS5PWuGbA?feature=oembed\" frameborder=\"0\" allow=\"accelerometer; autoplay; clipboard-write; encrypted-media; gyroscope; picture-in-picture; web-share\" referrerpolicy=\"strict-origin-when-cross-origin\" allowfullscreen><\/iframe><\/p>\n","protected":false},"excerpt":{"rendered":"<p>Descargar ficha de la pr\u00e1ctica: DESCARGAR FICHA OBJETIVO Ascenso por fachada de dos bomberos con escal\u00edn de forma segura. NECESARIO PARA LA MANIOBRA: 1 Cuerda semiest\u00e1tica de 20m. 2 Mosquetones EPIS rescate completo(Bagas de anclaje, Descendedor RIG, Arn\u00e9s, mosquetones) ASEGURAMIENTO PARA LA PR\u00c1CTICA: 1 L\u00ednea aux. con cuerda semiest\u00e1tica y dos juegos de ASAP+Absorbica 1\/7.Montaje [&hellip;]<\/p>\n","protected":false},"author":1,"featured_media":0,"parent":0,"menu_order":0,"comment_status":"closed","ping_status":"closed","template":"","meta":{"_monsterinsights_skip_tracking":false,"_monsterinsights_sitenote_active":false,"_monsterinsights_sitenote_note":"","_monsterinsights_sitenote_category":0,"footnotes":""},"class_list":["post-592","page","type-page","status-publish","hentry"],"aioseo_notices":[],"_links":{"self":[{"href":"https:\/\/bomberosalcala.org\/index.php\/wp-json\/wp\/v2\/pages\/592","targetHints":{"allow":["GET"]}}],"collection":[{"href":"https:\/\/bomberosalcala.org\/index.php\/wp-json\/wp\/v2\/pages"}],"about":[{"href":"https:\/\/bomberosalcala.org\/index.php\/wp-json\/wp\/v2\/types\/page"}],"author":[{"embeddable":true,"href":"https:\/\/bomberosalcala.org\/index.php\/wp-json\/wp\/v2\/users\/1"}],"replies":[{"embeddable":true,"href":"https:\/\/bomberosalcala.org\/index.php\/wp-json\/wp\/v2\/comments?post=592"}],"version-history":[{"count":107,"href":"https:\/\/bomberosalcala.org\/index.php\/wp-json\/wp\/v2\/pages\/592\/revisions"}],"predecessor-version":[{"id":1997,"href":"https:\/\/bomberosalcala.org\/index.php\/wp-json\/wp\/v2\/pages\/592\/revisions\/1997"}],"wp:attachment":[{"href":"https:\/\/bomberosalcala.org\/index.php\/wp-json\/wp\/v2\/media?parent=592"}],"curies":[{"name":"wp","href":"https:\/\/api.w.org\/{rel}","templated":true}]}}