{"id":915,"date":"2022-11-08T16:23:57","date_gmt":"2022-11-08T16:23:57","guid":{"rendered":"http:\/\/bomberosalcala.org\/?page_id=915"},"modified":"2023-05-23T06:18:44","modified_gmt":"2023-05-23T06:18:44","slug":"equipos-14-uso-y-manejo-de-escaleras-extensibles","status":"publish","type":"page","link":"https:\/\/bomberosalcala.org\/index.php\/equipos-14-uso-y-manejo-de-escaleras-extensibles\/","title":{"rendered":"EQUIPOS 14. USO Y MANEJO DE ESCALERAS EXTENSIBLES"},"content":{"rendered":"<style>\/*! elementor - v3.8.0 - 30-10-2022 *\/<br \/>\n.elementor-heading-title{padding:0;margin:0;line-height:1}.elementor-widget-heading .elementor-heading-title[class*=elementor-size-]>a{color:inherit;font-size:inherit;line-height:inherit}.elementor-widget-heading .elementor-heading-title.elementor-size-small{font-size:15px}.elementor-widget-heading .elementor-heading-title.elementor-size-medium{font-size:19px}.elementor-widget-heading .elementor-heading-title.elementor-size-large{font-size:29px}.elementor-widget-heading .elementor-heading-title.elementor-size-xl{font-size:39px}.elementor-widget-heading .elementor-heading-title.elementor-size-xxl{font-size:59px}<\/style>\n<h2>Descargar ficha de la pr\u00e1ctica:<\/h2>\n<p><a href=\"https:\/\/bomberosalcala.org\/index.php\/sdm_downloads\/pdf-equipos-14-e\u2026eras-extensibles\/\" role=\"button\"><br \/>\nDESCARGAR FICHA<br \/>\n<\/a><\/p>\n<h3><strong>OBJETIVO&nbsp;<\/strong><\/h3>\n<p>Ascenso asegurado por escalera extensible en pared y columna.<\/p>\n<h3><strong>0. MATERIALES Y SEGURIDAD<\/strong><\/h3>\n<p>NECESARIO PARA LA MANIOBRA:<\/p>\n<ul>\n<li>1 Escalera extensible seg\u00fan UNE-EN 131<\/li>\n<li>1 Cuerda semiest\u00e1tica de 30m<\/li>\n<li>2 Mosquetones&nbsp;<\/li>\n<li>2 cintas de 0.60m<\/li>\n<li>EPIS rescate completo(Bagas de anclaje, Descendedor RIG, Arn\u00e9s, mosquetones)<\/li>\n<\/ul>\n<p>ASEGURAMIENTO PARA LA PR\u00c1CTICA:<\/p>\n<ul>\n<li>1 L\u00ednea aux. con cuerda semiest\u00e1tica de 10 m y 1 juego de ASAP+Absorbica<\/li>\n<li>2 cintas de 1,20m con mosquet\u00f3n<\/li>\n<\/ul>\n<style>\/*! elementor - v3.8.0 - 30-10-2022 *\/<br \/>\n.elementor-widget-image{text-align:center}.elementor-widget-image a{display:inline-block}.elementor-widget-image a img[src$=\".svg\"]{width:48px}.elementor-widget-image img{vertical-align:middle;display:inline-block}<\/style>\n<p>\t\t\t\t\t\t\t\t\t\t\t\t<img decoding=\"async\" width=\"768\" height=\"513\" src=\"https:\/\/bomberosalcala.org\/wp-content\/uploads\/2022\/11\/WhatsApp-Image-2022-11-08-at-17.55.44-768x513.jpeg\" alt=\"\" loading=\"lazy\" srcset=\"https:\/\/bomberosalcala.org\/wp-content\/uploads\/2022\/11\/WhatsApp-Image-2022-11-08-at-17.55.44-768x513.jpeg 768w, https:\/\/bomberosalcala.org\/wp-content\/uploads\/2022\/11\/WhatsApp-Image-2022-11-08-at-17.55.44-300x200.jpeg 300w, https:\/\/bomberosalcala.org\/wp-content\/uploads\/2022\/11\/WhatsApp-Image-2022-11-08-at-17.55.44-1024x684.jpeg 1024w, https:\/\/bomberosalcala.org\/wp-content\/uploads\/2022\/11\/WhatsApp-Image-2022-11-08-at-17.55.44-1536x1025.jpeg 1536w, https:\/\/bomberosalcala.org\/wp-content\/uploads\/2022\/11\/WhatsApp-Image-2022-11-08-at-17.55.44.jpeg 1600w\" sizes=\"auto, (max-width: 768px) 100vw, 768px\"><\/p>\n<h2>1. MONTAJE LINEA DE SEGURIDAD PARA ESCALERA SOBRE PARED.<\/h2>\n<div style=\"width: 640px;\" class=\"wp-video\"><video class=\"wp-video-shortcode\" id=\"video-915-1\" width=\"640\" height=\"360\" preload=\"metadata\" controls=\"controls\"><source type=\"video\/mp4\" src=\"https:\/\/bomberosalcala.org\/wp-content\/uploads\/2022\/11\/WhatsApp-Video-2022-11-08-at-18.08.00.mp4?_=1\" \/><a href=\"https:\/\/bomberosalcala.org\/wp-content\/uploads\/2022\/11\/WhatsApp-Video-2022-11-08-at-18.08.00.mp4\">https:\/\/bomberosalcala.org\/wp-content\/uploads\/2022\/11\/WhatsApp-Video-2022-11-08-at-18.08.00.mp4<\/a><\/video><\/div>\n<p><strong>1.1<\/strong> Alondramiento de cinta 0,60m abarcando larguero y travesa\u00f1o.<\/p>\n<div style=\"width: 640px;\" class=\"wp-video\"><video class=\"wp-video-shortcode\" id=\"video-915-2\" width=\"640\" height=\"360\" preload=\"metadata\" controls=\"controls\"><source type=\"video\/mp4\" src=\"https:\/\/bomberosalcala.org\/wp-content\/uploads\/2022\/11\/WhatsApp-Video-2022-11-08-at-18.09.44.mp4?_=2\" \/><a href=\"https:\/\/bomberosalcala.org\/wp-content\/uploads\/2022\/11\/WhatsApp-Video-2022-11-08-at-18.09.44.mp4\">https:\/\/bomberosalcala.org\/wp-content\/uploads\/2022\/11\/WhatsApp-Video-2022-11-08-at-18.09.44.mp4<\/a><\/video><\/div>\n<p><strong>1.2<\/strong> Alondramiento de la otra cinta en el lado contrario ya que la linea debe ir cogida desde dos puntos.<\/p>\n<div style=\"width: 640px;\" class=\"wp-video\"><video class=\"wp-video-shortcode\" id=\"video-915-3\" width=\"640\" height=\"360\" preload=\"metadata\" controls=\"controls\"><source type=\"video\/mp4\" src=\"https:\/\/bomberosalcala.org\/wp-content\/uploads\/2022\/11\/WhatsApp-Video-2022-11-08-at-18.10.23.mp4?_=3\" \/><a href=\"https:\/\/bomberosalcala.org\/wp-content\/uploads\/2022\/11\/WhatsApp-Video-2022-11-08-at-18.10.23.mp4\">https:\/\/bomberosalcala.org\/wp-content\/uploads\/2022\/11\/WhatsApp-Video-2022-11-08-at-18.10.23.mp4<\/a><\/video><\/div>\n<p><strong>1.3<\/strong> Hacemos nudo de 8 en uno de los extremos de la cuerda de 10 m.<\/p>\n<p>\u00a1IMPORTANTE! La normativa nos indica que la linea de vida debe ser con terminal cosido.<\/p>\n<h2>2. MONTAJE DEL ASEGURAMIENTO POR VIENTOS.<\/h2>\n<div style=\"width: 640px;\" class=\"wp-video\"><video class=\"wp-video-shortcode\" id=\"video-915-4\" width=\"640\" height=\"360\" preload=\"metadata\" controls=\"controls\"><source type=\"video\/mp4\" src=\"https:\/\/bomberosalcala.org\/wp-content\/uploads\/2022\/11\/WhatsApp-Video-2022-11-08-at-18.37.20.mp4?_=4\" \/><a href=\"https:\/\/bomberosalcala.org\/wp-content\/uploads\/2022\/11\/WhatsApp-Video-2022-11-08-at-18.37.20.mp4\">https:\/\/bomberosalcala.org\/wp-content\/uploads\/2022\/11\/WhatsApp-Video-2022-11-08-at-18.37.20.mp4<\/a><\/video><\/div>\n<p><strong>2.1<\/strong> Alondramos las cintas de 0,60m para la colocaci\u00f3n de los vientos.<\/p>\n<div style=\"width: 640px;\" class=\"wp-video\"><video class=\"wp-video-shortcode\" id=\"video-915-5\" width=\"640\" height=\"360\" preload=\"metadata\" controls=\"controls\"><source type=\"video\/mp4\" src=\"https:\/\/bomberosalcala.org\/wp-content\/uploads\/2022\/11\/WhatsApp-Video-2022-11-08-at-18.39.48.mp4?_=5\" \/><a href=\"https:\/\/bomberosalcala.org\/wp-content\/uploads\/2022\/11\/WhatsApp-Video-2022-11-08-at-18.39.48.mp4\">https:\/\/bomberosalcala.org\/wp-content\/uploads\/2022\/11\/WhatsApp-Video-2022-11-08-at-18.39.48.mp4<\/a><\/video><\/div>\n<p><strong>2.2<\/strong> Realizamos nudo ballestrinque a ambos lados para el aseguramiento.<\/p>\n<h2>3. ASCENSO Y POSICIONAMIENTO DE ESCALERA EN PARED<\/h2>\n<p><img decoding=\"async\" width=\"1536\" height=\"1536\" src=\"https:\/\/bomberosalcala.org\/wp-content\/uploads\/2022\/11\/WhatsApp-Image-2022-11-08-at-19.04.56-1536x1536.jpeg\" alt=\"\" loading=\"lazy\" srcset=\"https:\/\/bomberosalcala.org\/wp-content\/uploads\/2022\/11\/WhatsApp-Image-2022-11-08-at-19.04.56-1536x1536.jpeg 1536w, https:\/\/bomberosalcala.org\/wp-content\/uploads\/2022\/11\/WhatsApp-Image-2022-11-08-at-19.04.56-300x300.jpeg 300w, https:\/\/bomberosalcala.org\/wp-content\/uploads\/2022\/11\/WhatsApp-Image-2022-11-08-at-19.04.56-1024x1024.jpeg 1024w, https:\/\/bomberosalcala.org\/wp-content\/uploads\/2022\/11\/WhatsApp-Image-2022-11-08-at-19.04.56-150x150.jpeg 150w, https:\/\/bomberosalcala.org\/wp-content\/uploads\/2022\/11\/WhatsApp-Image-2022-11-08-at-19.04.56-768x768.jpeg 768w, https:\/\/bomberosalcala.org\/wp-content\/uploads\/2022\/11\/WhatsApp-Image-2022-11-08-at-19.04.56.jpeg 2048w\" sizes=\"auto, (max-width: 1536px) 100vw, 1536px\"><br \/>\n<div style=\"width: 640px;\" class=\"wp-video\"><video class=\"wp-video-shortcode\" id=\"video-915-6\" width=\"640\" height=\"360\" preload=\"metadata\" controls=\"controls\"><source type=\"video\/mp4\" src=\"https:\/\/bomberosalcala.org\/wp-content\/uploads\/2022\/11\/WhatsApp-Video-2022-11-08-at-19.11.48.mp4?_=6\" \/><a href=\"https:\/\/bomberosalcala.org\/wp-content\/uploads\/2022\/11\/WhatsApp-Video-2022-11-08-at-19.11.48.mp4\">https:\/\/bomberosalcala.org\/wp-content\/uploads\/2022\/11\/WhatsApp-Video-2022-11-08-at-19.11.48.mp4<\/a><\/video><\/div><\/p>\n<p><b>IMPORTANTE: <\/b>PIVOTAR LA ESCALERA. De manera que quede el tramo estrecho pr el exterior.<\/p>\n<p><img decoding=\"async\" width=\"595\" height=\"1024\" src=\"https:\/\/bomberosalcala.org\/wp-content\/uploads\/2022\/11\/WhatsApp-Image-2022-11-08-at-19.14.10-595x1024.jpeg\" alt=\"\" loading=\"lazy\" srcset=\"https:\/\/bomberosalcala.org\/wp-content\/uploads\/2022\/11\/WhatsApp-Image-2022-11-08-at-19.14.10-595x1024.jpeg 595w, https:\/\/bomberosalcala.org\/wp-content\/uploads\/2022\/11\/WhatsApp-Image-2022-11-08-at-19.14.10-174x300.jpeg 174w, https:\/\/bomberosalcala.org\/wp-content\/uploads\/2022\/11\/WhatsApp-Image-2022-11-08-at-19.14.10-768x1321.jpeg 768w, https:\/\/bomberosalcala.org\/wp-content\/uploads\/2022\/11\/WhatsApp-Image-2022-11-08-at-19.14.10-893x1536.jpeg 893w, https:\/\/bomberosalcala.org\/wp-content\/uploads\/2022\/11\/WhatsApp-Image-2022-11-08-at-19.14.10.jpeg 930w\" sizes=\"auto, (max-width: 595px) 100vw, 595px\"><\/p>\n<p><strong>3.1<\/strong> Mientras Bombero 1 pisa la escalera por uno de los extremos para evitar su desplazamiento, Bombero 2 se encarga del ascenso de la misma y la coloca con una inclinaci\u00f3n de 75\u00ba.<\/p>\n<h2>4. ASCENSO ASEGURADO POR ESCALERA CON SIMULACI\u00d3N DE CAIDA.<\/h2>\n<div style=\"width: 640px;\" class=\"wp-video\"><video class=\"wp-video-shortcode\" id=\"video-915-7\" width=\"640\" height=\"360\" preload=\"metadata\" controls=\"controls\"><source type=\"video\/mp4\" src=\"https:\/\/bomberosalcala.org\/wp-content\/uploads\/2022\/11\/WhatsApp-Video-2022-11-08-at-19.24.49.mp4?_=7\" \/><a href=\"https:\/\/bomberosalcala.org\/wp-content\/uploads\/2022\/11\/WhatsApp-Video-2022-11-08-at-19.24.49.mp4\">https:\/\/bomberosalcala.org\/wp-content\/uploads\/2022\/11\/WhatsApp-Video-2022-11-08-at-19.24.49.mp4<\/a><\/video><\/div>\n<p><strong>4.1<\/strong> Colocamos el asap en la linea de vida.<\/p>\n<div style=\"width: 640px;\" class=\"wp-video\"><video class=\"wp-video-shortcode\" id=\"video-915-8\" width=\"640\" height=\"360\" preload=\"metadata\" controls=\"controls\"><source type=\"video\/mp4\" src=\"https:\/\/bomberosalcala.org\/wp-content\/uploads\/2022\/11\/WhatsApp-Video-2022-11-08-at-19.27.01.mp4?_=8\" \/><a href=\"https:\/\/bomberosalcala.org\/wp-content\/uploads\/2022\/11\/WhatsApp-Video-2022-11-08-at-19.27.01.mp4\">https:\/\/bomberosalcala.org\/wp-content\/uploads\/2022\/11\/WhatsApp-Video-2022-11-08-at-19.27.01.mp4<\/a><\/video><\/div>\n<p><strong>4.2<\/strong> Simulaci\u00f3n de caida.<\/p>\n<h2>5. ASEGURAMIENTO DE ESCALERA SOBRE COLUMNA\/ \u00c1RBOL.<\/h2>\n<p><img decoding=\"async\" width=\"1024\" height=\"1024\" src=\"https:\/\/bomberosalcala.org\/wp-content\/uploads\/2022\/11\/WhatsApp-Image-2022-11-08-at-20.01.18-1024x1024.jpeg\" alt=\"\" loading=\"lazy\" srcset=\"https:\/\/bomberosalcala.org\/wp-content\/uploads\/2022\/11\/WhatsApp-Image-2022-11-08-at-20.01.18-1024x1024.jpeg 1024w, https:\/\/bomberosalcala.org\/wp-content\/uploads\/2022\/11\/WhatsApp-Image-2022-11-08-at-20.01.18-300x300.jpeg 300w, https:\/\/bomberosalcala.org\/wp-content\/uploads\/2022\/11\/WhatsApp-Image-2022-11-08-at-20.01.18-150x150.jpeg 150w, https:\/\/bomberosalcala.org\/wp-content\/uploads\/2022\/11\/WhatsApp-Image-2022-11-08-at-20.01.18-768x768.jpeg 768w, https:\/\/bomberosalcala.org\/wp-content\/uploads\/2022\/11\/WhatsApp-Image-2022-11-08-at-20.01.18-1536x1536.jpeg 1536w, https:\/\/bomberosalcala.org\/wp-content\/uploads\/2022\/11\/WhatsApp-Image-2022-11-08-at-20.01.18.jpeg 2048w\" sizes=\"auto, (max-width: 1024px) 100vw, 1024px\"><\/p>\n<p><strong>5.1<\/strong> Aprovechando la linea de vida realizada anteriormente hacemos el posicionamiento en columna, pero esta vez con la parte superior de la escalera enfrentada a ella.<\/p>\n<div style=\"width: 640px;\" class=\"wp-video\"><video class=\"wp-video-shortcode\" id=\"video-915-9\" width=\"640\" height=\"360\" preload=\"metadata\" controls=\"controls\"><source type=\"video\/mp4\" src=\"https:\/\/bomberosalcala.org\/wp-content\/uploads\/2022\/11\/WhatsApp-Video-2022-11-08-at-20.02.02.mp4?_=9\" \/><a href=\"https:\/\/bomberosalcala.org\/wp-content\/uploads\/2022\/11\/WhatsApp-Video-2022-11-08-at-20.02.02.mp4\">https:\/\/bomberosalcala.org\/wp-content\/uploads\/2022\/11\/WhatsApp-Video-2022-11-08-at-20.02.02.mp4<\/a><\/video><\/div>\n<p><strong>5.2<\/strong> Pasamos la cuerda por el pen\u00faltimo pelda\u00f1o bordeando la columna.<\/p>\n<h2>6. ASCENSO Y POSICIONAMIENTO DE LA ESCALERA EN COLUMNA<\/h2>\n<div style=\"width: 640px;\" class=\"wp-video\"><video class=\"wp-video-shortcode\" id=\"video-915-10\" width=\"640\" height=\"360\" preload=\"metadata\" controls=\"controls\"><source type=\"video\/mp4\" src=\"https:\/\/bomberosalcala.org\/wp-content\/uploads\/2022\/11\/WhatsApp-Video-2022-11-08-at-20.15.02.mp4?_=10\" \/><a href=\"https:\/\/bomberosalcala.org\/wp-content\/uploads\/2022\/11\/WhatsApp-Video-2022-11-08-at-20.15.02.mp4\">https:\/\/bomberosalcala.org\/wp-content\/uploads\/2022\/11\/WhatsApp-Video-2022-11-08-at-20.15.02.mp4<\/a><\/video><\/div>\n<p><strong>6.1<\/strong> Bombero 1 y Bombero 2 suben la escalera aprovech\u00e1ndose de la columna.<\/p>\n<div style=\"width: 640px;\" class=\"wp-video\"><video class=\"wp-video-shortcode\" id=\"video-915-11\" width=\"640\" height=\"360\" preload=\"metadata\" controls=\"controls\"><source type=\"video\/mp4\" src=\"https:\/\/bomberosalcala.org\/wp-content\/uploads\/2022\/11\/WhatsApp-Video-2022-11-08-at-20.16.59.mp4?_=11\" \/><a href=\"https:\/\/bomberosalcala.org\/wp-content\/uploads\/2022\/11\/WhatsApp-Video-2022-11-08-at-20.16.59.mp4\">https:\/\/bomberosalcala.org\/wp-content\/uploads\/2022\/11\/WhatsApp-Video-2022-11-08-at-20.16.59.mp4<\/a><\/video><\/div>\n<p><strong>6.2<\/strong> Una vez la escalera est\u00e9 colocada volvemos a introducir la cuerda pas\u00e1ndola por el pen\u00faltimo pelda\u00f1o y bordeando de nuevo la columna por ambos lados.<\/p>\n<div style=\"width: 640px;\" class=\"wp-video\"><video class=\"wp-video-shortcode\" id=\"video-915-12\" width=\"640\" height=\"360\" preload=\"metadata\" controls=\"controls\"><source type=\"video\/mp4\" src=\"https:\/\/bomberosalcala.org\/wp-content\/uploads\/2022\/11\/WhatsApp-Video-2022-11-08-at-20.17.20.mp4?_=12\" \/><a href=\"https:\/\/bomberosalcala.org\/wp-content\/uploads\/2022\/11\/WhatsApp-Video-2022-11-08-at-20.17.20.mp4\">https:\/\/bomberosalcala.org\/wp-content\/uploads\/2022\/11\/WhatsApp-Video-2022-11-08-at-20.17.20.mp4<\/a><\/video><\/div>\n<p><strong>6.3<\/strong> Bordeamos la columna tantas veces como se quiera para tensar la escalera con nudo simple, cola de vaca o similar.<\/p>\n<h2>7. PRUEBA FINAL DE ESCALERA Y DESCENSO.<\/h2>\n<div style=\"width: 640px;\" class=\"wp-video\"><video class=\"wp-video-shortcode\" id=\"video-915-13\" width=\"640\" height=\"360\" preload=\"metadata\" controls=\"controls\"><source type=\"video\/mp4\" src=\"https:\/\/bomberosalcala.org\/wp-content\/uploads\/2022\/11\/WhatsApp-Video-2022-11-08-at-20.26.57.mp4?_=13\" \/><a href=\"https:\/\/bomberosalcala.org\/wp-content\/uploads\/2022\/11\/WhatsApp-Video-2022-11-08-at-20.26.57.mp4\">https:\/\/bomberosalcala.org\/wp-content\/uploads\/2022\/11\/WhatsApp-Video-2022-11-08-at-20.26.57.mp4<\/a><\/video><\/div>\n<p><strong>7.1<\/strong> Prueba del tensado de la escalera tirando de su parte inferior para generar la tensi\u00f3n en la cuerda.<\/p>\n<div style=\"width: 640px;\" class=\"wp-video\"><video class=\"wp-video-shortcode\" id=\"video-915-14\" width=\"640\" height=\"360\" preload=\"metadata\" controls=\"controls\"><source type=\"video\/mp4\" src=\"https:\/\/bomberosalcala.org\/wp-content\/uploads\/2022\/11\/WhatsApp-Video-2022-11-08-at-20.27.27.mp4?_=14\" \/><a href=\"https:\/\/bomberosalcala.org\/wp-content\/uploads\/2022\/11\/WhatsApp-Video-2022-11-08-at-20.27.27.mp4\">https:\/\/bomberosalcala.org\/wp-content\/uploads\/2022\/11\/WhatsApp-Video-2022-11-08-at-20.27.27.mp4<\/a><\/video><\/div>\n<p><strong>7.2<\/strong>&nbsp;Descenso de la escalera apoy\u00e1ndose en la columna.<\/p>\n<h2 style=\"font-weight: bold; font-size: 30px;\" data-elementor-setting-key=\"title\" data-pen-placeholder=\"Teclea aqu\u00ed...\">8. VARIANTE CON ESCALERA DE M7<\/h2>\n<p><img decoding=\"async\" width=\"576\" height=\"1024\" src=\"https:\/\/bomberosalcala.org\/wp-content\/uploads\/2023\/04\/WhatsApp-Image-2023-04-14-at-11.54.27-576x1024.jpeg\" alt=\"\" loading=\"lazy\" srcset=\"https:\/\/bomberosalcala.org\/wp-content\/uploads\/2023\/04\/WhatsApp-Image-2023-04-14-at-11.54.27-576x1024.jpeg 576w, https:\/\/bomberosalcala.org\/wp-content\/uploads\/2023\/04\/WhatsApp-Image-2023-04-14-at-11.54.27-169x300.jpeg 169w, https:\/\/bomberosalcala.org\/wp-content\/uploads\/2023\/04\/WhatsApp-Image-2023-04-14-at-11.54.27.jpeg 720w\" sizes=\"auto, (max-width: 576px) 100vw, 576px\"><br \/>\n<div style=\"width: 640px;\" class=\"wp-video\"><video class=\"wp-video-shortcode\" id=\"video-915-15\" width=\"640\" height=\"360\" preload=\"metadata\" controls=\"controls\"><source type=\"video\/mp4\" src=\"https:\/\/bomberosalcala.org\/wp-content\/uploads\/2023\/04\/WhatsApp-Video-2023-04-14-at-11.56.10.mp4https:\/\/bomberosalcala.org\/wp-content\/uploads\/2023\/04\/WhatsApp-Video-2023-04-14-at-11.56.13.mp4?_=15\" \/><a href=\"https:\/\/bomberosalcala.org\/wp-content\/uploads\/2023\/04\/WhatsApp-Video-2023-04-14-at-11.56.10.mp4https:\/\/bomberosalcala.org\/wp-content\/uploads\/2023\/04\/WhatsApp-Video-2023-04-14-at-11.56.13.mp4\">https:\/\/bomberosalcala.org\/wp-content\/uploads\/2023\/04\/WhatsApp-Video-2023-04-14-at-11.56.10.mp4https:\/\/bomberosalcala.org\/wp-content\/uploads\/2023\/04\/WhatsApp-Video-2023-04-14-at-11.56.13.mp4<\/a><\/video><\/div><\/p>\n<p><b>NOTA MANIOBRA HIZADO Y BAJADA:<\/b><\/p>\n<p><b>Para subir: <\/b>S\u00f3lo debe pasar la pesta\u00f1a roja el pelda\u00f1o deseado<\/p>\n<p><b>Para Bajar: <\/b>Dejar pasar la pesta\u00f1a negra cualquier pelda\u00f1o<\/p>\n<div style=\"width: 640px;\" class=\"wp-video\"><video class=\"wp-video-shortcode\" id=\"video-915-16\" width=\"640\" height=\"360\" preload=\"metadata\" controls=\"controls\"><source type=\"video\/mp4\" src=\"https:\/\/bomberosalcala.org\/wp-content\/uploads\/2023\/04\/WhatsApp-Video-2023-04-14-at-11.55.39-1.mp4?_=16\" \/><a href=\"https:\/\/bomberosalcala.org\/wp-content\/uploads\/2023\/04\/WhatsApp-Video-2023-04-14-at-11.55.39-1.mp4\">https:\/\/bomberosalcala.org\/wp-content\/uploads\/2023\/04\/WhatsApp-Video-2023-04-14-at-11.55.39-1.mp4<\/a><\/video><\/div>\n","protected":false},"excerpt":{"rendered":"<p>Descargar ficha de la pr\u00e1ctica: DESCARGAR FICHA OBJETIVO&nbsp; Ascenso asegurado por escalera extensible en pared y columna. 0. MATERIALES Y SEGURIDAD NECESARIO PARA LA MANIOBRA: 1 Escalera extensible seg\u00fan UNE-EN 131 1 Cuerda semiest\u00e1tica de 30m 2 Mosquetones&nbsp; 2 cintas de 0.60m EPIS rescate completo(Bagas de anclaje, Descendedor RIG, Arn\u00e9s, mosquetones) ASEGURAMIENTO PARA LA PR\u00c1CTICA: [&hellip;]<\/p>\n","protected":false},"author":1,"featured_media":0,"parent":0,"menu_order":0,"comment_status":"closed","ping_status":"closed","template":"","meta":{"_monsterinsights_skip_tracking":false,"_monsterinsights_sitenote_active":false,"_monsterinsights_sitenote_note":"","_monsterinsights_sitenote_category":0,"footnotes":""},"class_list":["post-915","page","type-page","status-publish","hentry"],"aioseo_notices":[],"_links":{"self":[{"href":"https:\/\/bomberosalcala.org\/index.php\/wp-json\/wp\/v2\/pages\/915","targetHints":{"allow":["GET"]}}],"collection":[{"href":"https:\/\/bomberosalcala.org\/index.php\/wp-json\/wp\/v2\/pages"}],"about":[{"href":"https:\/\/bomberosalcala.org\/index.php\/wp-json\/wp\/v2\/types\/page"}],"author":[{"embeddable":true,"href":"https:\/\/bomberosalcala.org\/index.php\/wp-json\/wp\/v2\/users\/1"}],"replies":[{"embeddable":true,"href":"https:\/\/bomberosalcala.org\/index.php\/wp-json\/wp\/v2\/comments?post=915"}],"version-history":[{"count":99,"href":"https:\/\/bomberosalcala.org\/index.php\/wp-json\/wp\/v2\/pages\/915\/revisions"}],"predecessor-version":[{"id":2189,"href":"https:\/\/bomberosalcala.org\/index.php\/wp-json\/wp\/v2\/pages\/915\/revisions\/2189"}],"wp:attachment":[{"href":"https:\/\/bomberosalcala.org\/index.php\/wp-json\/wp\/v2\/media?parent=915"}],"curies":[{"name":"wp","href":"https:\/\/api.w.org\/{rel}","templated":true}]}}